{"id":34492,"date":"2022-05-23T12:16:46","date_gmt":"2022-05-23T10:16:46","guid":{"rendered":"https:\/\/sublime-clinic.ch\/kontakt\/"},"modified":"2026-02-05T09:30:30","modified_gmt":"2026-02-05T08:30:30","slug":"kontakt","status":"publish","type":"page","link":"https:\/\/sublime-clinic.ch\/de\/kontakt\/","title":{"rendered":"Kontakt"},"content":{"rendered":"\t\t<div data-elementor-type=\"wp-page\" data-elementor-id=\"34492\" class=\"elementor elementor-34492 elementor-28882\" data-elementor-post-type=\"page\">\n\t\t\t\t\t\t<section class=\"elementor-section elementor-top-section elementor-element elementor-element-597f5a8 elementor-section-full_width elementor-section-height-min-height elementor-section-items-stretch elementor-section-height-default\" data-id=\"597f5a8\" data-element_type=\"section\" data-e-type=\"section\">\n\t\t\t\t\t\t<div class=\"elementor-container elementor-column-gap-no\">\n\t\t\t\t\t<div class=\"elementor-column elementor-col-100 elementor-top-column elementor-element elementor-element-ebc8844\" data-id=\"ebc8844\" data-element_type=\"column\" data-e-type=\"column\">\n\t\t\t<div class=\"elementor-widget-wrap elementor-element-populated\">\n\t\t\t\t\t\t<div class=\"elementor-element elementor-element-7d5c1b2 elementor-widget elementor-widget-google_maps\" data-id=\"7d5c1b2\" data-element_type=\"widget\" data-e-type=\"widget\" data-widget_type=\"google_maps.default\">\n\t\t\t\t<div class=\"elementor-widget-container\">\n\t\t\t\t\t\t\t<div class=\"elementor-custom-embed\">\n\t\t\t<iframe loading=\"lazy\"\n\t\t\t\t\tsrc=\"https:\/\/maps.google.com\/maps?q=Av.%20G%C3%A9n%C3%A9ral-Guisan%2013%2C%201009%20Pully%2C%20Switzerland&#038;t=m&#038;z=10&#038;output=embed&#038;iwloc=near\"\n\t\t\t\t\ttitle=\"Av. G\u00e9n\u00e9ral-Guisan 13, 1009 Pully, Switzerland\"\n\t\t\t\t\taria-label=\"Av. G\u00e9n\u00e9ral-Guisan 13, 1009 Pully, Switzerland\"\n\t\t\t><\/iframe>\n\t\t<\/div>\n\t\t\t\t\t\t<\/div>\n\t\t\t\t<\/div>\n\t\t\t\t\t<\/div>\n\t\t<\/div>\n\t\t\t\t\t<\/div>\n\t\t<\/section>\n\t\t\t\t<section class=\"elementor-section elementor-top-section elementor-element elementor-element-1c704a5 elementor-section-content-middle elementor-section-boxed elementor-section-height-default elementor-section-height-default\" data-id=\"1c704a5\" data-element_type=\"section\" data-e-type=\"section\" data-settings=\"{&quot;background_background&quot;:&quot;classic&quot;}\">\n\t\t\t\t\t\t\t<div class=\"elementor-background-overlay\"><\/div>\n\t\t\t\t\t\t\t<div class=\"elementor-container elementor-column-gap-default\">\n\t\t\t\t\t<div class=\"elementor-column elementor-col-50 elementor-top-column elementor-element elementor-element-407991c\" data-id=\"407991c\" data-element_type=\"column\" data-e-type=\"column\" data-settings=\"{&quot;background_background&quot;:&quot;classic&quot;}\">\n\t\t\t<div class=\"elementor-widget-wrap elementor-element-populated\">\n\t\t\t\t\t\t<div class=\"elementor-element elementor-element-edbbd36 elementor-widget elementor-widget-heading\" data-id=\"edbbd36\" data-element_type=\"widget\" data-e-type=\"widget\" data-widget_type=\"heading.default\">\n\t\t\t\t<div class=\"elementor-widget-container\">\n\t\t\t\t\t<span class=\"elementor-heading-title elementor-size-default\">Kontakt<\/span>\t\t\t\t<\/div>\n\t\t\t\t<\/div>\n\t\t\t\t<div class=\"elementor-element elementor-element-878d105 elementor-widget elementor-widget-heading\" data-id=\"878d105\" data-element_type=\"widget\" data-e-type=\"widget\" data-widget_type=\"heading.default\">\n\t\t\t\t<div class=\"elementor-widget-container\">\n\t\t\t\t\t<h2 class=\"elementor-heading-title elementor-size-default\">Kontaktieren Sie uns<\/h2>\t\t\t\t<\/div>\n\t\t\t\t<\/div>\n\t\t\t\t<div class=\"elementor-element elementor-element-a759f59 elementor-widget elementor-widget-text-editor\" data-id=\"a759f59\" data-element_type=\"widget\" data-e-type=\"widget\" data-widget_type=\"text-editor.default\">\n\t\t\t\t<div class=\"elementor-widget-container\">\n\t\t\t\t\t\t\t\t\t<p>Tr\u00e4umen Sie davon, sich besser zu f\u00fchlen und die kulturellen Reicht\u00fcmer eines au\u00dfergew\u00f6hnlichen Landes zu genie\u00dfen? Kontaktieren Sie uns und lassen Sie Ihren Traum wahr werden.<\/p>\t\t\t\t\t\t\t\t<\/div>\n\t\t\t\t<\/div>\n\t\t\t\t<div class=\"elementor-element elementor-element-dcf7eff elementor-button-align-stretch elementor-widget elementor-widget-form\" data-id=\"dcf7eff\" data-element_type=\"widget\" data-e-type=\"widget\" data-settings=\"{&quot;step_next_label&quot;:&quot;N\\u00e4chste&quot;,&quot;step_previous_label&quot;:&quot;Vorherige&quot;,&quot;button_width&quot;:&quot;100&quot;,&quot;step_type&quot;:&quot;number_text&quot;,&quot;step_icon_shape&quot;:&quot;circle&quot;}\" data-widget_type=\"form.default\">\n\t\t\t\t<div class=\"elementor-widget-container\">\n\t\t\t\t\t\t\t<form class=\"elementor-form\" method=\"post\" name=\"Neues Formular\" aria-label=\"Neues Formular\">\n\t\t\t<input type=\"hidden\" name=\"post_id\" value=\"34492\"\/>\n\t\t\t<input type=\"hidden\" name=\"form_id\" value=\"dcf7eff\"\/>\n\t\t\t<input type=\"hidden\" name=\"referer_title\" value=\"Sublime\" \/>\n\n\t\t\t\n\t\t\t<div class=\"elementor-form-fields-wrapper elementor-labels-\">\n\t\t\t\t\t\t\t\t<div class=\"elementor-field-type-text elementor-field-group elementor-column elementor-field-group-name elementor-col-50 elementor-field-required\">\n\t\t\t\t\t\t\t\t\t\t\t\t<label for=\"form-field-name\" class=\"elementor-field-label elementor-screen-only\">\n\t\t\t\t\t\t\t\tNachname\t\t\t\t\t\t\t<\/label>\n\t\t\t\t\t\t\t\t\t\t\t\t\t\t<input size=\"1\" type=\"text\" name=\"form_fields[name]\" id=\"form-field-name\" class=\"elementor-field elementor-size-sm  elementor-field-textual\" placeholder=\"Name *\" required=\"required\">\n\t\t\t\t\t\t\t\t\t\t\t<\/div>\n\t\t\t\t\t\t\t\t<div class=\"elementor-field-type-text elementor-field-group elementor-column elementor-field-group-field_7679ec1 elementor-col-50\">\n\t\t\t\t\t\t\t\t\t\t\t\t<label for=\"form-field-field_7679ec1\" class=\"elementor-field-label elementor-screen-only\">\n\t\t\t\t\t\t\t\tVorname\t\t\t\t\t\t\t<\/label>\n\t\t\t\t\t\t\t\t\t\t\t\t\t\t<input size=\"1\" type=\"text\" name=\"form_fields[field_7679ec1]\" id=\"form-field-field_7679ec1\" class=\"elementor-field elementor-size-sm  elementor-field-textual\" placeholder=\"Vorname\">\n\t\t\t\t\t\t\t\t\t\t\t<\/div>\n\t\t\t\t\t\t\t\t<div class=\"elementor-field-type-tel elementor-field-group elementor-column elementor-field-group-email elementor-col-50\">\n\t\t\t\t\t\t\t\t\t\t\t\t<label for=\"form-field-email\" class=\"elementor-field-label elementor-screen-only\">\n\t\t\t\t\t\t\t\tTelefon\t\t\t\t\t\t\t<\/label>\n\t\t\t\t\t\t\t\t<input size=\"1\" type=\"tel\" name=\"form_fields[email]\" id=\"form-field-email\" class=\"elementor-field elementor-size-sm  elementor-field-textual\" placeholder=\"Telefon\" pattern=\"[0-9()#&amp;+*-=.]+\" title=\"Nur Nummern oder Telefon-Zeichen (#, -, *, etc) werden akzeptiert.\">\n\n\t\t\t\t\t\t<\/div>\n\t\t\t\t\t\t\t\t<div class=\"elementor-field-type-email elementor-field-group elementor-column elementor-field-group-field_905751a elementor-col-50 elementor-field-required\">\n\t\t\t\t\t\t\t\t\t\t\t\t<label for=\"form-field-field_905751a\" class=\"elementor-field-label elementor-screen-only\">\n\t\t\t\t\t\t\t\tEmail\t\t\t\t\t\t\t<\/label>\n\t\t\t\t\t\t\t\t\t\t\t\t\t\t<input size=\"1\" type=\"email\" name=\"form_fields[field_905751a]\" id=\"form-field-field_905751a\" class=\"elementor-field elementor-size-sm  elementor-field-textual\" placeholder=\"Email *\" required=\"required\">\n\t\t\t\t\t\t\t\t\t\t\t<\/div>\n\t\t\t\t\t\t\t\t<div class=\"elementor-field-type-textarea elementor-field-group elementor-column elementor-field-group-message elementor-col-100\">\n\t\t\t\t\t\t\t\t\t\t\t\t<label for=\"form-field-message\" class=\"elementor-field-label elementor-screen-only\">\n\t\t\t\t\t\t\t\tNachricht\t\t\t\t\t\t\t<\/label>\n\t\t\t\t\t\t<textarea class=\"elementor-field-textual elementor-field  elementor-size-sm\" name=\"form_fields[message]\" id=\"form-field-message\" rows=\"4\" placeholder=\"Nachricht\"><\/textarea>\t\t\t\t<\/div>\n\t\t\t\t\t\t\t\t<div class=\"elementor-field-type-recaptcha_v3 elementor-field-group elementor-column elementor-field-group-field_b06746c elementor-col-100 recaptcha_v3-bottomright\">\n\t\t\t\t\t<div class=\"elementor-field\" id=\"form-field-field_b06746c\"><div class=\"elementor-g-recaptcha\" data-sitekey=\"6Ld65bofAAAAAG3rwzBMLtr0H5srIXj6lzjDn-fw\" data-type=\"v3\" data-action=\"Form\" data-badge=\"bottomright\" data-size=\"invisible\"><\/div><\/div>\t\t\t\t<\/div>\n\t\t\t\t\t\t\t\t<div class=\"elementor-field-type-text\">\n\t\t\t\t\t<input size=\"1\" type=\"text\" name=\"form_fields[field_2b5c2e6]\" id=\"form-field-field_2b5c2e6\" class=\"elementor-field elementor-size-sm \" style=\"display:none !important;\">\t\t\t\t<\/div>\n\t\t\t\t\t\t\t\t<div class=\"elementor-field-group elementor-column elementor-field-type-submit elementor-col-100 e-form__buttons\">\n\t\t\t\t\t<button class=\"elementor-button elementor-size-sm\" type=\"submit\">\n\t\t\t\t\t\t<span class=\"elementor-button-content-wrapper\">\n\t\t\t\t\t\t\t\t\t\t\t\t\t\t\t\t\t\t\t\t\t\t<span class=\"elementor-button-text\">Senden<\/span>\n\t\t\t\t\t\t\t\t\t\t\t\t\t<\/span>\n\t\t\t\t\t<\/button>\n\t\t\t\t<\/div>\n\t\t\t<\/div>\n\t\t<\/form>\n\t\t\t\t\t\t<\/div>\n\t\t\t\t<\/div>\n\t\t\t\t\t<\/div>\n\t\t<\/div>\n\t\t\t\t<div class=\"elementor-column elementor-col-50 elementor-top-column elementor-element elementor-element-85e31b1\" data-id=\"85e31b1\" data-element_type=\"column\" data-e-type=\"column\" data-settings=\"{&quot;background_background&quot;:&quot;classic&quot;}\">\n\t\t\t<div class=\"elementor-widget-wrap elementor-element-populated\">\n\t\t\t\t\t\t<div class=\"elementor-element elementor-element-6e25aea elementor-icon-list--layout-traditional elementor-list-item-link-full_width elementor-widget elementor-widget-icon-list\" data-id=\"6e25aea\" data-element_type=\"widget\" data-e-type=\"widget\" data-widget_type=\"icon-list.default\">\n\t\t\t\t<div class=\"elementor-widget-container\">\n\t\t\t\t\t\t\t<ul class=\"elementor-icon-list-items\">\n\t\t\t\t\t\t\t<li class=\"elementor-icon-list-item\">\n\t\t\t\t\t\t\t\t\t\t\t<a href=\"mailto:info@sublime-clinic.ch%20\">\n\n\t\t\t\t\t\t\t\t\t\t\t\t<span class=\"elementor-icon-list-icon\">\n\t\t\t\t\t\t\t<i aria-hidden=\"true\" class=\"sublime_icon sublime_icon-007-email\"><\/i>\t\t\t\t\t\t<\/span>\n\t\t\t\t\t\t\t\t\t\t<span class=\"elementor-icon-list-text\">info@sublime-clinic.ch <\/span>\n\t\t\t\t\t\t\t\t\t\t\t<\/a>\n\t\t\t\t\t\t\t\t\t<\/li>\n\t\t\t\t\t\t\t\t<li class=\"elementor-icon-list-item\">\n\t\t\t\t\t\t\t\t\t\t\t<a href=\"tel:+41%2076%20774%2096%2087\">\n\n\t\t\t\t\t\t\t\t\t\t\t\t<span class=\"elementor-icon-list-icon\">\n\t\t\t\t\t\t\t<i aria-hidden=\"true\" class=\"sublime_icon sublime_icon-013-phone-call\"><\/i>\t\t\t\t\t\t<\/span>\n\t\t\t\t\t\t\t\t\t\t<span class=\"elementor-icon-list-text\">+41 76 774 96 87<\/span>\n\t\t\t\t\t\t\t\t\t\t\t<\/a>\n\t\t\t\t\t\t\t\t\t<\/li>\n\t\t\t\t\t\t\t\t<li class=\"elementor-icon-list-item\">\n\t\t\t\t\t\t\t\t\t\t\t<a href=\"https:\/\/sublime-clinic.ch\/contact\/\">\n\n\t\t\t\t\t\t\t\t\t\t\t\t<span class=\"elementor-icon-list-icon\">\n\t\t\t\t\t\t\t<i aria-hidden=\"true\" class=\"sublime_icon sublime_icon-002-placeholder\"><\/i>\t\t\t\t\t\t<\/span>\n\t\t\t\t\t\t\t\t\t\t<span class=\"elementor-icon-list-text\">Firmensitz : Av. General Guisan 13 <br> 1009 Pully<\/span>\n\t\t\t\t\t\t\t\t\t\t\t<\/a>\n\t\t\t\t\t\t\t\t\t<\/li>\n\t\t\t\t\t\t<\/ul>\n\t\t\t\t\t\t<\/div>\n\t\t\t\t<\/div>\n\t\t\t\t<div class=\"elementor-element elementor-element-b482130 elementor-position-left elementor-vertical-align-middle elementor-widget elementor-widget-image-box\" data-id=\"b482130\" data-element_type=\"widget\" data-e-type=\"widget\" data-widget_type=\"image-box.default\">\n\t\t\t\t<div class=\"elementor-widget-container\">\n\t\t\t\t\t<div class=\"elementor-image-box-wrapper\"><figure class=\"elementor-image-box-img\"><img decoding=\"async\" src=\"https:\/\/sublime-clinic.ch\/wp-content\/uploads\/elementor\/thumbs\/swiss-flag-pqqvwv4j1hrap9loggpqx0f3i085uvp32p4jjvu78s.png\" title=\"swiss-flag\" alt=\"swiss-flag\" loading=\"lazy\" \/><\/figure><div class=\"elementor-image-box-content\"><div class=\"elementor-image-box-title\">Schweiz<\/div><\/div><\/div>\t\t\t\t<\/div>\n\t\t\t\t<\/div>\n\t\t\t\t\t<\/div>\n\t\t<\/div>\n\t\t\t\t\t<\/div>\n\t\t<\/section>\n\t\t\t\t<section class=\"elementor-section elementor-top-section elementor-element elementor-element-9c9e96c elementor-section-boxed elementor-section-height-default elementor-section-height-default\" data-id=\"9c9e96c\" data-element_type=\"section\" data-e-type=\"section\">\n\t\t\t\t\t\t<div class=\"elementor-container elementor-column-gap-default\">\n\t\t\t\t\t<div class=\"elementor-column elementor-col-100 elementor-top-column elementor-element elementor-element-7b1d0a3\" data-id=\"7b1d0a3\" data-element_type=\"column\" data-e-type=\"column\">\n\t\t\t<div class=\"elementor-widget-wrap\">\n\t\t\t\t\t\t\t<\/div>\n\t\t<\/div>\n\t\t\t\t\t<\/div>\n\t\t<\/section>\n\t\t\t\t<\/div>\n\t\t","protected":false},"excerpt":{"rendered":"<p>Kontakt Kontaktieren Sie uns Tr\u00e4umen Sie davon, sich besser zu f\u00fchlen und die kulturellen Reicht\u00fcmer eines au\u00dfergew\u00f6hnlichen Landes zu genie\u00dfen? Kontaktieren Sie uns und lassen Sie Ihren Traum wahr werden. info@sublime-clinic.ch +41 76 774 96 87 Firmensitz : Av. General Guisan 13 1009 Pully Schweiz<\/p>\n","protected":false},"author":1,"featured_media":0,"parent":0,"menu_order":0,"comment_status":"closed","ping_status":"closed","template":"","meta":{"footnotes":""},"class_list":["post-34492","page","type-page","status-publish","hentry"],"yoast_head":"<!-- This site is optimized with the Yoast SEO plugin v27.3 - https:\/\/yoast.com\/product\/yoast-seo-wordpress\/ -->\n<title>Kontakt - Sublime<\/title>\n<meta name=\"robots\" content=\"index, follow, max-snippet:-1, max-image-preview:large, max-video-preview:-1\" \/>\n<link rel=\"canonical\" href=\"https:\/\/sublime-clinic.ch\/de\/kontakt\/\" \/>\n<meta property=\"og:locale\" content=\"de_DE\" \/>\n<meta property=\"og:type\" content=\"article\" \/>\n<meta property=\"og:title\" content=\"Kontakt - Sublime\" \/>\n<meta property=\"og:description\" content=\"Kontakt Kontaktieren Sie uns Tr\u00e4umen Sie davon, sich besser zu f\u00fchlen und die kulturellen Reicht\u00fcmer eines au\u00dfergew\u00f6hnlichen Landes zu genie\u00dfen? Kontaktieren Sie uns und lassen Sie Ihren Traum wahr werden. info@sublime-clinic.ch +41 76 774 96 87 Firmensitz : Av. General Guisan 13 1009 Pully Schweiz\" \/>\n<meta property=\"og:url\" content=\"https:\/\/sublime-clinic.ch\/de\/kontakt\/\" \/>\n<meta property=\"og:site_name\" content=\"Sublime\" \/>\n<meta property=\"article:modified_time\" content=\"2026-02-05T08:30:30+00:00\" \/>\n<meta property=\"og:image\" content=\"https:\/\/sublime-clinic.ch\/wp-content\/uploads\/elementor\/thumbs\/swiss-flag-pqqvwv4j1hrap9loggpqx0f3i085uvp32p4jjvu78s.png\" \/>\n<meta name=\"twitter:card\" content=\"summary_large_image\" \/>\n<script type=\"application\/ld+json\" class=\"yoast-schema-graph\">{\"@context\":\"https:\\\/\\\/schema.org\",\"@graph\":[{\"@type\":\"WebPage\",\"@id\":\"https:\\\/\\\/sublime-clinic.ch\\\/de\\\/kontakt\\\/\",\"url\":\"https:\\\/\\\/sublime-clinic.ch\\\/de\\\/kontakt\\\/\",\"name\":\"Kontakt - Sublime\",\"isPartOf\":{\"@id\":\"https:\\\/\\\/sublime-clinic.ch\\\/de\\\/#website\"},\"primaryImageOfPage\":{\"@id\":\"https:\\\/\\\/sublime-clinic.ch\\\/de\\\/kontakt\\\/#primaryimage\"},\"image\":{\"@id\":\"https:\\\/\\\/sublime-clinic.ch\\\/de\\\/kontakt\\\/#primaryimage\"},\"thumbnailUrl\":\"https:\\\/\\\/sublime-clinic.ch\\\/wp-content\\\/uploads\\\/elementor\\\/thumbs\\\/swiss-flag-pqqvwv4j1hrap9loggpqx0f3i085uvp32p4jjvu78s.png\",\"datePublished\":\"2022-05-23T10:16:46+00:00\",\"dateModified\":\"2026-02-05T08:30:30+00:00\",\"breadcrumb\":{\"@id\":\"https:\\\/\\\/sublime-clinic.ch\\\/de\\\/kontakt\\\/#breadcrumb\"},\"inLanguage\":\"de\",\"potentialAction\":[{\"@type\":\"ReadAction\",\"target\":[\"https:\\\/\\\/sublime-clinic.ch\\\/de\\\/kontakt\\\/\"]}]},{\"@type\":\"ImageObject\",\"inLanguage\":\"de\",\"@id\":\"https:\\\/\\\/sublime-clinic.ch\\\/de\\\/kontakt\\\/#primaryimage\",\"url\":\"https:\\\/\\\/sublime-clinic.ch\\\/wp-content\\\/uploads\\\/elementor\\\/thumbs\\\/swiss-flag-pqqvwv4j1hrap9loggpqx0f3i085uvp32p4jjvu78s.png\",\"contentUrl\":\"https:\\\/\\\/sublime-clinic.ch\\\/wp-content\\\/uploads\\\/elementor\\\/thumbs\\\/swiss-flag-pqqvwv4j1hrap9loggpqx0f3i085uvp32p4jjvu78s.png\"},{\"@type\":\"BreadcrumbList\",\"@id\":\"https:\\\/\\\/sublime-clinic.ch\\\/de\\\/kontakt\\\/#breadcrumb\",\"itemListElement\":[{\"@type\":\"ListItem\",\"position\":1,\"name\":\"Home\",\"item\":\"https:\\\/\\\/sublime-clinic.ch\\\/de\\\/startseite\\\/\"},{\"@type\":\"ListItem\",\"position\":2,\"name\":\"Kontakt\"}]},{\"@type\":\"WebSite\",\"@id\":\"https:\\\/\\\/sublime-clinic.ch\\\/de\\\/#website\",\"url\":\"https:\\\/\\\/sublime-clinic.ch\\\/de\\\/\",\"name\":\"Sublime\",\"description\":\"Specialist Clinic\",\"publisher\":{\"@id\":\"https:\\\/\\\/sublime-clinic.ch\\\/de\\\/#organization\"},\"potentialAction\":[{\"@type\":\"SearchAction\",\"target\":{\"@type\":\"EntryPoint\",\"urlTemplate\":\"https:\\\/\\\/sublime-clinic.ch\\\/de\\\/?s={search_term_string}\"},\"query-input\":{\"@type\":\"PropertyValueSpecification\",\"valueRequired\":true,\"valueName\":\"search_term_string\"}}],\"inLanguage\":\"de\"},{\"@type\":\"Organization\",\"@id\":\"https:\\\/\\\/sublime-clinic.ch\\\/de\\\/#organization\",\"name\":\"Sublime Clinic\",\"url\":\"https:\\\/\\\/sublime-clinic.ch\\\/de\\\/\",\"logo\":{\"@type\":\"ImageObject\",\"inLanguage\":\"de\",\"@id\":\"https:\\\/\\\/sublime-clinic.ch\\\/de\\\/#\\\/schema\\\/logo\\\/image\\\/\",\"url\":\"https:\\\/\\\/sublime-clinic.ch\\\/wp-content\\\/uploads\\\/2022\\\/06\\\/logo-sublime-clinic.png\",\"contentUrl\":\"https:\\\/\\\/sublime-clinic.ch\\\/wp-content\\\/uploads\\\/2022\\\/06\\\/logo-sublime-clinic.png\",\"width\":900,\"height\":794,\"caption\":\"Sublime Clinic\"},\"image\":{\"@id\":\"https:\\\/\\\/sublime-clinic.ch\\\/de\\\/#\\\/schema\\\/logo\\\/image\\\/\"}}]}<\/script>\n<!-- \/ Yoast SEO plugin. -->","yoast_head_json":{"title":"Kontakt - Sublime","robots":{"index":"index","follow":"follow","max-snippet":"max-snippet:-1","max-image-preview":"max-image-preview:large","max-video-preview":"max-video-preview:-1"},"canonical":"https:\/\/sublime-clinic.ch\/de\/kontakt\/","og_locale":"de_DE","og_type":"article","og_title":"Kontakt - Sublime","og_description":"Kontakt Kontaktieren Sie uns Tr\u00e4umen Sie davon, sich besser zu f\u00fchlen und die kulturellen Reicht\u00fcmer eines au\u00dfergew\u00f6hnlichen Landes zu genie\u00dfen? Kontaktieren Sie uns und lassen Sie Ihren Traum wahr werden. info@sublime-clinic.ch +41 76 774 96 87 Firmensitz : Av. General Guisan 13 1009 Pully Schweiz","og_url":"https:\/\/sublime-clinic.ch\/de\/kontakt\/","og_site_name":"Sublime","article_modified_time":"2026-02-05T08:30:30+00:00","og_image":[{"url":"https:\/\/sublime-clinic.ch\/wp-content\/uploads\/elementor\/thumbs\/swiss-flag-pqqvwv4j1hrap9loggpqx0f3i085uvp32p4jjvu78s.png","type":"","width":"","height":""}],"twitter_card":"summary_large_image","schema":{"@context":"https:\/\/schema.org","@graph":[{"@type":"WebPage","@id":"https:\/\/sublime-clinic.ch\/de\/kontakt\/","url":"https:\/\/sublime-clinic.ch\/de\/kontakt\/","name":"Kontakt - Sublime","isPartOf":{"@id":"https:\/\/sublime-clinic.ch\/de\/#website"},"primaryImageOfPage":{"@id":"https:\/\/sublime-clinic.ch\/de\/kontakt\/#primaryimage"},"image":{"@id":"https:\/\/sublime-clinic.ch\/de\/kontakt\/#primaryimage"},"thumbnailUrl":"https:\/\/sublime-clinic.ch\/wp-content\/uploads\/elementor\/thumbs\/swiss-flag-pqqvwv4j1hrap9loggpqx0f3i085uvp32p4jjvu78s.png","datePublished":"2022-05-23T10:16:46+00:00","dateModified":"2026-02-05T08:30:30+00:00","breadcrumb":{"@id":"https:\/\/sublime-clinic.ch\/de\/kontakt\/#breadcrumb"},"inLanguage":"de","potentialAction":[{"@type":"ReadAction","target":["https:\/\/sublime-clinic.ch\/de\/kontakt\/"]}]},{"@type":"ImageObject","inLanguage":"de","@id":"https:\/\/sublime-clinic.ch\/de\/kontakt\/#primaryimage","url":"https:\/\/sublime-clinic.ch\/wp-content\/uploads\/elementor\/thumbs\/swiss-flag-pqqvwv4j1hrap9loggpqx0f3i085uvp32p4jjvu78s.png","contentUrl":"https:\/\/sublime-clinic.ch\/wp-content\/uploads\/elementor\/thumbs\/swiss-flag-pqqvwv4j1hrap9loggpqx0f3i085uvp32p4jjvu78s.png"},{"@type":"BreadcrumbList","@id":"https:\/\/sublime-clinic.ch\/de\/kontakt\/#breadcrumb","itemListElement":[{"@type":"ListItem","position":1,"name":"Home","item":"https:\/\/sublime-clinic.ch\/de\/startseite\/"},{"@type":"ListItem","position":2,"name":"Kontakt"}]},{"@type":"WebSite","@id":"https:\/\/sublime-clinic.ch\/de\/#website","url":"https:\/\/sublime-clinic.ch\/de\/","name":"Sublime","description":"Specialist Clinic","publisher":{"@id":"https:\/\/sublime-clinic.ch\/de\/#organization"},"potentialAction":[{"@type":"SearchAction","target":{"@type":"EntryPoint","urlTemplate":"https:\/\/sublime-clinic.ch\/de\/?s={search_term_string}"},"query-input":{"@type":"PropertyValueSpecification","valueRequired":true,"valueName":"search_term_string"}}],"inLanguage":"de"},{"@type":"Organization","@id":"https:\/\/sublime-clinic.ch\/de\/#organization","name":"Sublime Clinic","url":"https:\/\/sublime-clinic.ch\/de\/","logo":{"@type":"ImageObject","inLanguage":"de","@id":"https:\/\/sublime-clinic.ch\/de\/#\/schema\/logo\/image\/","url":"https:\/\/sublime-clinic.ch\/wp-content\/uploads\/2022\/06\/logo-sublime-clinic.png","contentUrl":"https:\/\/sublime-clinic.ch\/wp-content\/uploads\/2022\/06\/logo-sublime-clinic.png","width":900,"height":794,"caption":"Sublime Clinic"},"image":{"@id":"https:\/\/sublime-clinic.ch\/de\/#\/schema\/logo\/image\/"}}]}},"_links":{"self":[{"href":"https:\/\/sublime-clinic.ch\/de\/wp-json\/wp\/v2\/pages\/34492","targetHints":{"allow":["GET"]}}],"collection":[{"href":"https:\/\/sublime-clinic.ch\/de\/wp-json\/wp\/v2\/pages"}],"about":[{"href":"https:\/\/sublime-clinic.ch\/de\/wp-json\/wp\/v2\/types\/page"}],"author":[{"embeddable":true,"href":"https:\/\/sublime-clinic.ch\/de\/wp-json\/wp\/v2\/users\/1"}],"replies":[{"embeddable":true,"href":"https:\/\/sublime-clinic.ch\/de\/wp-json\/wp\/v2\/comments?post=34492"}],"version-history":[{"count":5,"href":"https:\/\/sublime-clinic.ch\/de\/wp-json\/wp\/v2\/pages\/34492\/revisions"}],"predecessor-version":[{"id":44356,"href":"https:\/\/sublime-clinic.ch\/de\/wp-json\/wp\/v2\/pages\/34492\/revisions\/44356"}],"wp:attachment":[{"href":"https:\/\/sublime-clinic.ch\/de\/wp-json\/wp\/v2\/media?parent=34492"}],"curies":[{"name":"wp","href":"https:\/\/api.w.org\/{rel}","templated":true}]}}