{"id":39395,"date":"2023-03-02T13:32:10","date_gmt":"2023-03-02T12:32:10","guid":{"rendered":"https:\/\/sublime-clinic.ch\/surgery-and-intimate-care\/"},"modified":"2023-05-17T07:34:35","modified_gmt":"2023-05-17T05:34:35","slug":"surgery-and-intimate-care","status":"publish","type":"page","link":"https:\/\/sublime-clinic.ch\/de\/surgery-and-intimate-care\/","title":{"rendered":"Surgery and Intimate Care"},"content":{"rendered":"\t\t<div data-elementor-type=\"wp-page\" data-elementor-id=\"39395\" class=\"elementor elementor-39395 elementor-39354\" data-elementor-post-type=\"page\">\n\t\t\t\t\t\t<section class=\"elementor-section elementor-top-section elementor-element elementor-element-07dd052 elementor-section-boxed elementor-section-height-default elementor-section-height-default\" data-id=\"07dd052\" data-element_type=\"section\" data-e-type=\"section\">\n\t\t\t\t\t\t<div class=\"elementor-container elementor-column-gap-default\">\n\t\t\t\t\t<div class=\"elementor-column elementor-col-100 elementor-top-column elementor-element elementor-element-cf46457\" data-id=\"cf46457\" data-element_type=\"column\" data-e-type=\"column\">\n\t\t\t<div class=\"elementor-widget-wrap\">\n\t\t\t\t\t\t\t<\/div>\n\t\t<\/div>\n\t\t\t\t\t<\/div>\n\t\t<\/section>\n\t\t\t\t<section class=\"elementor-section elementor-top-section elementor-element elementor-element-8a5afb2 elementor-section-boxed elementor-section-height-default elementor-section-height-default\" data-id=\"8a5afb2\" data-element_type=\"section\" data-e-type=\"section\">\n\t\t\t\t\t\t<div class=\"elementor-container elementor-column-gap-default\">\n\t\t\t\t\t<div class=\"elementor-column elementor-col-100 elementor-top-column elementor-element elementor-element-3f2675e\" data-id=\"3f2675e\" data-element_type=\"column\" data-e-type=\"column\">\n\t\t\t<div class=\"elementor-widget-wrap\">\n\t\t\t\t\t\t\t<\/div>\n\t\t<\/div>\n\t\t\t\t\t<\/div>\n\t\t<\/section>\n\t\t\t\t<section class=\"elementor-section elementor-top-section elementor-element elementor-element-2f48aec7 elementor-section-stretched elementor-section-boxed elementor-section-height-default elementor-section-height-default\" data-id=\"2f48aec7\" data-element_type=\"section\" data-e-type=\"section\" data-settings=\"{&quot;stretch_section&quot;:&quot;section-stretched&quot;}\">\n\t\t\t\t\t\t<div class=\"elementor-container elementor-column-gap-default\">\n\t\t\t\t\t<div class=\"elementor-column elementor-col-100 elementor-top-column elementor-element elementor-element-4f102526\" data-id=\"4f102526\" data-element_type=\"column\" data-e-type=\"column\">\n\t\t\t<div class=\"elementor-widget-wrap\">\n\t\t\t\t\t\t\t<\/div>\n\t\t<\/div>\n\t\t\t\t\t<\/div>\n\t\t<\/section>\n\t\t\t\t<section class=\"elementor-section elementor-top-section elementor-element elementor-element-2d230f5 elementor-section-height-min-height elementor-section-boxed elementor-section-height-default elementor-section-items-middle\" data-id=\"2d230f5\" data-element_type=\"section\" data-e-type=\"section\" data-settings=\"{&quot;background_background&quot;:&quot;classic&quot;}\">\n\t\t\t\t\t\t\t<div class=\"elementor-background-overlay\"><\/div>\n\t\t\t\t\t\t\t<div class=\"elementor-container elementor-column-gap-default\">\n\t\t\t\t\t<div class=\"elementor-column elementor-col-100 elementor-top-column elementor-element elementor-element-5320afe6\" data-id=\"5320afe6\" data-element_type=\"column\" data-e-type=\"column\">\n\t\t\t<div class=\"elementor-widget-wrap elementor-element-populated\">\n\t\t\t\t\t\t<div class=\"elementor-element elementor-element-71c2411d elementor-widget elementor-widget-heading\" data-id=\"71c2411d\" data-element_type=\"widget\" data-e-type=\"widget\" data-widget_type=\"heading.default\">\n\t\t\t\t<div class=\"elementor-widget-container\">\n\t\t\t\t\t<h2 class=\"elementor-heading-title elementor-size-default\">Facharzt f\u00fcr Urologie und Andrologie<\/h2>\t\t\t\t<\/div>\n\t\t\t\t<\/div>\n\t\t\t\t<div class=\"elementor-element elementor-element-140d46df elementor-widget elementor-widget-text-editor\" data-id=\"140d46df\" data-element_type=\"widget\" data-e-type=\"widget\" data-widget_type=\"text-editor.default\">\n\t\t\t\t<div class=\"elementor-widget-container\">\n\t\t\t\t\t\t\t\t\t<p>Die Sublime Clinic war f\u00fchrend bei der Bereitstellung einer hervorragenden Unterst\u00fctzung f\u00fcr verschiedene Arten fortschrittlicher chirurgischer und nicht-chirurgischer Behandlungen und bietet Ihnen jetzt fortschrittliche, bequeme und erschwingliche Unterst\u00fctzung f\u00fcr die Behandlung durch Spezialisten f\u00fcr Urologie und Andrologie.<\/p><p>Wir decken eine ganze Reihe von sexuellen Gesundheitsproblemen und Harnproblemen von M\u00e4nnern und Frauen ab, die von erfahrenen und erfahrenen Andrologen und Urologen mit den besten medizinischen Verfahren diagnostiziert und behandelt werden.<\/p>\t\t\t\t\t\t\t\t<\/div>\n\t\t\t\t<\/div>\n\t\t\t\t<div class=\"elementor-element elementor-element-413e7759 elementor-widget__width-auto elementor-widget elementor-widget-button\" data-id=\"413e7759\" data-element_type=\"widget\" data-e-type=\"widget\" data-widget_type=\"button.default\">\n\t\t\t\t<div class=\"elementor-widget-container\">\n\t\t\t\t\t\t\t\t\t<div class=\"elementor-button-wrapper\">\n\t\t\t\t\t<a class=\"elementor-button elementor-button-link elementor-size-sm\" href=\"#elementor-action%3Aaction%3Dpopup%3Aopen%26settings%3DeyJpZCI6MzUyOTcsInRvZ2dsZSI6ZmFsc2V9\">\n\t\t\t\t\t\t<span class=\"elementor-button-content-wrapper\">\n\t\t\t\t\t\t\t\t\t<span class=\"elementor-button-text\">Kontakt<\/span>\n\t\t\t\t\t<\/span>\n\t\t\t\t\t<\/a>\n\t\t\t\t<\/div>\n\t\t\t\t\t\t\t\t<\/div>\n\t\t\t\t<\/div>\n\t\t\t\t<div class=\"elementor-element elementor-element-5774da68 animated-slow elementor-align-center elementor-invisible elementor-widget elementor-widget-lottie\" data-id=\"5774da68\" data-element_type=\"widget\" data-e-type=\"widget\" data-settings=\"{&quot;source&quot;:&quot;external_url&quot;,&quot;source_external_url&quot;:{&quot;url&quot;:&quot;https:\\\/\\\/assets9.lottiefiles.com\\\/private_files\\\/lf30_ul7SjW.json&quot;,&quot;is_external&quot;:&quot;&quot;,&quot;nofollow&quot;:&quot;&quot;,&quot;custom_attributes&quot;:&quot;&quot;},&quot;link_to&quot;:&quot;custom&quot;,&quot;loop&quot;:&quot;yes&quot;,&quot;play_speed&quot;:{&quot;unit&quot;:&quot;px&quot;,&quot;size&quot;:0.8,&quot;sizes&quot;:[]},&quot;_animation&quot;:&quot;fadeInDown&quot;,&quot;_animation_delay&quot;:500,&quot;custom_link&quot;:{&quot;url&quot;:&quot;#jump&quot;,&quot;is_external&quot;:&quot;&quot;,&quot;nofollow&quot;:&quot;&quot;,&quot;custom_attributes&quot;:&quot;&quot;},&quot;trigger&quot;:&quot;arriving_to_viewport&quot;,&quot;viewport&quot;:{&quot;unit&quot;:&quot;%&quot;,&quot;size&quot;:&quot;&quot;,&quot;sizes&quot;:{&quot;start&quot;:0,&quot;end&quot;:100}},&quot;start_point&quot;:{&quot;unit&quot;:&quot;%&quot;,&quot;size&quot;:0,&quot;sizes&quot;:[]},&quot;end_point&quot;:{&quot;unit&quot;:&quot;%&quot;,&quot;size&quot;:100,&quot;sizes&quot;:[]},&quot;renderer&quot;:&quot;svg&quot;}\" data-widget_type=\"lottie.default\">\n\t\t\t\t<div class=\"elementor-widget-container\">\n\t\t\t\t\t<a class=\"e-lottie__container__link\" href=\"#jump\"><div class=\"e-lottie__container\"><div class=\"e-lottie__animation\"><\/div><\/div><\/a>\t\t\t\t<\/div>\n\t\t\t\t<\/div>\n\t\t\t\t\t<\/div>\n\t\t<\/div>\n\t\t\t\t\t<\/div>\n\t\t<\/section>\n\t\t\t\t<section class=\"elementor-section elementor-top-section elementor-element elementor-element-434d0eec elementor-section-boxed elementor-section-height-default elementor-section-height-default\" data-id=\"434d0eec\" data-element_type=\"section\" data-e-type=\"section\">\n\t\t\t\t\t\t<div class=\"elementor-container elementor-column-gap-default\">\n\t\t\t\t\t<div class=\"elementor-column elementor-col-100 elementor-top-column elementor-element elementor-element-2769b046\" data-id=\"2769b046\" data-element_type=\"column\" data-e-type=\"column\">\n\t\t\t<div class=\"elementor-widget-wrap elementor-element-populated\">\n\t\t\t\t\t\t<div class=\"elementor-element elementor-element-5eda2a90 elementor-widget elementor-widget-spacer\" data-id=\"5eda2a90\" data-element_type=\"widget\" data-e-type=\"widget\" data-widget_type=\"spacer.default\">\n\t\t\t\t<div class=\"elementor-widget-container\">\n\t\t\t\t\t\t\t<div class=\"elementor-spacer\">\n\t\t\t<div class=\"elementor-spacer-inner\"><\/div>\n\t\t<\/div>\n\t\t\t\t\t\t<\/div>\n\t\t\t\t<\/div>\n\t\t\t\t\t<\/div>\n\t\t<\/div>\n\t\t\t\t\t<\/div>\n\t\t<\/section>\n\t\t\t\t<section class=\"elementor-section elementor-top-section elementor-element elementor-element-3ddfe731 elementor-section-boxed elementor-section-height-default elementor-section-height-default\" data-id=\"3ddfe731\" data-element_type=\"section\" data-e-type=\"section\">\n\t\t\t\t\t\t<div class=\"elementor-container elementor-column-gap-default\">\n\t\t\t\t\t<div class=\"elementor-column elementor-col-100 elementor-top-column elementor-element elementor-element-21ef6028\" data-id=\"21ef6028\" data-element_type=\"column\" data-e-type=\"column\">\n\t\t\t<div class=\"elementor-widget-wrap elementor-element-populated\">\n\t\t\t\t\t\t<div class=\"elementor-element elementor-element-13d381cf elementor-widget elementor-widget-text-editor\" data-id=\"13d381cf\" data-element_type=\"widget\" data-e-type=\"widget\" data-widget_type=\"text-editor.default\">\n\t\t\t\t<div class=\"elementor-widget-container\">\n\t\t\t\t\t\t\t\t\t<p><strong>Arzt f\u00fcr Urologie \u2013 Beratung und Behandlung f\u00fcr eine Vielzahl von Gesundheitsproblemen<\/strong><\/p><p>Die Urologie ist der Zweig der medizinischen Wissenschaft, der sich mit Harnproblemen beider Geschlechter sowie mit m\u00e4nnlichen Fortpflanzungsproblemen befasst. Die Andrologie ist der medizinische Wissenschaftszweig, der sich auf die m\u00e4nnlichen Fortpflanzungssysteme konzentriert.<\/p><p>Die Sublime Clinic befolgt die europ\u00e4ischen Protokolle f\u00fcr die Diagnose und Behandlung von sexuellen und urinausscheidenden Gesundheitsproblemen. Qualifiziertes und qualifiziertes medizinisches Personal deckt den gesamten Prozess f\u00fcr intimchirurgische Dienstleistungen in einer hochmodernen medizinischen Einrichtung ab, die von Anfang bis Ende vollst\u00e4ndig verwaltet wird.<\/p>\t\t\t\t\t\t\t\t<\/div>\n\t\t\t\t<\/div>\n\t\t\t\t\t<\/div>\n\t\t<\/div>\n\t\t\t\t\t<\/div>\n\t\t<\/section>\n\t\t\t\t<section class=\"elementor-section elementor-top-section elementor-element elementor-element-6fe5a5a8 elementor-section-boxed elementor-section-height-default elementor-section-height-default\" data-id=\"6fe5a5a8\" data-element_type=\"section\" data-e-type=\"section\">\n\t\t\t\t\t\t<div class=\"elementor-container elementor-column-gap-default\">\n\t\t\t\t\t<div class=\"elementor-column elementor-col-100 elementor-top-column elementor-element elementor-element-33a04532\" data-id=\"33a04532\" data-element_type=\"column\" data-e-type=\"column\">\n\t\t\t<div class=\"elementor-widget-wrap elementor-element-populated\">\n\t\t\t\t\t\t<div class=\"elementor-element elementor-element-26c2394d elementor-widget elementor-widget-heading\" data-id=\"26c2394d\" data-element_type=\"widget\" data-e-type=\"widget\" data-widget_type=\"heading.default\">\n\t\t\t\t<div class=\"elementor-widget-container\">\n\t\t\t\t\t<h2 class=\"elementor-heading-title elementor-size-default\">Dienstleistungen, die Sie nutzen k\u00f6nnen<\/h2>\t\t\t\t<\/div>\n\t\t\t\t<\/div>\n\t\t\t\t\t<\/div>\n\t\t<\/div>\n\t\t\t\t\t<\/div>\n\t\t<\/section>\n\t\t\t\t<section class=\"elementor-section elementor-top-section elementor-element elementor-element-3d1048fa elementor-section-boxed elementor-section-height-default elementor-section-height-default\" data-id=\"3d1048fa\" data-element_type=\"section\" data-e-type=\"section\">\n\t\t\t\t\t\t<div class=\"elementor-container elementor-column-gap-default\">\n\t\t\t\t\t<div class=\"elementor-column elementor-col-100 elementor-top-column elementor-element elementor-element-3bb80a81\" data-id=\"3bb80a81\" data-element_type=\"column\" data-e-type=\"column\">\n\t\t\t<div class=\"elementor-widget-wrap elementor-element-populated\">\n\t\t\t\t\t\t<div class=\"elementor-element elementor-element-75bacbdd elementor-widget elementor-widget-text-editor\" data-id=\"75bacbdd\" data-element_type=\"widget\" data-e-type=\"widget\" data-widget_type=\"text-editor.default\">\n\t\t\t\t<div class=\"elementor-widget-container\">\n\t\t\t\t\t\t\t\t\t<ul><li><strong>Behandlung der erektilen Dysfunktion mit Sto\u00dfwelle (ESWT) <\/strong>Die extrakorporale Sto\u00dfwellentherapie (ESWT) hilft bei der Aktivierung des Blutflusses im Anwendungsbereich, eine fortschrittliche und hochwirksame Therapie.<\/li><\/ul><p>\u00a0<\/p><ul><li><strong>Erektile Dysfunktion mit anderen Methoden<\/strong><\/li><li style=\"list-style-type: none;\"><ul><li style=\"list-style-type: none;\">P-Shot (PRP) ist ein wirksames nicht-chirurgisches Verfahren, zusammen mit der Stammzellbehandlung.<\/li><\/ul><\/li><\/ul><p>\u00a0<\/p><ul><li><strong>Penisvergr\u00f6\u00dferung<\/strong><\/li><li style=\"list-style-type: none;\"><ul><li style=\"list-style-type: none;\">\u00c4sthetische Implementierung des Penis zur Vergr\u00f6\u00dferung mit nicht-chirurgischem Eingriff sowie Gewebez\u00fcchtung, um die gew\u00fcnschten Ergebnisse zu erzielen.<\/li><\/ul><\/li><\/ul><p>\u00a0<\/p><ul><li><strong>Unfruchtbarkeitsbehandlung<\/strong><\/li><li style=\"list-style-type: none;\"><ul><li style=\"list-style-type: none;\">Dies geschieht durch eine Reihe unterschiedlicher medizinischer und therapeutischer Verfahren.<\/li><\/ul><\/li><\/ul><p>\u00a0<\/p><ul><li><strong>Penisverkr\u00fcmmung (Peyronie-Krankheit)<\/strong><\/li><li style=\"list-style-type: none;\"><ul><li style=\"list-style-type: none;\">Die angeborene Penisverkr\u00fcmmung wird chirurgisch behandelt, als bestm\u00f6gliche L\u00f6sung im Vergleich zu anderen Methoden. Die Stammzelltherapie wird auch zur Behandlung der Peyronie-Krankheit eingesetzt.<\/li><\/ul><\/li><\/ul><p>\u00a0<\/p><ul><li><strong>Penis-\u00c4sthetik<\/strong><\/li><li style=\"list-style-type: none;\"><ul><li style=\"list-style-type: none;\">Auch als Penisplastik bekannt, wird sie zur Penisverl\u00e4ngerung, Verdickung oder Kr\u00fcmmungskorrektur angewendet.<\/li><\/ul><\/li><\/ul><p>\u00a0<\/p><ul><li><strong>Behandlung der vorzeitigen Ejakulation<\/strong><\/li><li style=\"list-style-type: none;\">Eines der h\u00e4ufigsten sexuellen Probleme, mit denen M\u00e4nner weltweit konfrontiert sind; Hier finden Sie die am besten geeignete Behandlung, um Ihr Problem mit dauerhafter L\u00f6sung zu heilen. Abgesehen von den oben genannten decken wir auch ein breites Spektrum anderer Diagnosen und Behandlungen ab, einschlie\u00dflich Intimchirurgie, nicht-chirurgischer Verfahren, Therapien und mehr. Dazu geh\u00f6ren Penisinsuffizienz, sexuell \u00fcbertragbare Krankheiten, Penisprothesen, HPV-Genitalwarzen, Harninkontinenz, Harnr\u00f6hrenerkrankungen, chronische Prostatitis und mehr.<\/li><\/ul>\t\t\t\t\t\t\t\t<\/div>\n\t\t\t\t<\/div>\n\t\t\t\t\t<\/div>\n\t\t<\/div>\n\t\t\t\t\t<\/div>\n\t\t<\/section>\n\t\t\t\t<section class=\"elementor-section elementor-top-section elementor-element elementor-element-792ad7eb elementor-section-boxed elementor-section-height-default elementor-section-height-default\" data-id=\"792ad7eb\" data-element_type=\"section\" data-e-type=\"section\">\n\t\t\t\t\t\t<div class=\"elementor-container elementor-column-gap-default\">\n\t\t\t\t\t<div class=\"elementor-column elementor-col-100 elementor-top-column elementor-element elementor-element-7a919e3\" data-id=\"7a919e3\" data-element_type=\"column\" data-e-type=\"column\">\n\t\t\t<div class=\"elementor-widget-wrap elementor-element-populated\">\n\t\t\t\t\t\t<div class=\"elementor-element elementor-element-40737871 elementor-widget elementor-widget-spacer\" data-id=\"40737871\" data-element_type=\"widget\" data-e-type=\"widget\" data-widget_type=\"spacer.default\">\n\t\t\t\t<div class=\"elementor-widget-container\">\n\t\t\t\t\t\t\t<div class=\"elementor-spacer\">\n\t\t\t<div class=\"elementor-spacer-inner\"><\/div>\n\t\t<\/div>\n\t\t\t\t\t\t<\/div>\n\t\t\t\t<\/div>\n\t\t\t\t\t<\/div>\n\t\t<\/div>\n\t\t\t\t\t<\/div>\n\t\t<\/section>\n\t\t\t\t<section class=\"elementor-section elementor-top-section elementor-element elementor-element-37ef9d16 elementor-section-boxed elementor-section-height-default elementor-section-height-default\" data-id=\"37ef9d16\" data-element_type=\"section\" data-e-type=\"section\" data-settings=\"{&quot;background_background&quot;:&quot;classic&quot;}\">\n\t\t\t\t\t\t<div class=\"elementor-container elementor-column-gap-default\">\n\t\t\t\t\t<div class=\"elementor-column elementor-col-100 elementor-top-column elementor-element elementor-element-6124ef18\" data-id=\"6124ef18\" data-element_type=\"column\" data-e-type=\"column\">\n\t\t\t<div class=\"elementor-widget-wrap elementor-element-populated\">\n\t\t\t\t\t\t<div class=\"elementor-element elementor-element-67dae2f6 elementor-widget elementor-widget-heading\" data-id=\"67dae2f6\" data-element_type=\"widget\" data-e-type=\"widget\" data-widget_type=\"heading.default\">\n\t\t\t\t<div class=\"elementor-widget-container\">\n\t\t\t\t\t<h2 class=\"elementor-heading-title elementor-size-default\">Andrologische und urologische Behandlungen, die speziell auf Ihre Anforderungen abgestimmt sind<\/h2>\t\t\t\t<\/div>\n\t\t\t\t<\/div>\n\t\t\t\t<div class=\"elementor-element elementor-element-78669bf4 elementor-widget elementor-widget-text-editor\" data-id=\"78669bf4\" data-element_type=\"widget\" data-e-type=\"widget\" data-widget_type=\"text-editor.default\">\n\t\t\t\t<div class=\"elementor-widget-container\">\n\t\t\t\t\t\t\t\t\t<p>M\u00e4nnliche reproduktive Gesundheit, sexuelle Gesundheit, Genital\u00e4sthetik, sexuelle Gesundheit von Frauen und mehr \u2013 Der prominente Urologe bietet fortschrittliche und umfassende L\u00f6sungen mit nahtlosen Verfahren, die dauerhafte Vorteile mit vernachl\u00e4ssigbaren negativen Auswirkungen bieten.<\/p><p>Wenden Sie sich jetzt an die Sublime Clinic, um Ihren Termin f\u00fcr eine andrologische und urologische Behandlung vom Spezialisten zu vereinbaren!<\/p>\t\t\t\t\t\t\t\t<\/div>\n\t\t\t\t<\/div>\n\t\t\t\t\t<\/div>\n\t\t<\/div>\n\t\t\t\t\t<\/div>\n\t\t<\/section>\n\t\t\t\t<\/div>\n\t\t","protected":false},"excerpt":{"rendered":"<p>Facharzt f\u00fcr Urologie und Andrologie Die Sublime Clinic war f\u00fchrend bei der Bereitstellung einer hervorragenden Unterst\u00fctzung f\u00fcr verschiedene Arten fortschrittlicher chirurgischer und nicht-chirurgischer Behandlungen und bietet Ihnen jetzt fortschrittliche, bequeme und erschwingliche Unterst\u00fctzung f\u00fcr die Behandlung durch Spezialisten f\u00fcr Urologie und Andrologie. Wir decken eine ganze Reihe von sexuellen Gesundheitsproblemen und Harnproblemen von M\u00e4nnern und [&hellip;]<\/p>\n","protected":false},"author":2,"featured_media":0,"parent":0,"menu_order":0,"comment_status":"closed","ping_status":"closed","template":"","meta":{"footnotes":""},"class_list":["post-39395","page","type-page","status-publish","hentry"],"yoast_head":"<!-- This site is optimized with the Yoast SEO plugin v27.4 - https:\/\/yoast.com\/product\/yoast-seo-wordpress\/ -->\n<title>Surgery and Intimate Care - Sublime<\/title>\n<meta name=\"robots\" content=\"index, follow, max-snippet:-1, max-image-preview:large, max-video-preview:-1\" \/>\n<link rel=\"canonical\" href=\"https:\/\/sublime-clinic.ch\/de\/surgery-and-intimate-care\/\" \/>\n<meta property=\"og:locale\" content=\"de_DE\" \/>\n<meta property=\"og:type\" content=\"article\" \/>\n<meta property=\"og:title\" content=\"Surgery and Intimate Care - Sublime\" \/>\n<meta property=\"og:description\" content=\"Facharzt f\u00fcr Urologie und Andrologie Die Sublime Clinic war f\u00fchrend bei der Bereitstellung einer hervorragenden Unterst\u00fctzung f\u00fcr verschiedene Arten fortschrittlicher chirurgischer und nicht-chirurgischer Behandlungen und bietet Ihnen jetzt fortschrittliche, bequeme und erschwingliche Unterst\u00fctzung f\u00fcr die Behandlung durch Spezialisten f\u00fcr Urologie und Andrologie. Wir decken eine ganze Reihe von sexuellen Gesundheitsproblemen und Harnproblemen von M\u00e4nnern und [&hellip;]\" \/>\n<meta property=\"og:url\" content=\"https:\/\/sublime-clinic.ch\/de\/surgery-and-intimate-care\/\" \/>\n<meta property=\"og:site_name\" content=\"Sublime\" \/>\n<meta property=\"article:modified_time\" content=\"2023-05-17T05:34:35+00:00\" \/>\n<meta name=\"twitter:card\" content=\"summary_large_image\" \/>\n<meta name=\"twitter:label1\" content=\"Gesch\u00e4tzte Lesezeit\" \/>\n\t<meta name=\"twitter:data1\" content=\"2\u00a0Minuten\" \/>\n<script type=\"application\/ld+json\" class=\"yoast-schema-graph\">{\"@context\":\"https:\\\/\\\/schema.org\",\"@graph\":[{\"@type\":\"WebPage\",\"@id\":\"https:\\\/\\\/sublime-clinic.ch\\\/de\\\/surgery-and-intimate-care\\\/\",\"url\":\"https:\\\/\\\/sublime-clinic.ch\\\/de\\\/surgery-and-intimate-care\\\/\",\"name\":\"Surgery and Intimate Care - Sublime\",\"isPartOf\":{\"@id\":\"https:\\\/\\\/sublime-clinic.ch\\\/de\\\/#website\"},\"datePublished\":\"2023-03-02T12:32:10+00:00\",\"dateModified\":\"2023-05-17T05:34:35+00:00\",\"breadcrumb\":{\"@id\":\"https:\\\/\\\/sublime-clinic.ch\\\/de\\\/surgery-and-intimate-care\\\/#breadcrumb\"},\"inLanguage\":\"de\",\"potentialAction\":[{\"@type\":\"ReadAction\",\"target\":[\"https:\\\/\\\/sublime-clinic.ch\\\/de\\\/surgery-and-intimate-care\\\/\"]}]},{\"@type\":\"BreadcrumbList\",\"@id\":\"https:\\\/\\\/sublime-clinic.ch\\\/de\\\/surgery-and-intimate-care\\\/#breadcrumb\",\"itemListElement\":[{\"@type\":\"ListItem\",\"position\":1,\"name\":\"Home\",\"item\":\"https:\\\/\\\/sublime-clinic.ch\\\/de\\\/startseite\\\/\"},{\"@type\":\"ListItem\",\"position\":2,\"name\":\"Surgery and Intimate Care\"}]},{\"@type\":\"WebSite\",\"@id\":\"https:\\\/\\\/sublime-clinic.ch\\\/de\\\/#website\",\"url\":\"https:\\\/\\\/sublime-clinic.ch\\\/de\\\/\",\"name\":\"Sublime\",\"description\":\"Specialist Clinic\",\"publisher\":{\"@id\":\"https:\\\/\\\/sublime-clinic.ch\\\/de\\\/#organization\"},\"potentialAction\":[{\"@type\":\"SearchAction\",\"target\":{\"@type\":\"EntryPoint\",\"urlTemplate\":\"https:\\\/\\\/sublime-clinic.ch\\\/de\\\/?s={search_term_string}\"},\"query-input\":{\"@type\":\"PropertyValueSpecification\",\"valueRequired\":true,\"valueName\":\"search_term_string\"}}],\"inLanguage\":\"de\"},{\"@type\":\"Organization\",\"@id\":\"https:\\\/\\\/sublime-clinic.ch\\\/de\\\/#organization\",\"name\":\"Sublime Clinic\",\"url\":\"https:\\\/\\\/sublime-clinic.ch\\\/de\\\/\",\"logo\":{\"@type\":\"ImageObject\",\"inLanguage\":\"de\",\"@id\":\"https:\\\/\\\/sublime-clinic.ch\\\/de\\\/#\\\/schema\\\/logo\\\/image\\\/\",\"url\":\"https:\\\/\\\/sublime-clinic.ch\\\/wp-content\\\/uploads\\\/2022\\\/06\\\/logo-sublime-clinic.png\",\"contentUrl\":\"https:\\\/\\\/sublime-clinic.ch\\\/wp-content\\\/uploads\\\/2022\\\/06\\\/logo-sublime-clinic.png\",\"width\":900,\"height\":794,\"caption\":\"Sublime Clinic\"},\"image\":{\"@id\":\"https:\\\/\\\/sublime-clinic.ch\\\/de\\\/#\\\/schema\\\/logo\\\/image\\\/\"}}]}<\/script>\n<!-- \/ Yoast SEO plugin. -->","yoast_head_json":{"title":"Surgery and Intimate Care - Sublime","robots":{"index":"index","follow":"follow","max-snippet":"max-snippet:-1","max-image-preview":"max-image-preview:large","max-video-preview":"max-video-preview:-1"},"canonical":"https:\/\/sublime-clinic.ch\/de\/surgery-and-intimate-care\/","og_locale":"de_DE","og_type":"article","og_title":"Surgery and Intimate Care - Sublime","og_description":"Facharzt f\u00fcr Urologie und Andrologie Die Sublime Clinic war f\u00fchrend bei der Bereitstellung einer hervorragenden Unterst\u00fctzung f\u00fcr verschiedene Arten fortschrittlicher chirurgischer und nicht-chirurgischer Behandlungen und bietet Ihnen jetzt fortschrittliche, bequeme und erschwingliche Unterst\u00fctzung f\u00fcr die Behandlung durch Spezialisten f\u00fcr Urologie und Andrologie. Wir decken eine ganze Reihe von sexuellen Gesundheitsproblemen und Harnproblemen von M\u00e4nnern und [&hellip;]","og_url":"https:\/\/sublime-clinic.ch\/de\/surgery-and-intimate-care\/","og_site_name":"Sublime","article_modified_time":"2023-05-17T05:34:35+00:00","twitter_card":"summary_large_image","twitter_misc":{"Gesch\u00e4tzte Lesezeit":"2\u00a0Minuten"},"schema":{"@context":"https:\/\/schema.org","@graph":[{"@type":"WebPage","@id":"https:\/\/sublime-clinic.ch\/de\/surgery-and-intimate-care\/","url":"https:\/\/sublime-clinic.ch\/de\/surgery-and-intimate-care\/","name":"Surgery and Intimate Care - Sublime","isPartOf":{"@id":"https:\/\/sublime-clinic.ch\/de\/#website"},"datePublished":"2023-03-02T12:32:10+00:00","dateModified":"2023-05-17T05:34:35+00:00","breadcrumb":{"@id":"https:\/\/sublime-clinic.ch\/de\/surgery-and-intimate-care\/#breadcrumb"},"inLanguage":"de","potentialAction":[{"@type":"ReadAction","target":["https:\/\/sublime-clinic.ch\/de\/surgery-and-intimate-care\/"]}]},{"@type":"BreadcrumbList","@id":"https:\/\/sublime-clinic.ch\/de\/surgery-and-intimate-care\/#breadcrumb","itemListElement":[{"@type":"ListItem","position":1,"name":"Home","item":"https:\/\/sublime-clinic.ch\/de\/startseite\/"},{"@type":"ListItem","position":2,"name":"Surgery and Intimate Care"}]},{"@type":"WebSite","@id":"https:\/\/sublime-clinic.ch\/de\/#website","url":"https:\/\/sublime-clinic.ch\/de\/","name":"Sublime","description":"Specialist Clinic","publisher":{"@id":"https:\/\/sublime-clinic.ch\/de\/#organization"},"potentialAction":[{"@type":"SearchAction","target":{"@type":"EntryPoint","urlTemplate":"https:\/\/sublime-clinic.ch\/de\/?s={search_term_string}"},"query-input":{"@type":"PropertyValueSpecification","valueRequired":true,"valueName":"search_term_string"}}],"inLanguage":"de"},{"@type":"Organization","@id":"https:\/\/sublime-clinic.ch\/de\/#organization","name":"Sublime Clinic","url":"https:\/\/sublime-clinic.ch\/de\/","logo":{"@type":"ImageObject","inLanguage":"de","@id":"https:\/\/sublime-clinic.ch\/de\/#\/schema\/logo\/image\/","url":"https:\/\/sublime-clinic.ch\/wp-content\/uploads\/2022\/06\/logo-sublime-clinic.png","contentUrl":"https:\/\/sublime-clinic.ch\/wp-content\/uploads\/2022\/06\/logo-sublime-clinic.png","width":900,"height":794,"caption":"Sublime Clinic"},"image":{"@id":"https:\/\/sublime-clinic.ch\/de\/#\/schema\/logo\/image\/"}}]}},"_links":{"self":[{"href":"https:\/\/sublime-clinic.ch\/de\/wp-json\/wp\/v2\/pages\/39395","targetHints":{"allow":["GET"]}}],"collection":[{"href":"https:\/\/sublime-clinic.ch\/de\/wp-json\/wp\/v2\/pages"}],"about":[{"href":"https:\/\/sublime-clinic.ch\/de\/wp-json\/wp\/v2\/types\/page"}],"author":[{"embeddable":true,"href":"https:\/\/sublime-clinic.ch\/de\/wp-json\/wp\/v2\/users\/2"}],"replies":[{"embeddable":true,"href":"https:\/\/sublime-clinic.ch\/de\/wp-json\/wp\/v2\/comments?post=39395"}],"version-history":[{"count":5,"href":"https:\/\/sublime-clinic.ch\/de\/wp-json\/wp\/v2\/pages\/39395\/revisions"}],"predecessor-version":[{"id":39975,"href":"https:\/\/sublime-clinic.ch\/de\/wp-json\/wp\/v2\/pages\/39395\/revisions\/39975"}],"wp:attachment":[{"href":"https:\/\/sublime-clinic.ch\/de\/wp-json\/wp\/v2\/media?parent=39395"}],"curies":[{"name":"wp","href":"https:\/\/api.w.org\/{rel}","templated":true}]}}