{"id":40883,"date":"2023-07-07T12:28:55","date_gmt":"2023-07-07T10:28:55","guid":{"rendered":"https:\/\/sublime-clinic.ch\/?page_id=40883"},"modified":"2026-02-05T11:01:01","modified_gmt":"2026-02-05T10:01:01","slug":"aesthetische-chirurgie","status":"publish","type":"page","link":"https:\/\/sublime-clinic.ch\/de\/aesthetische-chirurgie\/","title":{"rendered":"\u00c4sthetische Chirurgie"},"content":{"rendered":"\t\t<div data-elementor-type=\"wp-page\" data-elementor-id=\"40883\" class=\"elementor elementor-40883 elementor-40881\" data-elementor-post-type=\"page\">\n\t\t\t\t\t\t<section class=\"elementor-section elementor-top-section elementor-element elementor-element-4827bb20 elementor-section-height-min-height elementor-section-boxed elementor-section-height-default elementor-section-items-middle\" data-id=\"4827bb20\" data-element_type=\"section\" data-e-type=\"section\" data-settings=\"{&quot;background_background&quot;:&quot;slideshow&quot;,&quot;background_slideshow_gallery&quot;:[{&quot;id&quot;:41023,&quot;url&quot;:&quot;https:\\\/\\\/sublime-clinic.ch\\\/wp-content\\\/uploads\\\/2023\\\/07\\\/Aesthetic-Surgery.1-Copy-1.jpg&quot;},{&quot;id&quot;:41017,&quot;url&quot;:&quot;https:\\\/\\\/sublime-clinic.ch\\\/wp-content\\\/uploads\\\/2023\\\/07\\\/Aesthetic-Surgery.1-Copy-Copy.jpg&quot;}],&quot;background_slideshow_lazyload&quot;:&quot;yes&quot;,&quot;background_slideshow_ken_burns&quot;:&quot;yes&quot;,&quot;background_slideshow_loop&quot;:&quot;yes&quot;,&quot;background_slideshow_slide_duration&quot;:5000,&quot;background_slideshow_slide_transition&quot;:&quot;fade&quot;,&quot;background_slideshow_transition_duration&quot;:500,&quot;background_slideshow_ken_burns_zoom_direction&quot;:&quot;in&quot;}\">\n\t\t\t\t\t\t\t<div class=\"elementor-background-overlay\"><\/div>\n\t\t\t\t\t\t\t<div class=\"elementor-container elementor-column-gap-default\">\n\t\t\t\t\t<div class=\"elementor-column elementor-col-100 elementor-top-column elementor-element elementor-element-262e482c\" data-id=\"262e482c\" data-element_type=\"column\" data-e-type=\"column\">\n\t\t\t<div class=\"elementor-widget-wrap elementor-element-populated\">\n\t\t\t\t\t\t<div class=\"elementor-element elementor-element-3c7a80d8 elementor-widget elementor-widget-heading\" data-id=\"3c7a80d8\" data-element_type=\"widget\" data-e-type=\"widget\" data-widget_type=\"heading.default\">\n\t\t\t\t<div class=\"elementor-widget-container\">\n\t\t\t\t\t<h2 class=\"elementor-heading-title elementor-size-default\">esthetische chirurgie\n<\/h2>\t\t\t\t<\/div>\n\t\t\t\t<\/div>\n\t\t\t\t<div class=\"elementor-element elementor-element-13074c1b elementor-widget elementor-widget-text-editor\" data-id=\"13074c1b\" data-element_type=\"widget\" data-e-type=\"widget\" data-widget_type=\"text-editor.default\">\n\t\t\t\t<div class=\"elementor-widget-container\">\n\t\t\t\t\t\t\t\t\t<p><strong>Jung und sch\u00f6n aussehen mit \u00e4sthetischer Chirurgie in der T\u00fcrkei<\/strong><\/p><p>Die Sublime Clinic ist ein f\u00fchrendes Zentrum f\u00fcr \u00e4sthetische Chirurgie in Istanbul, T\u00fcrkei, das Fettabsaugungen, K\u00f6rperkonturierungen, Ges\u00e4\u00dfoperationen, Sixpack-Operationen, Nasenkorrekturen, Brustoperationen und mehr durchf\u00fchrt, um Ihre K\u00f6rperbereiche in die gew\u00fcnschte Form und das gew\u00fcnschte Aussehen zu bringen.<\/p><p>Unsere international akkreditierten Fach\u00e4rzte bieten modernste \u00e4sthetische Chirurgie in der Schweiz und der T\u00fcrkei an, die Ihre nat\u00fcrliche Sch\u00f6nheit unterstreicht. Wir verfolgen technologisch fortschrittliche Verfahren und ma\u00dfgeschneiderte Ans\u00e4tze, um eine hervorragende Behandlung f\u00fcr jeden Patienten zu gew\u00e4hrleisten.<\/p><p>Kontaktieren Sie uns, um mehr zu erfahren!<\/p>\t\t\t\t\t\t\t\t<\/div>\n\t\t\t\t<\/div>\n\t\t\t\t<div class=\"elementor-element elementor-element-48340207 animated-slow elementor-align-center elementor-invisible elementor-widget elementor-widget-lottie\" data-id=\"48340207\" data-element_type=\"widget\" data-e-type=\"widget\" data-settings=\"{&quot;source&quot;:&quot;external_url&quot;,&quot;source_external_url&quot;:{&quot;url&quot;:&quot;https:\\\/\\\/assets9.lottiefiles.com\\\/private_files\\\/lf30_ul7SjW.json&quot;,&quot;is_external&quot;:&quot;&quot;,&quot;nofollow&quot;:&quot;&quot;,&quot;custom_attributes&quot;:&quot;&quot;},&quot;link_to&quot;:&quot;custom&quot;,&quot;loop&quot;:&quot;yes&quot;,&quot;play_speed&quot;:{&quot;unit&quot;:&quot;px&quot;,&quot;size&quot;:0.8,&quot;sizes&quot;:[]},&quot;_animation&quot;:&quot;fadeInDown&quot;,&quot;_animation_delay&quot;:500,&quot;custom_link&quot;:{&quot;url&quot;:&quot;#jump&quot;,&quot;is_external&quot;:&quot;&quot;,&quot;nofollow&quot;:&quot;&quot;,&quot;custom_attributes&quot;:&quot;&quot;},&quot;trigger&quot;:&quot;arriving_to_viewport&quot;,&quot;viewport&quot;:{&quot;unit&quot;:&quot;%&quot;,&quot;size&quot;:&quot;&quot;,&quot;sizes&quot;:{&quot;start&quot;:0,&quot;end&quot;:100}},&quot;start_point&quot;:{&quot;unit&quot;:&quot;%&quot;,&quot;size&quot;:0,&quot;sizes&quot;:[]},&quot;end_point&quot;:{&quot;unit&quot;:&quot;%&quot;,&quot;size&quot;:100,&quot;sizes&quot;:[]},&quot;renderer&quot;:&quot;svg&quot;}\" data-widget_type=\"lottie.default\">\n\t\t\t\t<div class=\"elementor-widget-container\">\n\t\t\t\t\t<a class=\"e-lottie__container__link\" href=\"#jump\"><div class=\"e-lottie__container\"><div class=\"e-lottie__animation\"><\/div><\/div><\/a>\t\t\t\t<\/div>\n\t\t\t\t<\/div>\n\t\t\t\t\t<\/div>\n\t\t<\/div>\n\t\t\t\t\t<\/div>\n\t\t<\/section>\n\t\t\t\t<section class=\"elementor-section elementor-top-section elementor-element elementor-element-72890b20 elementor-reverse-tablet elementor-reverse-mobile elementor-section-boxed elementor-section-height-default elementor-section-height-default\" data-id=\"72890b20\" data-element_type=\"section\" data-e-type=\"section\" id=\"jump\">\n\t\t\t\t\t\t<div class=\"elementor-container elementor-column-gap-default\">\n\t\t\t\t\t<div class=\"elementor-column elementor-col-50 elementor-top-column elementor-element elementor-element-5e96f15e\" data-id=\"5e96f15e\" data-element_type=\"column\" data-e-type=\"column\">\n\t\t\t<div class=\"elementor-widget-wrap elementor-element-populated\">\n\t\t\t\t\t\t<div class=\"elementor-element elementor-element-1e263f55 elementor-widget elementor-widget-image\" data-id=\"1e263f55\" data-element_type=\"widget\" data-e-type=\"widget\" data-widget_type=\"image.default\">\n\t\t\t\t<div class=\"elementor-widget-container\">\n\t\t\t\t\t\t\t\t\t\t\t\t\t\t\t<img fetchpriority=\"high\" decoding=\"async\" width=\"1000\" height=\"667\" src=\"https:\/\/sublime-clinic.ch\/wp-content\/uploads\/2023\/07\/Aesthetic-Surgery.3.jpg\" class=\"elementor-animation-float attachment-full size-full wp-image-41008\" alt=\"\" srcset=\"https:\/\/sublime-clinic.ch\/wp-content\/uploads\/2023\/07\/Aesthetic-Surgery.3.jpg 1000w, https:\/\/sublime-clinic.ch\/wp-content\/uploads\/2023\/07\/Aesthetic-Surgery.3-300x200.jpg 300w, https:\/\/sublime-clinic.ch\/wp-content\/uploads\/2023\/07\/Aesthetic-Surgery.3-768x512.jpg 768w\" sizes=\"(max-width: 1000px) 100vw, 1000px\" \/>\t\t\t\t\t\t\t\t\t\t\t\t\t\t\t<\/div>\n\t\t\t\t<\/div>\n\t\t\t\t\t<\/div>\n\t\t<\/div>\n\t\t\t\t<div class=\"elementor-column elementor-col-50 elementor-top-column elementor-element elementor-element-521bc3b5\" data-id=\"521bc3b5\" data-element_type=\"column\" data-e-type=\"column\">\n\t\t\t<div class=\"elementor-widget-wrap elementor-element-populated\">\n\t\t\t\t\t\t<div class=\"elementor-element elementor-element-1c4ee138 elementor-widget elementor-widget-heading\" data-id=\"1c4ee138\" data-element_type=\"widget\" data-e-type=\"widget\" data-widget_type=\"heading.default\">\n\t\t\t\t<div class=\"elementor-widget-container\">\n\t\t\t\t\t<span class=\"elementor-heading-title elementor-size-default\">what's this<\/span>\t\t\t\t<\/div>\n\t\t\t\t<\/div>\n\t\t\t\t<div class=\"elementor-element elementor-element-23534b91 elementor-widget__width-auto elementor-widget elementor-widget-heading\" data-id=\"23534b91\" data-element_type=\"widget\" data-e-type=\"widget\" data-widget_type=\"heading.default\">\n\t\t\t\t<div class=\"elementor-widget-container\">\n\t\t\t\t\t<h2 class=\"elementor-heading-title elementor-size-default\">Behandlungen der \u00e4sthetischen Chirurgie durch Experten<\/h2>\t\t\t\t<\/div>\n\t\t\t\t<\/div>\n\t\t\t\t<div class=\"elementor-element elementor-element-11abd777 elementor-widget elementor-widget-text-editor\" data-id=\"11abd777\" data-element_type=\"widget\" data-e-type=\"widget\" data-widget_type=\"text-editor.default\">\n\t\t\t\t<div class=\"elementor-widget-container\">\n\t\t\t\t\t\t\t\t\t<p>Unsere plastisch-\u00e4sthetische Chirurgie ist ideal f\u00fcr Patienten, die ihr k\u00f6rperliches Erscheinungsbild ver\u00e4ndern m\u00f6chten, um sich selbstbewusst und jugendlich zu f\u00fchlen. Die Gestaltung einer besseren Silhouette, Fettabsaugung am Bauch oder in den Beinen, Nasenkorrektur, Facelifting, Po-Lifting und volumin\u00f6se Br\u00fcste sind Gr\u00fcnde, sich f\u00fcr eine \u00e4sthetische Chirurgie in der T\u00fcrkei in der Sublime Clinic zu entscheiden.<\/p><p>Wir sind bekannt f\u00fcr die qualitativ hochwertige Behandlung der plastisch-\u00e4sthetischen Chirurgie durch unsere erfahrenen und qualifizierten \u00c4rzte. Von der ersten Konsultation bis zur Nachsorge nach der Behandlung f\u00fchren wir jeden Eingriff mit gr\u00f6\u00dfter Aufmerksamkeit und Sorgfalt durch, um eine 100%ige Zufriedenheit zu gew\u00e4hrleisten.<\/p><p>Our priority is YOU and thereby, we provide the best aesthetic treatment at nominal prices, in total transparency, and your language. Our clinic is widely appreciated for its diverse experience, expertise, board-certified staff, and the highest international standards.<\/p>\t\t\t\t\t\t\t\t<\/div>\n\t\t\t\t<\/div>\n\t\t\t\t<div class=\"elementor-element elementor-element-793337bf elementor-widget elementor-widget-button\" data-id=\"793337bf\" data-element_type=\"widget\" data-e-type=\"widget\" data-widget_type=\"button.default\">\n\t\t\t\t<div class=\"elementor-widget-container\">\n\t\t\t\t\t\t\t\t\t<div class=\"elementor-button-wrapper\">\n\t\t\t\t\t<a class=\"elementor-button elementor-button-link elementor-size-sm\" href=\"tel:+41%2076%20774%2096%2087\">\n\t\t\t\t\t\t<span class=\"elementor-button-content-wrapper\">\n\t\t\t\t\t\t\t\t\t<span class=\"elementor-button-text\">Contact Us to book<\/span>\n\t\t\t\t\t<\/span>\n\t\t\t\t\t<\/a>\n\t\t\t\t<\/div>\n\t\t\t\t\t\t\t\t<\/div>\n\t\t\t\t<\/div>\n\t\t\t\t\t<\/div>\n\t\t<\/div>\n\t\t\t\t\t<\/div>\n\t\t<\/section>\n\t\t\t\t<section class=\"elementor-section elementor-top-section elementor-element elementor-element-42d67a37 elementor-section-boxed elementor-section-height-default elementor-section-height-default\" data-id=\"42d67a37\" data-element_type=\"section\" data-e-type=\"section\" data-settings=\"{&quot;background_background&quot;:&quot;classic&quot;}\">\n\t\t\t\t\t\t<div class=\"elementor-container elementor-column-gap-default\">\n\t\t\t\t\t<div class=\"elementor-column elementor-col-100 elementor-top-column elementor-element elementor-element-317a401f\" data-id=\"317a401f\" data-element_type=\"column\" data-e-type=\"column\">\n\t\t\t<div class=\"elementor-widget-wrap elementor-element-populated\">\n\t\t\t\t\t\t<div class=\"elementor-element elementor-element-73a038ca elementor-widget elementor-widget-heading\" data-id=\"73a038ca\" data-element_type=\"widget\" data-e-type=\"widget\" data-widget_type=\"heading.default\">\n\t\t\t\t<div class=\"elementor-widget-container\">\n\t\t\t\t\t<span class=\"elementor-heading-title elementor-size-default\">Services<\/span>\t\t\t\t<\/div>\n\t\t\t\t<\/div>\n\t\t\t\t<div class=\"elementor-element elementor-element-5cbd9197 elementor-widget__width-auto elementor-widget elementor-widget-heading\" data-id=\"5cbd9197\" data-element_type=\"widget\" data-e-type=\"widget\" data-widget_type=\"heading.default\">\n\t\t\t\t<div class=\"elementor-widget-container\">\n\t\t\t\t\t<h2 class=\"elementor-heading-title elementor-size-default\">Behandlungen der \u00e4sthetischen Chirurgie, die wir anbieten<\/h2>\t\t\t\t<\/div>\n\t\t\t\t<\/div>\n\t\t\t\t<div class=\"elementor-element elementor-element-18b773dc elementor-widget elementor-widget-text-editor\" data-id=\"18b773dc\" data-element_type=\"widget\" data-e-type=\"widget\" data-widget_type=\"text-editor.default\">\n\t\t\t\t<div class=\"elementor-widget-container\">\n\t\t\t\t\t\t\t\t\t<p>Die Sublime Clinic ist auf \u00e4sthetische Chirurgie in der T\u00fcrkei spezialisiert und bietet eine Vielzahl von Dienstleistungen an, um alle Ihre W\u00fcnsche zu erf\u00fcllen. Wir setzen unser bestes Wissen und unsere Erfahrung ein, um Ergebnisse zu erzielen, die Ihre Erwartungen erf\u00fcllen oder \u00fcbertreffen. Wir verwenden die fortschrittlichsten chirurgischen Ger\u00e4te und Behandlungen von h\u00f6chster Qualit\u00e4t, um sichere, schmerzfreie und effektive Verfahren zu gew\u00e4hrleisten.<\/p><ul><li>Nasenkorrektur (Nasenkorrektur)<\/li><li>Brustchirurgie<\/li><li>Fettabsaugung<\/li><li>Ges\u00e4\u00df-OP<\/li><li>Bauchdeckenstraffung (Bauchdeckenstraffung)<\/li><li>Haartransplantation<\/li><li>Gesichtsbehandlungen<\/li><li>K\u00f6rperformung<\/li><li>Facelift<\/li><li>Ganzk\u00f6rperchirurgie<br \/><br \/><\/li><\/ul><p>Z\u00f6gern Sie nicht, uns zu kontaktieren. Unsere Fach\u00e4rzte f\u00fcr \u00e4sthetische Chirurgie stehen Ihnen jederzeit zur Verf\u00fcgung, um Sie w\u00e4hrend des gesamten Prozesses zu begleiten. Mit l\u00f6sungsorientierten chirurgischen Ans\u00e4tzen bieten wir Patienten jederzeit zeitnahe Diagnosen und engmaschige Nachsorge.<\/p>\t\t\t\t\t\t\t\t<\/div>\n\t\t\t\t<\/div>\n\t\t\t\t<div class=\"elementor-element elementor-element-2a6a6f5 elementor-widget__width-auto elementor-widget elementor-widget-heading\" data-id=\"2a6a6f5\" data-element_type=\"widget\" data-e-type=\"widget\" data-widget_type=\"heading.default\">\n\t\t\t\t<div class=\"elementor-widget-container\">\n\t\t\t\t\t<h2 class=\"elementor-heading-title elementor-size-default\">Holen Sie sich hochwertige VIP-Services in der Sublime Clinic<\/h2>\t\t\t\t<\/div>\n\t\t\t\t<\/div>\n\t\t\t\t<div class=\"elementor-element elementor-element-0c23267 elementor-widget elementor-widget-text-editor\" data-id=\"0c23267\" data-element_type=\"widget\" data-e-type=\"widget\" data-widget_type=\"text-editor.default\">\n\t\t\t\t<div class=\"elementor-widget-container\">\n\t\t\t\t\t\t\t\t\t<p>In der Sublime Clinic bieten wir All-Inclusive-Pakete f\u00fcr \u00e4sthetische Chirurgie an, um Ihren speziellen Bed\u00fcrfnissen gerecht zu werden. Wir begleiten unsere Patienten in jeder Phase, damit sie sich wie zu Hause und nie allein f\u00fchlen.<\/p><p>Sobald du bei uns angekommen bist, erh\u00e4ltst du einen Anruf von einer spanischsprachigen Person, die dir w\u00e4hrend des gesamten Aufenthalts behilflich sein wird. Unsere zuverl\u00e4ssigen VIP-Pakete beinhalten einen privaten Fahrer, ein Luxusauto, eine 5-Sterne-Hotelunterkunft, ein Doppelzimmer mit einer Person Ihrer Wahl und einen \u00dcbersetzer.<\/p><p>Sie erhalten bis zu 70% Rabatt im Vergleich zu den Preisen in der Schweiz.<\/p><p>Fordern Sie ein kostenloses, genaues und unverbindliches Angebot an!<\/p>\t\t\t\t\t\t\t\t<\/div>\n\t\t\t\t<\/div>\n\t\t\t\t<div class=\"elementor-element elementor-element-7926381 elementor-align-center elementor-widget elementor-widget-button\" data-id=\"7926381\" data-element_type=\"widget\" data-e-type=\"widget\" data-widget_type=\"button.default\">\n\t\t\t\t<div class=\"elementor-widget-container\">\n\t\t\t\t\t\t\t\t\t<div class=\"elementor-button-wrapper\">\n\t\t\t\t\t<a class=\"elementor-button elementor-button-link elementor-size-sm\" href=\"tel:+41%2076%20774%2096%2087\">\n\t\t\t\t\t\t<span class=\"elementor-button-content-wrapper\">\n\t\t\t\t\t\t\t\t\t<span class=\"elementor-button-text\">Schedule a consultation today!<\/span>\n\t\t\t\t\t<\/span>\n\t\t\t\t\t<\/a>\n\t\t\t\t<\/div>\n\t\t\t\t\t\t\t\t<\/div>\n\t\t\t\t<\/div>\n\t\t\t\t\t<\/div>\n\t\t<\/div>\n\t\t\t\t\t<\/div>\n\t\t<\/section>\n\t\t\t\t<\/div>\n\t\t","protected":false},"excerpt":{"rendered":"<p>esthetische chirurgie Jung und sch\u00f6n aussehen mit \u00e4sthetischer Chirurgie in der T\u00fcrkei Die Sublime Clinic ist ein f\u00fchrendes Zentrum f\u00fcr \u00e4sthetische Chirurgie in Istanbul, T\u00fcrkei, das Fettabsaugungen, K\u00f6rperkonturierungen, Ges\u00e4\u00dfoperationen, Sixpack-Operationen, Nasenkorrekturen, Brustoperationen und mehr durchf\u00fchrt, um Ihre K\u00f6rperbereiche in die gew\u00fcnschte Form und das gew\u00fcnschte Aussehen zu bringen. Unsere international akkreditierten Fach\u00e4rzte bieten modernste \u00e4sthetische [&hellip;]<\/p>\n","protected":false},"author":2,"featured_media":0,"parent":0,"menu_order":0,"comment_status":"closed","ping_status":"closed","template":"","meta":{"footnotes":""},"class_list":["post-40883","page","type-page","status-publish","hentry"],"yoast_head":"<!-- This site is optimized with the Yoast SEO plugin v27.3 - https:\/\/yoast.com\/product\/yoast-seo-wordpress\/ -->\n<title>\u00c4sthetische Chirurgie in Istanbul, T\u00fcrkei, Schweiz, Katar, Frankreich<\/title>\n<meta name=\"description\" content=\"Lassen Sie Ihre \u00e4sthetische Chirurgie in Istanbul, der T\u00fcrkei, der Schweiz, Katar, Frankreich, Deutschland und Spanien von der g\u00fcnstigsten Sublime Specialist Clinic durchf\u00fchren. Kontaktieren Sie uns f\u00fcr weitere Informationen.\" \/>\n<meta name=\"robots\" content=\"index, follow, max-snippet:-1, max-image-preview:large, max-video-preview:-1\" \/>\n<link rel=\"canonical\" href=\"https:\/\/sublime-clinic.ch\/de\/aesthetische-chirurgie\/\" \/>\n<meta property=\"og:locale\" content=\"de_DE\" \/>\n<meta property=\"og:type\" content=\"article\" \/>\n<meta property=\"og:title\" content=\"\u00c4sthetische Chirurgie in Istanbul, T\u00fcrkei, Schweiz, Katar, Frankreich\" \/>\n<meta property=\"og:description\" content=\"Lassen Sie Ihre \u00e4sthetische Chirurgie in Istanbul, der T\u00fcrkei, der Schweiz, Katar, Frankreich, Deutschland und Spanien von der g\u00fcnstigsten Sublime Specialist Clinic durchf\u00fchren. Kontaktieren Sie uns f\u00fcr weitere Informationen.\" \/>\n<meta property=\"og:url\" content=\"https:\/\/sublime-clinic.ch\/de\/aesthetische-chirurgie\/\" \/>\n<meta property=\"og:site_name\" content=\"Sublime\" \/>\n<meta property=\"article:modified_time\" content=\"2026-02-05T10:01:01+00:00\" \/>\n<meta property=\"og:image\" content=\"https:\/\/sublime-clinic.ch\/wp-content\/uploads\/2023\/07\/Aesthetic-Surgery.3.jpg\" \/>\n\t<meta property=\"og:image:width\" content=\"1000\" \/>\n\t<meta property=\"og:image:height\" content=\"667\" \/>\n\t<meta property=\"og:image:type\" content=\"image\/jpeg\" \/>\n<meta name=\"twitter:card\" content=\"summary_large_image\" \/>\n<meta name=\"twitter:label1\" content=\"Gesch\u00e4tzte Lesezeit\" \/>\n\t<meta name=\"twitter:data1\" content=\"5\u00a0Minuten\" \/>\n<script type=\"application\/ld+json\" class=\"yoast-schema-graph\">{\"@context\":\"https:\\\/\\\/schema.org\",\"@graph\":[{\"@type\":\"WebPage\",\"@id\":\"https:\\\/\\\/sublime-clinic.ch\\\/de\\\/aesthetische-chirurgie\\\/\",\"url\":\"https:\\\/\\\/sublime-clinic.ch\\\/de\\\/aesthetische-chirurgie\\\/\",\"name\":\"\u00c4sthetische Chirurgie in Istanbul, T\u00fcrkei, Schweiz, Katar, Frankreich\",\"isPartOf\":{\"@id\":\"https:\\\/\\\/sublime-clinic.ch\\\/de\\\/#website\"},\"primaryImageOfPage\":{\"@id\":\"https:\\\/\\\/sublime-clinic.ch\\\/de\\\/aesthetische-chirurgie\\\/#primaryimage\"},\"image\":{\"@id\":\"https:\\\/\\\/sublime-clinic.ch\\\/de\\\/aesthetische-chirurgie\\\/#primaryimage\"},\"thumbnailUrl\":\"https:\\\/\\\/sublime-clinic.ch\\\/wp-content\\\/uploads\\\/2023\\\/07\\\/Aesthetic-Surgery.3.jpg\",\"datePublished\":\"2023-07-07T10:28:55+00:00\",\"dateModified\":\"2026-02-05T10:01:01+00:00\",\"description\":\"Lassen Sie Ihre \u00e4sthetische Chirurgie in Istanbul, der T\u00fcrkei, der Schweiz, Katar, Frankreich, Deutschland und Spanien von der g\u00fcnstigsten Sublime Specialist Clinic durchf\u00fchren. Kontaktieren Sie uns f\u00fcr weitere Informationen.\",\"breadcrumb\":{\"@id\":\"https:\\\/\\\/sublime-clinic.ch\\\/de\\\/aesthetische-chirurgie\\\/#breadcrumb\"},\"inLanguage\":\"de\",\"potentialAction\":[{\"@type\":\"ReadAction\",\"target\":[\"https:\\\/\\\/sublime-clinic.ch\\\/de\\\/aesthetische-chirurgie\\\/\"]}]},{\"@type\":\"ImageObject\",\"inLanguage\":\"de\",\"@id\":\"https:\\\/\\\/sublime-clinic.ch\\\/de\\\/aesthetische-chirurgie\\\/#primaryimage\",\"url\":\"https:\\\/\\\/sublime-clinic.ch\\\/wp-content\\\/uploads\\\/2023\\\/07\\\/Aesthetic-Surgery.3.jpg\",\"contentUrl\":\"https:\\\/\\\/sublime-clinic.ch\\\/wp-content\\\/uploads\\\/2023\\\/07\\\/Aesthetic-Surgery.3.jpg\"},{\"@type\":\"BreadcrumbList\",\"@id\":\"https:\\\/\\\/sublime-clinic.ch\\\/de\\\/aesthetische-chirurgie\\\/#breadcrumb\",\"itemListElement\":[{\"@type\":\"ListItem\",\"position\":1,\"name\":\"Home\",\"item\":\"https:\\\/\\\/sublime-clinic.ch\\\/de\\\/startseite\\\/\"},{\"@type\":\"ListItem\",\"position\":2,\"name\":\"\u00c4sthetische Chirurgie\"}]},{\"@type\":\"WebSite\",\"@id\":\"https:\\\/\\\/sublime-clinic.ch\\\/de\\\/#website\",\"url\":\"https:\\\/\\\/sublime-clinic.ch\\\/de\\\/\",\"name\":\"Sublime\",\"description\":\"Specialist Clinic\",\"publisher\":{\"@id\":\"https:\\\/\\\/sublime-clinic.ch\\\/de\\\/#organization\"},\"potentialAction\":[{\"@type\":\"SearchAction\",\"target\":{\"@type\":\"EntryPoint\",\"urlTemplate\":\"https:\\\/\\\/sublime-clinic.ch\\\/de\\\/?s={search_term_string}\"},\"query-input\":{\"@type\":\"PropertyValueSpecification\",\"valueRequired\":true,\"valueName\":\"search_term_string\"}}],\"inLanguage\":\"de\"},{\"@type\":\"Organization\",\"@id\":\"https:\\\/\\\/sublime-clinic.ch\\\/de\\\/#organization\",\"name\":\"Sublime Clinic\",\"url\":\"https:\\\/\\\/sublime-clinic.ch\\\/de\\\/\",\"logo\":{\"@type\":\"ImageObject\",\"inLanguage\":\"de\",\"@id\":\"https:\\\/\\\/sublime-clinic.ch\\\/de\\\/#\\\/schema\\\/logo\\\/image\\\/\",\"url\":\"https:\\\/\\\/sublime-clinic.ch\\\/wp-content\\\/uploads\\\/2022\\\/06\\\/logo-sublime-clinic.png\",\"contentUrl\":\"https:\\\/\\\/sublime-clinic.ch\\\/wp-content\\\/uploads\\\/2022\\\/06\\\/logo-sublime-clinic.png\",\"width\":900,\"height\":794,\"caption\":\"Sublime Clinic\"},\"image\":{\"@id\":\"https:\\\/\\\/sublime-clinic.ch\\\/de\\\/#\\\/schema\\\/logo\\\/image\\\/\"}}]}<\/script>\n<!-- \/ Yoast SEO plugin. -->","yoast_head_json":{"title":"\u00c4sthetische Chirurgie in Istanbul, T\u00fcrkei, Schweiz, Katar, Frankreich","description":"Lassen Sie Ihre \u00e4sthetische Chirurgie in Istanbul, der T\u00fcrkei, der Schweiz, Katar, Frankreich, Deutschland und Spanien von der g\u00fcnstigsten Sublime Specialist Clinic durchf\u00fchren. Kontaktieren Sie uns f\u00fcr weitere Informationen.","robots":{"index":"index","follow":"follow","max-snippet":"max-snippet:-1","max-image-preview":"max-image-preview:large","max-video-preview":"max-video-preview:-1"},"canonical":"https:\/\/sublime-clinic.ch\/de\/aesthetische-chirurgie\/","og_locale":"de_DE","og_type":"article","og_title":"\u00c4sthetische Chirurgie in Istanbul, T\u00fcrkei, Schweiz, Katar, Frankreich","og_description":"Lassen Sie Ihre \u00e4sthetische Chirurgie in Istanbul, der T\u00fcrkei, der Schweiz, Katar, Frankreich, Deutschland und Spanien von der g\u00fcnstigsten Sublime Specialist Clinic durchf\u00fchren. Kontaktieren Sie uns f\u00fcr weitere Informationen.","og_url":"https:\/\/sublime-clinic.ch\/de\/aesthetische-chirurgie\/","og_site_name":"Sublime","article_modified_time":"2026-02-05T10:01:01+00:00","og_image":[{"width":1000,"height":667,"url":"https:\/\/sublime-clinic.ch\/wp-content\/uploads\/2023\/07\/Aesthetic-Surgery.3.jpg","type":"image\/jpeg"}],"twitter_card":"summary_large_image","twitter_misc":{"Gesch\u00e4tzte Lesezeit":"5\u00a0Minuten"},"schema":{"@context":"https:\/\/schema.org","@graph":[{"@type":"WebPage","@id":"https:\/\/sublime-clinic.ch\/de\/aesthetische-chirurgie\/","url":"https:\/\/sublime-clinic.ch\/de\/aesthetische-chirurgie\/","name":"\u00c4sthetische Chirurgie in Istanbul, T\u00fcrkei, Schweiz, Katar, Frankreich","isPartOf":{"@id":"https:\/\/sublime-clinic.ch\/de\/#website"},"primaryImageOfPage":{"@id":"https:\/\/sublime-clinic.ch\/de\/aesthetische-chirurgie\/#primaryimage"},"image":{"@id":"https:\/\/sublime-clinic.ch\/de\/aesthetische-chirurgie\/#primaryimage"},"thumbnailUrl":"https:\/\/sublime-clinic.ch\/wp-content\/uploads\/2023\/07\/Aesthetic-Surgery.3.jpg","datePublished":"2023-07-07T10:28:55+00:00","dateModified":"2026-02-05T10:01:01+00:00","description":"Lassen Sie Ihre \u00e4sthetische Chirurgie in Istanbul, der T\u00fcrkei, der Schweiz, Katar, Frankreich, Deutschland und Spanien von der g\u00fcnstigsten Sublime Specialist Clinic durchf\u00fchren. Kontaktieren Sie uns f\u00fcr weitere Informationen.","breadcrumb":{"@id":"https:\/\/sublime-clinic.ch\/de\/aesthetische-chirurgie\/#breadcrumb"},"inLanguage":"de","potentialAction":[{"@type":"ReadAction","target":["https:\/\/sublime-clinic.ch\/de\/aesthetische-chirurgie\/"]}]},{"@type":"ImageObject","inLanguage":"de","@id":"https:\/\/sublime-clinic.ch\/de\/aesthetische-chirurgie\/#primaryimage","url":"https:\/\/sublime-clinic.ch\/wp-content\/uploads\/2023\/07\/Aesthetic-Surgery.3.jpg","contentUrl":"https:\/\/sublime-clinic.ch\/wp-content\/uploads\/2023\/07\/Aesthetic-Surgery.3.jpg"},{"@type":"BreadcrumbList","@id":"https:\/\/sublime-clinic.ch\/de\/aesthetische-chirurgie\/#breadcrumb","itemListElement":[{"@type":"ListItem","position":1,"name":"Home","item":"https:\/\/sublime-clinic.ch\/de\/startseite\/"},{"@type":"ListItem","position":2,"name":"\u00c4sthetische Chirurgie"}]},{"@type":"WebSite","@id":"https:\/\/sublime-clinic.ch\/de\/#website","url":"https:\/\/sublime-clinic.ch\/de\/","name":"Sublime","description":"Specialist Clinic","publisher":{"@id":"https:\/\/sublime-clinic.ch\/de\/#organization"},"potentialAction":[{"@type":"SearchAction","target":{"@type":"EntryPoint","urlTemplate":"https:\/\/sublime-clinic.ch\/de\/?s={search_term_string}"},"query-input":{"@type":"PropertyValueSpecification","valueRequired":true,"valueName":"search_term_string"}}],"inLanguage":"de"},{"@type":"Organization","@id":"https:\/\/sublime-clinic.ch\/de\/#organization","name":"Sublime Clinic","url":"https:\/\/sublime-clinic.ch\/de\/","logo":{"@type":"ImageObject","inLanguage":"de","@id":"https:\/\/sublime-clinic.ch\/de\/#\/schema\/logo\/image\/","url":"https:\/\/sublime-clinic.ch\/wp-content\/uploads\/2022\/06\/logo-sublime-clinic.png","contentUrl":"https:\/\/sublime-clinic.ch\/wp-content\/uploads\/2022\/06\/logo-sublime-clinic.png","width":900,"height":794,"caption":"Sublime Clinic"},"image":{"@id":"https:\/\/sublime-clinic.ch\/de\/#\/schema\/logo\/image\/"}}]}},"_links":{"self":[{"href":"https:\/\/sublime-clinic.ch\/de\/wp-json\/wp\/v2\/pages\/40883","targetHints":{"allow":["GET"]}}],"collection":[{"href":"https:\/\/sublime-clinic.ch\/de\/wp-json\/wp\/v2\/pages"}],"about":[{"href":"https:\/\/sublime-clinic.ch\/de\/wp-json\/wp\/v2\/types\/page"}],"author":[{"embeddable":true,"href":"https:\/\/sublime-clinic.ch\/de\/wp-json\/wp\/v2\/users\/2"}],"replies":[{"embeddable":true,"href":"https:\/\/sublime-clinic.ch\/de\/wp-json\/wp\/v2\/comments?post=40883"}],"version-history":[{"count":5,"href":"https:\/\/sublime-clinic.ch\/de\/wp-json\/wp\/v2\/pages\/40883\/revisions"}],"predecessor-version":[{"id":44415,"href":"https:\/\/sublime-clinic.ch\/de\/wp-json\/wp\/v2\/pages\/40883\/revisions\/44415"}],"wp:attachment":[{"href":"https:\/\/sublime-clinic.ch\/de\/wp-json\/wp\/v2\/media?parent=40883"}],"curies":[{"name":"wp","href":"https:\/\/api.w.org\/{rel}","templated":true}]}}