{"id":42156,"date":"2024-02-01T10:52:04","date_gmt":"2024-02-01T09:52:04","guid":{"rendered":"https:\/\/sublime-clinic.ch\/?page_id=42156"},"modified":"2024-02-01T11:15:29","modified_gmt":"2024-02-01T10:15:29","slug":"general-condition","status":"publish","type":"page","link":"https:\/\/sublime-clinic.ch\/de\/general-condition\/","title":{"rendered":"General Condition"},"content":{"rendered":"\t\t<div data-elementor-type=\"wp-page\" data-elementor-id=\"42156\" class=\"elementor elementor-42156 elementor-42154\" data-elementor-post-type=\"page\">\n\t\t\t\t\t\t<section class=\"elementor-section elementor-top-section elementor-element elementor-element-455ef07 elementor-section-height-min-height elementor-section-items-stretch elementor-section-content-middle elementor-section-boxed elementor-section-height-default\" data-id=\"455ef07\" data-element_type=\"section\" data-e-type=\"section\" data-settings=\"{&quot;background_background&quot;:&quot;slideshow&quot;,&quot;background_slideshow_gallery&quot;:[{&quot;id&quot;:31329,&quot;url&quot;:&quot;https:\\\/\\\/sublime-clinic.ch\\\/wp-content\\\/uploads\\\/2022\\\/04\\\/medical-health-tool-in-surgical-operating-room-in-2021-12-09-06-49-06-utc.jpg&quot;},{&quot;id&quot;:31330,&quot;url&quot;:&quot;https:\\\/\\\/sublime-clinic.ch\\\/wp-content\\\/uploads\\\/2022\\\/04\\\/woman-standing-at-reception-of-dental-clinic-2022-01-27-22-54-40-utc.jpg&quot;},{&quot;id&quot;:31331,&quot;url&quot;:&quot;https:\\\/\\\/sublime-clinic.ch\\\/wp-content\\\/uploads\\\/2022\\\/04\\\/a-woman-has-a-dental-check-up-in-dentist-surgery-2021-08-27-17-58-25-utc.jpg&quot;}],&quot;background_slideshow_slide_duration&quot;:3000,&quot;background_slideshow_transition_duration&quot;:4000,&quot;background_slideshow_ken_burns&quot;:&quot;yes&quot;,&quot;background_slideshow_loop&quot;:&quot;yes&quot;,&quot;background_slideshow_slide_transition&quot;:&quot;fade&quot;,&quot;background_slideshow_ken_burns_zoom_direction&quot;:&quot;in&quot;}\">\n\t\t\t\t\t\t\t<div class=\"elementor-background-overlay\"><\/div>\n\t\t\t\t\t\t\t<div class=\"elementor-container elementor-column-gap-default\">\n\t\t\t\t\t<div class=\"elementor-column elementor-col-100 elementor-top-column elementor-element elementor-element-88cffd4\" data-id=\"88cffd4\" data-element_type=\"column\" data-e-type=\"column\">\n\t\t\t<div class=\"elementor-widget-wrap elementor-element-populated\">\n\t\t\t\t\t\t<section class=\"elementor-section elementor-inner-section elementor-element elementor-element-6b19534 elementor-section-boxed elementor-section-height-default elementor-section-height-default\" data-id=\"6b19534\" data-element_type=\"section\" data-e-type=\"section\">\n\t\t\t\t\t\t<div class=\"elementor-container elementor-column-gap-default\">\n\t\t\t\t\t<div class=\"elementor-column elementor-col-100 elementor-inner-column elementor-element elementor-element-75ba9f2 animated-slow elementor-invisible\" data-id=\"75ba9f2\" data-element_type=\"column\" data-e-type=\"column\" data-settings=\"{&quot;animation&quot;:&quot;fadeInDown&quot;,&quot;animation_delay&quot;:300}\">\n\t\t\t<div class=\"elementor-widget-wrap elementor-element-populated\">\n\t\t\t\t\t\t<div class=\"elementor-element elementor-element-f483e3d elementor-widget elementor-widget-heading\" data-id=\"f483e3d\" data-element_type=\"widget\" data-e-type=\"widget\" data-widget_type=\"heading.default\">\n\t\t\t\t<div class=\"elementor-widget-container\">\n\t\t\t\t\t<h1 class=\"elementor-heading-title elementor-size-default\">Allgemeine Eigentumsvoraussetzungen f\u00fcr Forderungen<\/h1>\t\t\t\t<\/div>\n\t\t\t\t<\/div>\n\t\t\t\t<div class=\"elementor-element elementor-element-15fdf68 elementor-widget__width-auto elementor-widget elementor-widget-button\" data-id=\"15fdf68\" data-element_type=\"widget\" data-e-type=\"widget\" data-widget_type=\"button.default\">\n\t\t\t\t<div class=\"elementor-widget-container\">\n\t\t\t\t\t\t\t\t\t<div class=\"elementor-button-wrapper\">\n\t\t\t\t\t<a class=\"elementor-button elementor-button-link elementor-size-sm\" href=\"https:\/\/sublime-clinic.ch\/de\/kontakt\/\">\n\t\t\t\t\t\t<span class=\"elementor-button-content-wrapper\">\n\t\t\t\t\t\t\t\t\t<span class=\"elementor-button-text\">Kontakt<\/span>\n\t\t\t\t\t<\/span>\n\t\t\t\t\t<\/a>\n\t\t\t\t<\/div>\n\t\t\t\t\t\t\t\t<\/div>\n\t\t\t\t<\/div>\n\t\t\t\t\t<\/div>\n\t\t<\/div>\n\t\t\t\t\t<\/div>\n\t\t<\/section>\n\t\t\t\t<div class=\"elementor-element elementor-element-50e6bbc animated-slow elementor-align-center elementor-invisible elementor-widget elementor-widget-lottie\" data-id=\"50e6bbc\" data-element_type=\"widget\" data-e-type=\"widget\" data-settings=\"{&quot;source&quot;:&quot;external_url&quot;,&quot;source_external_url&quot;:{&quot;url&quot;:&quot;https:\\\/\\\/assets9.lottiefiles.com\\\/private_files\\\/lf30_ul7SjW.json&quot;,&quot;is_external&quot;:&quot;&quot;,&quot;nofollow&quot;:&quot;&quot;,&quot;custom_attributes&quot;:&quot;&quot;},&quot;link_to&quot;:&quot;custom&quot;,&quot;loop&quot;:&quot;yes&quot;,&quot;play_speed&quot;:{&quot;unit&quot;:&quot;px&quot;,&quot;size&quot;:0.8,&quot;sizes&quot;:[]},&quot;_animation&quot;:&quot;fadeInDown&quot;,&quot;_animation_delay&quot;:500,&quot;custom_link&quot;:{&quot;url&quot;:&quot;#Klinik&quot;,&quot;is_external&quot;:&quot;&quot;,&quot;nofollow&quot;:&quot;&quot;,&quot;custom_attributes&quot;:&quot;&quot;},&quot;trigger&quot;:&quot;arriving_to_viewport&quot;,&quot;viewport&quot;:{&quot;unit&quot;:&quot;%&quot;,&quot;size&quot;:&quot;&quot;,&quot;sizes&quot;:{&quot;start&quot;:0,&quot;end&quot;:100}},&quot;start_point&quot;:{&quot;unit&quot;:&quot;%&quot;,&quot;size&quot;:0,&quot;sizes&quot;:[]},&quot;end_point&quot;:{&quot;unit&quot;:&quot;%&quot;,&quot;size&quot;:100,&quot;sizes&quot;:[]},&quot;renderer&quot;:&quot;svg&quot;}\" data-widget_type=\"lottie.default\">\n\t\t\t\t<div class=\"elementor-widget-container\">\n\t\t\t\t\t<a class=\"e-lottie__container__link\" href=\"#Klinik\"><div class=\"e-lottie__container\"><div class=\"e-lottie__animation\"><\/div><\/div><\/a>\t\t\t\t<\/div>\n\t\t\t\t<\/div>\n\t\t\t\t\t<\/div>\n\t\t<\/div>\n\t\t\t\t\t<\/div>\n\t\t<\/section>\n\t\t\t\t<section class=\"elementor-section elementor-top-section elementor-element elementor-element-1ce24be elementor-reverse-tablet elementor-reverse-mobile elementor-section-boxed elementor-section-height-default elementor-section-height-default\" data-id=\"1ce24be\" data-element_type=\"section\" data-e-type=\"section\" id=\"clinic\">\n\t\t\t\t\t\t<div class=\"elementor-container elementor-column-gap-default\">\n\t\t\t\t\t<div class=\"elementor-column elementor-col-100 elementor-top-column elementor-element elementor-element-5737246\" data-id=\"5737246\" data-element_type=\"column\" data-e-type=\"column\">\n\t\t\t<div class=\"elementor-widget-wrap elementor-element-populated\">\n\t\t\t\t\t\t<div class=\"elementor-element elementor-element-640afc6 elementor-widget elementor-widget-text-editor\" data-id=\"640afc6\" data-element_type=\"widget\" data-e-type=\"widget\" data-widget_type=\"text-editor.default\">\n\t\t\t\t<div class=\"elementor-widget-container\">\n\t\t\t\t\t\t\t\t\t<p>\u201eAlle Anspr\u00fcche, die sich aus von unserer Niederlassung in der Schweiz erbrachten medizinischen Leistungen und\/oder medizinischen Reisekosten ergeben, sind das ausschlie\u00dfliche Eigentum unserer Niederlassung Sublime Specialist Clinic. Wir behalten uns alle geistigen und finanziellen Eigentumsrechte an diesen Anspr\u00fcchen vor. Eine Abtretung oder \u00dcbertragung dieser Anspr\u00fcche ist nicht m\u00f6glich.\u201c ohne unsere vorherige schriftliche Zustimmung erfolgen.<\/p>\n\n<p>Es ist wichtig zu beachten, dass diese Klausel f\u00fcr alle Anspr\u00fcche gilt, einschlie\u00dflich medizinischer Geb\u00fchren, Beratungsgeb\u00fchren, Laborgeb\u00fchren und aller anderen von uns in Rechnung gestellten Dienstleistungen.<\/p>\n\n<p>Wir behalten uns au\u00dferdem das Recht vor, unbezahlte Forderungen mit allen verf\u00fcgbaren Rechtsmitteln einzuziehen, einschlie\u00dflich rechtlicher Schritte und Inkassoverfahren.<\/p>\n\n<p>Im Falle einer Streitigkeit \u00fcber das Eigentum an einer Forderung behalten wir uns das Recht vor, alle erforderlichen Beweise zur Feststellung des Eigentums an dieser Forderung vorzulegen.<\/p>\n\n<p>Wir danken Ihnen f\u00fcr Ihr Verst\u00e4ndnis und die Einhaltung dieser Bedingungen zum Eigentum an Forderungen.<\/p>\t\t\t\t\t\t\t\t<\/div>\n\t\t\t\t<\/div>\n\t\t\t\t\t<\/div>\n\t\t<\/div>\n\t\t\t\t\t<\/div>\n\t\t<\/section>\n\t\t\t\t<\/div>\n\t\t","protected":false},"excerpt":{"rendered":"<p>Allgemeine Eigentumsvoraussetzungen f\u00fcr Forderungen Kontakt \u201eAlle Anspr\u00fcche, die sich aus von unserer Niederlassung in der Schweiz erbrachten medizinischen Leistungen und\/oder medizinischen Reisekosten ergeben, sind das ausschlie\u00dfliche Eigentum unserer Niederlassung Sublime Specialist Clinic. Wir behalten uns alle geistigen und finanziellen Eigentumsrechte an diesen Anspr\u00fcchen vor. Eine Abtretung oder \u00dcbertragung dieser Anspr\u00fcche ist nicht m\u00f6glich.\u201c ohne unsere [&hellip;]<\/p>\n","protected":false},"author":2,"featured_media":0,"parent":0,"menu_order":0,"comment_status":"closed","ping_status":"closed","template":"","meta":{"footnotes":""},"class_list":["post-42156","page","type-page","status-publish","hentry"],"yoast_head":"<!-- This site is optimized with the Yoast SEO plugin v27.4 - https:\/\/yoast.com\/product\/yoast-seo-wordpress\/ -->\n<title>General Condition - Sublime<\/title>\n<meta name=\"robots\" content=\"index, follow, max-snippet:-1, max-image-preview:large, max-video-preview:-1\" \/>\n<link rel=\"canonical\" href=\"https:\/\/sublime-clinic.ch\/de\/general-condition\/\" \/>\n<meta property=\"og:locale\" content=\"de_DE\" \/>\n<meta property=\"og:type\" content=\"article\" \/>\n<meta property=\"og:title\" content=\"General Condition - Sublime\" \/>\n<meta property=\"og:description\" content=\"Allgemeine Eigentumsvoraussetzungen f\u00fcr Forderungen Kontakt \u201eAlle Anspr\u00fcche, die sich aus von unserer Niederlassung in der Schweiz erbrachten medizinischen Leistungen und\/oder medizinischen Reisekosten ergeben, sind das ausschlie\u00dfliche Eigentum unserer Niederlassung Sublime Specialist Clinic. Wir behalten uns alle geistigen und finanziellen Eigentumsrechte an diesen Anspr\u00fcchen vor. Eine Abtretung oder \u00dcbertragung dieser Anspr\u00fcche ist nicht m\u00f6glich.\u201c ohne unsere [&hellip;]\" \/>\n<meta property=\"og:url\" content=\"https:\/\/sublime-clinic.ch\/de\/general-condition\/\" \/>\n<meta property=\"og:site_name\" content=\"Sublime\" \/>\n<meta property=\"article:modified_time\" content=\"2024-02-01T10:15:29+00:00\" \/>\n<meta name=\"twitter:card\" content=\"summary_large_image\" \/>\n<meta name=\"twitter:label1\" content=\"Gesch\u00e4tzte Lesezeit\" \/>\n\t<meta name=\"twitter:data1\" content=\"10\u00a0Minuten\" \/>\n<script type=\"application\/ld+json\" class=\"yoast-schema-graph\">{\"@context\":\"https:\\\/\\\/schema.org\",\"@graph\":[{\"@type\":\"WebPage\",\"@id\":\"https:\\\/\\\/sublime-clinic.ch\\\/de\\\/general-condition\\\/\",\"url\":\"https:\\\/\\\/sublime-clinic.ch\\\/de\\\/general-condition\\\/\",\"name\":\"General Condition - Sublime\",\"isPartOf\":{\"@id\":\"https:\\\/\\\/sublime-clinic.ch\\\/de\\\/#website\"},\"datePublished\":\"2024-02-01T09:52:04+00:00\",\"dateModified\":\"2024-02-01T10:15:29+00:00\",\"breadcrumb\":{\"@id\":\"https:\\\/\\\/sublime-clinic.ch\\\/de\\\/general-condition\\\/#breadcrumb\"},\"inLanguage\":\"de\",\"potentialAction\":[{\"@type\":\"ReadAction\",\"target\":[\"https:\\\/\\\/sublime-clinic.ch\\\/de\\\/general-condition\\\/\"]}]},{\"@type\":\"BreadcrumbList\",\"@id\":\"https:\\\/\\\/sublime-clinic.ch\\\/de\\\/general-condition\\\/#breadcrumb\",\"itemListElement\":[{\"@type\":\"ListItem\",\"position\":1,\"name\":\"Home\",\"item\":\"https:\\\/\\\/sublime-clinic.ch\\\/de\\\/\"},{\"@type\":\"ListItem\",\"position\":2,\"name\":\"General Condition\"}]},{\"@type\":\"WebSite\",\"@id\":\"https:\\\/\\\/sublime-clinic.ch\\\/de\\\/#website\",\"url\":\"https:\\\/\\\/sublime-clinic.ch\\\/de\\\/\",\"name\":\"Sublime\",\"description\":\"Specialist Clinic\",\"publisher\":{\"@id\":\"https:\\\/\\\/sublime-clinic.ch\\\/de\\\/#organization\"},\"potentialAction\":[{\"@type\":\"SearchAction\",\"target\":{\"@type\":\"EntryPoint\",\"urlTemplate\":\"https:\\\/\\\/sublime-clinic.ch\\\/de\\\/?s={search_term_string}\"},\"query-input\":{\"@type\":\"PropertyValueSpecification\",\"valueRequired\":true,\"valueName\":\"search_term_string\"}}],\"inLanguage\":\"de\"},{\"@type\":\"Organization\",\"@id\":\"https:\\\/\\\/sublime-clinic.ch\\\/de\\\/#organization\",\"name\":\"Sublime Clinic\",\"url\":\"https:\\\/\\\/sublime-clinic.ch\\\/de\\\/\",\"logo\":{\"@type\":\"ImageObject\",\"inLanguage\":\"de\",\"@id\":\"https:\\\/\\\/sublime-clinic.ch\\\/de\\\/#\\\/schema\\\/logo\\\/image\\\/\",\"url\":\"https:\\\/\\\/sublime-clinic.ch\\\/wp-content\\\/uploads\\\/2022\\\/06\\\/logo-sublime-clinic.png\",\"contentUrl\":\"https:\\\/\\\/sublime-clinic.ch\\\/wp-content\\\/uploads\\\/2022\\\/06\\\/logo-sublime-clinic.png\",\"width\":900,\"height\":794,\"caption\":\"Sublime Clinic\"},\"image\":{\"@id\":\"https:\\\/\\\/sublime-clinic.ch\\\/de\\\/#\\\/schema\\\/logo\\\/image\\\/\"}}]}<\/script>\n<!-- \/ Yoast SEO plugin. -->","yoast_head_json":{"title":"General Condition - Sublime","robots":{"index":"index","follow":"follow","max-snippet":"max-snippet:-1","max-image-preview":"max-image-preview:large","max-video-preview":"max-video-preview:-1"},"canonical":"https:\/\/sublime-clinic.ch\/de\/general-condition\/","og_locale":"de_DE","og_type":"article","og_title":"General Condition - Sublime","og_description":"Allgemeine Eigentumsvoraussetzungen f\u00fcr Forderungen Kontakt \u201eAlle Anspr\u00fcche, die sich aus von unserer Niederlassung in der Schweiz erbrachten medizinischen Leistungen und\/oder medizinischen Reisekosten ergeben, sind das ausschlie\u00dfliche Eigentum unserer Niederlassung Sublime Specialist Clinic. Wir behalten uns alle geistigen und finanziellen Eigentumsrechte an diesen Anspr\u00fcchen vor. Eine Abtretung oder \u00dcbertragung dieser Anspr\u00fcche ist nicht m\u00f6glich.\u201c ohne unsere [&hellip;]","og_url":"https:\/\/sublime-clinic.ch\/de\/general-condition\/","og_site_name":"Sublime","article_modified_time":"2024-02-01T10:15:29+00:00","twitter_card":"summary_large_image","twitter_misc":{"Gesch\u00e4tzte Lesezeit":"10\u00a0Minuten"},"schema":{"@context":"https:\/\/schema.org","@graph":[{"@type":"WebPage","@id":"https:\/\/sublime-clinic.ch\/de\/general-condition\/","url":"https:\/\/sublime-clinic.ch\/de\/general-condition\/","name":"General Condition - Sublime","isPartOf":{"@id":"https:\/\/sublime-clinic.ch\/de\/#website"},"datePublished":"2024-02-01T09:52:04+00:00","dateModified":"2024-02-01T10:15:29+00:00","breadcrumb":{"@id":"https:\/\/sublime-clinic.ch\/de\/general-condition\/#breadcrumb"},"inLanguage":"de","potentialAction":[{"@type":"ReadAction","target":["https:\/\/sublime-clinic.ch\/de\/general-condition\/"]}]},{"@type":"BreadcrumbList","@id":"https:\/\/sublime-clinic.ch\/de\/general-condition\/#breadcrumb","itemListElement":[{"@type":"ListItem","position":1,"name":"Home","item":"https:\/\/sublime-clinic.ch\/de\/"},{"@type":"ListItem","position":2,"name":"General Condition"}]},{"@type":"WebSite","@id":"https:\/\/sublime-clinic.ch\/de\/#website","url":"https:\/\/sublime-clinic.ch\/de\/","name":"Sublime","description":"Specialist Clinic","publisher":{"@id":"https:\/\/sublime-clinic.ch\/de\/#organization"},"potentialAction":[{"@type":"SearchAction","target":{"@type":"EntryPoint","urlTemplate":"https:\/\/sublime-clinic.ch\/de\/?s={search_term_string}"},"query-input":{"@type":"PropertyValueSpecification","valueRequired":true,"valueName":"search_term_string"}}],"inLanguage":"de"},{"@type":"Organization","@id":"https:\/\/sublime-clinic.ch\/de\/#organization","name":"Sublime Clinic","url":"https:\/\/sublime-clinic.ch\/de\/","logo":{"@type":"ImageObject","inLanguage":"de","@id":"https:\/\/sublime-clinic.ch\/de\/#\/schema\/logo\/image\/","url":"https:\/\/sublime-clinic.ch\/wp-content\/uploads\/2022\/06\/logo-sublime-clinic.png","contentUrl":"https:\/\/sublime-clinic.ch\/wp-content\/uploads\/2022\/06\/logo-sublime-clinic.png","width":900,"height":794,"caption":"Sublime Clinic"},"image":{"@id":"https:\/\/sublime-clinic.ch\/de\/#\/schema\/logo\/image\/"}}]}},"_links":{"self":[{"href":"https:\/\/sublime-clinic.ch\/de\/wp-json\/wp\/v2\/pages\/42156","targetHints":{"allow":["GET"]}}],"collection":[{"href":"https:\/\/sublime-clinic.ch\/de\/wp-json\/wp\/v2\/pages"}],"about":[{"href":"https:\/\/sublime-clinic.ch\/de\/wp-json\/wp\/v2\/types\/page"}],"author":[{"embeddable":true,"href":"https:\/\/sublime-clinic.ch\/de\/wp-json\/wp\/v2\/users\/2"}],"replies":[{"embeddable":true,"href":"https:\/\/sublime-clinic.ch\/de\/wp-json\/wp\/v2\/comments?post=42156"}],"version-history":[{"count":4,"href":"https:\/\/sublime-clinic.ch\/de\/wp-json\/wp\/v2\/pages\/42156\/revisions"}],"predecessor-version":[{"id":42175,"href":"https:\/\/sublime-clinic.ch\/de\/wp-json\/wp\/v2\/pages\/42156\/revisions\/42175"}],"wp:attachment":[{"href":"https:\/\/sublime-clinic.ch\/de\/wp-json\/wp\/v2\/media?parent=42156"}],"curies":[{"name":"wp","href":"https:\/\/api.w.org\/{rel}","templated":true}]}}