{"id":40885,"date":"2023-07-07T12:31:25","date_gmt":"2023-07-07T10:31:25","guid":{"rendered":"https:\/\/sublime-clinic.ch\/?page_id=40885"},"modified":"2026-02-05T11:12:30","modified_gmt":"2026-02-05T10:12:30","slug":"cirugia-estetica","status":"publish","type":"page","link":"https:\/\/sublime-clinic.ch\/es\/cirugia-estetica\/","title":{"rendered":"Cirug\u00eda Est\u00e9tica"},"content":{"rendered":"\t\t<div data-elementor-type=\"wp-page\" data-elementor-id=\"40885\" class=\"elementor elementor-40885 elementor-40881\" data-elementor-post-type=\"page\">\n\t\t\t\t\t\t<section class=\"elementor-section elementor-top-section elementor-element elementor-element-4827bb20 elementor-section-height-min-height elementor-section-boxed elementor-section-height-default elementor-section-items-middle\" data-id=\"4827bb20\" data-element_type=\"section\" data-e-type=\"section\" data-settings=\"{&quot;background_background&quot;:&quot;slideshow&quot;,&quot;background_slideshow_gallery&quot;:[{&quot;id&quot;:41025,&quot;url&quot;:&quot;https:\\\/\\\/sublime-clinic.ch\\\/wp-content\\\/uploads\\\/2023\\\/07\\\/Aesthetic-Surgery.1-Copy-1.jpg&quot;},{&quot;id&quot;:41019,&quot;url&quot;:&quot;https:\\\/\\\/sublime-clinic.ch\\\/wp-content\\\/uploads\\\/2023\\\/07\\\/Aesthetic-Surgery.1-Copy-Copy.jpg&quot;}],&quot;background_slideshow_lazyload&quot;:&quot;yes&quot;,&quot;background_slideshow_ken_burns&quot;:&quot;yes&quot;,&quot;background_slideshow_loop&quot;:&quot;yes&quot;,&quot;background_slideshow_slide_duration&quot;:5000,&quot;background_slideshow_slide_transition&quot;:&quot;fade&quot;,&quot;background_slideshow_transition_duration&quot;:500,&quot;background_slideshow_ken_burns_zoom_direction&quot;:&quot;in&quot;}\">\n\t\t\t\t\t\t\t<div class=\"elementor-background-overlay\"><\/div>\n\t\t\t\t\t\t\t<div class=\"elementor-container elementor-column-gap-default\">\n\t\t\t\t\t<div class=\"elementor-column elementor-col-100 elementor-top-column elementor-element elementor-element-262e482c\" data-id=\"262e482c\" data-element_type=\"column\" data-e-type=\"column\">\n\t\t\t<div class=\"elementor-widget-wrap elementor-element-populated\">\n\t\t\t\t\t\t<div class=\"elementor-element elementor-element-3c7a80d8 elementor-widget elementor-widget-heading\" data-id=\"3c7a80d8\" data-element_type=\"widget\" data-e-type=\"widget\" data-widget_type=\"heading.default\">\n\t\t\t\t<div class=\"elementor-widget-container\">\n\t\t\t\t\t<h2 class=\"elementor-heading-title elementor-size-default\">cirug\u00eda est\u00e9tica<\/h2>\t\t\t\t<\/div>\n\t\t\t\t<\/div>\n\t\t\t\t<div class=\"elementor-element elementor-element-13074c1b elementor-widget elementor-widget-text-editor\" data-id=\"13074c1b\" data-element_type=\"widget\" data-e-type=\"widget\" data-widget_type=\"text-editor.default\">\n\t\t\t\t<div class=\"elementor-widget-container\">\n\t\t\t\t\t\t\t\t\t<p>Luce joven y hermosa con cirug\u00eda est\u00e9tica en Turqu\u00eda<\/p><p>Sublime Clinic es un centro l\u00edder de cirug\u00eda est\u00e9tica en Estambul, Turqu\u00eda, que realiza liposucci\u00f3n, contorno corporal, cirug\u00eda de gl\u00fateos, cirug\u00eda de seis paquetes, rinoplastia, cirug\u00eda de senos y m\u00e1s para transformar las \u00e1reas de su cuerpo en la forma y apariencia deseadas.<\/p><p>Nuestros especialistas acreditados internacionalmente ofrecen cirug\u00eda est\u00e9tica de vanguardia en Suiza y Turqu\u00eda que realza su belleza natural. Seguimos procedimientos tecnol\u00f3gicamente avanzados y enfoques personalizados para garantizar un tratamiento excelente para cada paciente.<br \/>\u00a1Cont\u00e1ctanos para saber m\u00e1s!<\/p>\t\t\t\t\t\t\t\t<\/div>\n\t\t\t\t<\/div>\n\t\t\t\t<div class=\"elementor-element elementor-element-48340207 animated-slow elementor-align-center elementor-invisible elementor-widget elementor-widget-lottie\" data-id=\"48340207\" data-element_type=\"widget\" data-e-type=\"widget\" data-settings=\"{&quot;source&quot;:&quot;external_url&quot;,&quot;source_external_url&quot;:{&quot;url&quot;:&quot;https:\\\/\\\/assets9.lottiefiles.com\\\/private_files\\\/lf30_ul7SjW.json&quot;,&quot;is_external&quot;:&quot;&quot;,&quot;nofollow&quot;:&quot;&quot;,&quot;custom_attributes&quot;:&quot;&quot;},&quot;link_to&quot;:&quot;custom&quot;,&quot;loop&quot;:&quot;yes&quot;,&quot;play_speed&quot;:{&quot;unit&quot;:&quot;px&quot;,&quot;size&quot;:0.8,&quot;sizes&quot;:[]},&quot;_animation&quot;:&quot;fadeInDown&quot;,&quot;_animation_delay&quot;:500,&quot;custom_link&quot;:{&quot;url&quot;:&quot;#jump&quot;,&quot;is_external&quot;:&quot;&quot;,&quot;nofollow&quot;:&quot;&quot;,&quot;custom_attributes&quot;:&quot;&quot;},&quot;trigger&quot;:&quot;arriving_to_viewport&quot;,&quot;viewport&quot;:{&quot;unit&quot;:&quot;%&quot;,&quot;size&quot;:&quot;&quot;,&quot;sizes&quot;:{&quot;start&quot;:0,&quot;end&quot;:100}},&quot;start_point&quot;:{&quot;unit&quot;:&quot;%&quot;,&quot;size&quot;:0,&quot;sizes&quot;:[]},&quot;end_point&quot;:{&quot;unit&quot;:&quot;%&quot;,&quot;size&quot;:100,&quot;sizes&quot;:[]},&quot;renderer&quot;:&quot;svg&quot;}\" data-widget_type=\"lottie.default\">\n\t\t\t\t<div class=\"elementor-widget-container\">\n\t\t\t\t\t<a class=\"e-lottie__container__link\" href=\"#jump\"><div class=\"e-lottie__container\"><div class=\"e-lottie__animation\"><\/div><\/div><\/a>\t\t\t\t<\/div>\n\t\t\t\t<\/div>\n\t\t\t\t\t<\/div>\n\t\t<\/div>\n\t\t\t\t\t<\/div>\n\t\t<\/section>\n\t\t\t\t<section class=\"elementor-section elementor-top-section elementor-element elementor-element-72890b20 elementor-reverse-tablet elementor-reverse-mobile elementor-section-boxed elementor-section-height-default elementor-section-height-default\" data-id=\"72890b20\" data-element_type=\"section\" data-e-type=\"section\" id=\"jump\">\n\t\t\t\t\t\t<div class=\"elementor-container elementor-column-gap-default\">\n\t\t\t\t\t<div class=\"elementor-column elementor-col-50 elementor-top-column elementor-element elementor-element-5e96f15e\" data-id=\"5e96f15e\" data-element_type=\"column\" data-e-type=\"column\">\n\t\t\t<div class=\"elementor-widget-wrap elementor-element-populated\">\n\t\t\t\t\t\t<div class=\"elementor-element elementor-element-1e263f55 elementor-widget elementor-widget-image\" data-id=\"1e263f55\" data-element_type=\"widget\" data-e-type=\"widget\" data-widget_type=\"image.default\">\n\t\t\t\t<div class=\"elementor-widget-container\">\n\t\t\t\t\t\t\t\t\t\t\t\t\t\t\t<img fetchpriority=\"high\" decoding=\"async\" width=\"1000\" height=\"667\" src=\"https:\/\/sublime-clinic.ch\/wp-content\/uploads\/2023\/07\/Aesthetic-Surgery.3.jpg\" class=\"elementor-animation-float attachment-full size-full wp-image-41010\" alt=\"\" srcset=\"https:\/\/sublime-clinic.ch\/wp-content\/uploads\/2023\/07\/Aesthetic-Surgery.3.jpg 1000w, https:\/\/sublime-clinic.ch\/wp-content\/uploads\/2023\/07\/Aesthetic-Surgery.3-300x200.jpg 300w, https:\/\/sublime-clinic.ch\/wp-content\/uploads\/2023\/07\/Aesthetic-Surgery.3-768x512.jpg 768w\" sizes=\"(max-width: 1000px) 100vw, 1000px\" \/>\t\t\t\t\t\t\t\t\t\t\t\t\t\t\t<\/div>\n\t\t\t\t<\/div>\n\t\t\t\t\t<\/div>\n\t\t<\/div>\n\t\t\t\t<div class=\"elementor-column elementor-col-50 elementor-top-column elementor-element elementor-element-521bc3b5\" data-id=\"521bc3b5\" data-element_type=\"column\" data-e-type=\"column\">\n\t\t\t<div class=\"elementor-widget-wrap elementor-element-populated\">\n\t\t\t\t\t\t<div class=\"elementor-element elementor-element-1c4ee138 elementor-widget elementor-widget-heading\" data-id=\"1c4ee138\" data-element_type=\"widget\" data-e-type=\"widget\" data-widget_type=\"heading.default\">\n\t\t\t\t<div class=\"elementor-widget-container\">\n\t\t\t\t\t<span class=\"elementor-heading-title elementor-size-default\">what's this<\/span>\t\t\t\t<\/div>\n\t\t\t\t<\/div>\n\t\t\t\t<div class=\"elementor-element elementor-element-23534b91 elementor-widget__width-auto elementor-widget elementor-widget-heading\" data-id=\"23534b91\" data-element_type=\"widget\" data-e-type=\"widget\" data-widget_type=\"heading.default\">\n\t\t\t\t<div class=\"elementor-widget-container\">\n\t\t\t\t\t<h2 class=\"elementor-heading-title elementor-size-default\">Tratamientos de Cirug\u00eda Est\u00e9tica por Expertos<\/h2>\t\t\t\t<\/div>\n\t\t\t\t<\/div>\n\t\t\t\t<div class=\"elementor-element elementor-element-11abd777 elementor-widget elementor-widget-text-editor\" data-id=\"11abd777\" data-element_type=\"widget\" data-e-type=\"widget\" data-widget_type=\"text-editor.default\">\n\t\t\t\t<div class=\"elementor-widget-container\">\n\t\t\t\t\t\t\t\t\t<p>Nuestra cirug\u00eda pl\u00e1stica est\u00e9tica es ideal para pacientes que desean modificar su apariencia f\u00edsica para sentirse seguros y j\u00f3venes. Dar forma a una mejor silueta, liposucci\u00f3n de vientre o pierna, rinoplastia (correcci\u00f3n de nariz), estiramiento facial, levantamiento de gl\u00fateos y senos voluminosos son razones para elegir la cirug\u00eda est\u00e9tica en Turqu\u00eda en Sublime Clinic.<\/p><p>Somos reconocidos por proporcionar tratamiento de cirug\u00eda est\u00e9tica pl\u00e1stica de alta calidad por nuestros profesionales experimentados y calificados. Desde la consulta inicial hasta el seguimiento posterior al tratamiento, llevamos a cabo cada procedimiento con la m\u00e1xima atenci\u00f3n y cuidado para brindar una satisfacci\u00f3n del 100%.<\/p><p>Nuestra prioridad es USTED y, por lo tanto, brindamos el mejor tratamiento est\u00e9tico a precios nominales, con total transparencia y su idioma. Nuestra cl\u00ednica es ampliamente apreciada por su diversa experiencia, conocimientos, personal certificado por la junta y los m\u00e1s altos est\u00e1ndares internacionales.<\/p>\t\t\t\t\t\t\t\t<\/div>\n\t\t\t\t<\/div>\n\t\t\t\t<div class=\"elementor-element elementor-element-793337bf elementor-widget elementor-widget-button\" data-id=\"793337bf\" data-element_type=\"widget\" data-e-type=\"widget\" data-widget_type=\"button.default\">\n\t\t\t\t<div class=\"elementor-widget-container\">\n\t\t\t\t\t\t\t\t\t<div class=\"elementor-button-wrapper\">\n\t\t\t\t\t<a class=\"elementor-button elementor-button-link elementor-size-sm\" href=\"tel:+41%2076%20774%2096%2087\">\n\t\t\t\t\t\t<span class=\"elementor-button-content-wrapper\">\n\t\t\t\t\t\t\t\t\t<span class=\"elementor-button-text\">Contact Us to book<\/span>\n\t\t\t\t\t<\/span>\n\t\t\t\t\t<\/a>\n\t\t\t\t<\/div>\n\t\t\t\t\t\t\t\t<\/div>\n\t\t\t\t<\/div>\n\t\t\t\t\t<\/div>\n\t\t<\/div>\n\t\t\t\t\t<\/div>\n\t\t<\/section>\n\t\t\t\t<section class=\"elementor-section elementor-top-section elementor-element elementor-element-42d67a37 elementor-section-boxed elementor-section-height-default elementor-section-height-default\" data-id=\"42d67a37\" data-element_type=\"section\" data-e-type=\"section\" data-settings=\"{&quot;background_background&quot;:&quot;classic&quot;}\">\n\t\t\t\t\t\t<div class=\"elementor-container elementor-column-gap-default\">\n\t\t\t\t\t<div class=\"elementor-column elementor-col-100 elementor-top-column elementor-element elementor-element-317a401f\" data-id=\"317a401f\" data-element_type=\"column\" data-e-type=\"column\">\n\t\t\t<div class=\"elementor-widget-wrap elementor-element-populated\">\n\t\t\t\t\t\t<div class=\"elementor-element elementor-element-73a038ca elementor-widget elementor-widget-heading\" data-id=\"73a038ca\" data-element_type=\"widget\" data-e-type=\"widget\" data-widget_type=\"heading.default\">\n\t\t\t\t<div class=\"elementor-widget-container\">\n\t\t\t\t\t<span class=\"elementor-heading-title elementor-size-default\">Services<\/span>\t\t\t\t<\/div>\n\t\t\t\t<\/div>\n\t\t\t\t<div class=\"elementor-element elementor-element-5cbd9197 elementor-widget__width-auto elementor-widget elementor-widget-heading\" data-id=\"5cbd9197\" data-element_type=\"widget\" data-e-type=\"widget\" data-widget_type=\"heading.default\">\n\t\t\t\t<div class=\"elementor-widget-container\">\n\t\t\t\t\t<h2 class=\"elementor-heading-title elementor-size-default\">Tratamientos de Cirug\u00eda Est\u00e9tica que Ofrecemos<\/h2>\t\t\t\t<\/div>\n\t\t\t\t<\/div>\n\t\t\t\t<div class=\"elementor-element elementor-element-18b773dc elementor-widget elementor-widget-text-editor\" data-id=\"18b773dc\" data-element_type=\"widget\" data-e-type=\"widget\" data-widget_type=\"text-editor.default\">\n\t\t\t\t<div class=\"elementor-widget-container\">\n\t\t\t\t\t\t\t\t\t<p>Sublime Clinic se especializa en cirug\u00eda est\u00e9tica en Turqu\u00eda y ofrece una variedad de servicios para satisfacer todos sus deseos. Ponemos lo mejor de nuestro conocimiento y experiencia para lograr resultados que cumplan o superen sus expectativas. Utilizamos los equipos quir\u00fargicos m\u00e1s avanzados y tratamientos de alta calidad para garantizar procedimientos seguros, menos indoloros y efectivos.<\/p><p>\u2022 Rinoplastia (cirug\u00eda de nariz)<br \/>\u2022 Cirug\u00eda de mama<br \/>\u2022 Liposucci\u00f3n<br \/>\u2022 Cirug\u00eda de gl\u00fateos<br \/>\u2022 Abdominoplastia (abdominoplastia)<br \/>\u2022 Trasplante capilar<br \/>\u2022 Procedimientos faciales<br \/>\u2022 Contorno corporal<br \/>\u2022 Lifting facial<br \/>\u2022 Cirug\u00eda de cuerpo completo<\/p><p>No dude en ponerse en contacto con nosotros. Nuestros especialistas en cirug\u00eda est\u00e9tica est\u00e1n siempre a tu disposici\u00f3n para acompa\u00f1arte durante todo el proceso. Con enfoques quir\u00fargicos centrados en la soluci\u00f3n, proporcionamos a los pacientes diagn\u00f3sticos oportunos y seguimientos cercanos en todo momento.<\/p>\t\t\t\t\t\t\t\t<\/div>\n\t\t\t\t<\/div>\n\t\t\t\t<div class=\"elementor-element elementor-element-2a6a6f5 elementor-widget__width-auto elementor-widget elementor-widget-heading\" data-id=\"2a6a6f5\" data-element_type=\"widget\" data-e-type=\"widget\" data-widget_type=\"heading.default\">\n\t\t\t\t<div class=\"elementor-widget-container\">\n\t\t\t\t\t<h2 class=\"elementor-heading-title elementor-size-default\">Obtenga servicios VIP de alta calidad en Sublime Clinic\n<\/h2>\t\t\t\t<\/div>\n\t\t\t\t<\/div>\n\t\t\t\t<div class=\"elementor-element elementor-element-0c23267 elementor-widget elementor-widget-text-editor\" data-id=\"0c23267\" data-element_type=\"widget\" data-e-type=\"widget\" data-widget_type=\"text-editor.default\">\n\t\t\t\t<div class=\"elementor-widget-container\">\n\t\t\t\t\t\t\t\t\t<p>En Sublime Clinic, ofrecemos paquetes de cirug\u00eda est\u00e9tica con todo incluido para satisfacer sus necesidades especiales. Acompa\u00f1amos a nuestros pacientes en cada etapa para asegurarnos de que se sientan como en casa y nunca solos.<\/p><p>Una vez que llegue a nuestro lugar, recibir\u00e1 una llamada de una persona de habla hispana que lo asistir\u00e1 durante toda la estad\u00eda. Nuestros paquetes VIP confiables incluyen un conductor privado, autom\u00f3vil de lujo, alojamiento en hotel de 5 estrellas, habitaci\u00f3n doble con una persona de su elecci\u00f3n y traductor.<\/p><p>Obtendr\u00e1 hasta un 70% de reducci\u00f3n en comparaci\u00f3n con los precios en Suiza.<\/p><p>\u00a1Solicite un presupuesto gratuito, preciso y sin compromiso!<\/p>\t\t\t\t\t\t\t\t<\/div>\n\t\t\t\t<\/div>\n\t\t\t\t<div class=\"elementor-element elementor-element-7926381 elementor-align-center elementor-widget elementor-widget-button\" data-id=\"7926381\" data-element_type=\"widget\" data-e-type=\"widget\" data-widget_type=\"button.default\">\n\t\t\t\t<div class=\"elementor-widget-container\">\n\t\t\t\t\t\t\t\t\t<div class=\"elementor-button-wrapper\">\n\t\t\t\t\t<a class=\"elementor-button elementor-button-link elementor-size-sm\" href=\"tel:+41%2076%20774%2096%2087\">\n\t\t\t\t\t\t<span class=\"elementor-button-content-wrapper\">\n\t\t\t\t\t\t\t\t\t<span class=\"elementor-button-text\">Schedule a consultation today!<\/span>\n\t\t\t\t\t<\/span>\n\t\t\t\t\t<\/a>\n\t\t\t\t<\/div>\n\t\t\t\t\t\t\t\t<\/div>\n\t\t\t\t<\/div>\n\t\t\t\t\t<\/div>\n\t\t<\/div>\n\t\t\t\t\t<\/div>\n\t\t<\/section>\n\t\t\t\t<\/div>\n\t\t","protected":false},"excerpt":{"rendered":"<p>cirug\u00eda est\u00e9tica Luce joven y hermosa con cirug\u00eda est\u00e9tica en Turqu\u00eda Sublime Clinic es un centro l\u00edder de cirug\u00eda est\u00e9tica en Estambul, Turqu\u00eda, que realiza liposucci\u00f3n, contorno corporal, cirug\u00eda de gl\u00fateos, cirug\u00eda de seis paquetes, rinoplastia, cirug\u00eda de senos y m\u00e1s para transformar las \u00e1reas de su cuerpo en la forma y apariencia deseadas. Nuestros [&hellip;]<\/p>\n","protected":false},"author":2,"featured_media":0,"parent":0,"menu_order":0,"comment_status":"closed","ping_status":"closed","template":"","meta":{"footnotes":""},"class_list":["post-40885","page","type-page","status-publish","hentry"],"yoast_head":"<!-- This site is optimized with the Yoast SEO plugin v27.4 - https:\/\/yoast.com\/product\/yoast-seo-wordpress\/ -->\n<title>Cirug\u00eda est\u00e9tica en Estambul, Turqu\u00eda, Suiza, Qatar, Francia<\/title>\n<meta name=\"description\" content=\"Realice su cirug\u00eda est\u00e9tica en Estambul, Turqu\u00eda, Suiza, Qatar, Francia, Alemania, Espa\u00f1a por la Cl\u00ednica Especializada Sublime m\u00e1s asequible. Cont\u00e1ctenos para informaci\u00f3n.\" \/>\n<meta name=\"robots\" content=\"index, follow, max-snippet:-1, max-image-preview:large, max-video-preview:-1\" \/>\n<link rel=\"canonical\" href=\"https:\/\/sublime-clinic.ch\/es\/cirugia-estetica\/\" \/>\n<meta property=\"og:locale\" content=\"es_ES\" \/>\n<meta property=\"og:type\" content=\"article\" \/>\n<meta property=\"og:title\" content=\"Cirug\u00eda est\u00e9tica en Estambul, Turqu\u00eda, Suiza, Qatar, Francia\" \/>\n<meta property=\"og:description\" content=\"Realice su cirug\u00eda est\u00e9tica en Estambul, Turqu\u00eda, Suiza, Qatar, Francia, Alemania, Espa\u00f1a por la Cl\u00ednica Especializada Sublime m\u00e1s asequible. Cont\u00e1ctenos para informaci\u00f3n.\" \/>\n<meta property=\"og:url\" content=\"https:\/\/sublime-clinic.ch\/es\/cirugia-estetica\/\" \/>\n<meta property=\"og:site_name\" content=\"Sublime\" \/>\n<meta property=\"article:modified_time\" content=\"2026-02-05T10:12:30+00:00\" \/>\n<meta property=\"og:image\" content=\"https:\/\/sublime-clinic.ch\/wp-content\/uploads\/2023\/07\/Aesthetic-Surgery.3.jpg\" \/>\n\t<meta property=\"og:image:width\" content=\"1000\" \/>\n\t<meta property=\"og:image:height\" content=\"667\" \/>\n\t<meta property=\"og:image:type\" content=\"image\/jpeg\" \/>\n<meta name=\"twitter:card\" content=\"summary_large_image\" \/>\n<meta name=\"twitter:label1\" content=\"Tiempo de lectura\" \/>\n\t<meta name=\"twitter:data1\" content=\"5 minutos\" \/>\n<script type=\"application\/ld+json\" class=\"yoast-schema-graph\">{\"@context\":\"https:\\\/\\\/schema.org\",\"@graph\":[{\"@type\":\"WebPage\",\"@id\":\"https:\\\/\\\/sublime-clinic.ch\\\/es\\\/cirugia-estetica\\\/\",\"url\":\"https:\\\/\\\/sublime-clinic.ch\\\/es\\\/cirugia-estetica\\\/\",\"name\":\"Cirug\u00eda est\u00e9tica en Estambul, Turqu\u00eda, Suiza, Qatar, Francia\",\"isPartOf\":{\"@id\":\"https:\\\/\\\/sublime-clinic.ch\\\/es\\\/#website\"},\"primaryImageOfPage\":{\"@id\":\"https:\\\/\\\/sublime-clinic.ch\\\/es\\\/cirugia-estetica\\\/#primaryimage\"},\"image\":{\"@id\":\"https:\\\/\\\/sublime-clinic.ch\\\/es\\\/cirugia-estetica\\\/#primaryimage\"},\"thumbnailUrl\":\"https:\\\/\\\/sublime-clinic.ch\\\/wp-content\\\/uploads\\\/2023\\\/07\\\/Aesthetic-Surgery.3.jpg\",\"datePublished\":\"2023-07-07T10:31:25+00:00\",\"dateModified\":\"2026-02-05T10:12:30+00:00\",\"description\":\"Realice su cirug\u00eda est\u00e9tica en Estambul, Turqu\u00eda, Suiza, Qatar, Francia, Alemania, Espa\u00f1a por la Cl\u00ednica Especializada Sublime m\u00e1s asequible. Cont\u00e1ctenos para informaci\u00f3n.\",\"breadcrumb\":{\"@id\":\"https:\\\/\\\/sublime-clinic.ch\\\/es\\\/cirugia-estetica\\\/#breadcrumb\"},\"inLanguage\":\"es\",\"potentialAction\":[{\"@type\":\"ReadAction\",\"target\":[\"https:\\\/\\\/sublime-clinic.ch\\\/es\\\/cirugia-estetica\\\/\"]}]},{\"@type\":\"ImageObject\",\"inLanguage\":\"es\",\"@id\":\"https:\\\/\\\/sublime-clinic.ch\\\/es\\\/cirugia-estetica\\\/#primaryimage\",\"url\":\"https:\\\/\\\/sublime-clinic.ch\\\/wp-content\\\/uploads\\\/2023\\\/07\\\/Aesthetic-Surgery.3.jpg\",\"contentUrl\":\"https:\\\/\\\/sublime-clinic.ch\\\/wp-content\\\/uploads\\\/2023\\\/07\\\/Aesthetic-Surgery.3.jpg\"},{\"@type\":\"BreadcrumbList\",\"@id\":\"https:\\\/\\\/sublime-clinic.ch\\\/es\\\/cirugia-estetica\\\/#breadcrumb\",\"itemListElement\":[{\"@type\":\"ListItem\",\"position\":1,\"name\":\"Home\",\"item\":\"https:\\\/\\\/sublime-clinic.ch\\\/es\\\/\"},{\"@type\":\"ListItem\",\"position\":2,\"name\":\"Cirug\u00eda Est\u00e9tica\"}]},{\"@type\":\"WebSite\",\"@id\":\"https:\\\/\\\/sublime-clinic.ch\\\/es\\\/#website\",\"url\":\"https:\\\/\\\/sublime-clinic.ch\\\/es\\\/\",\"name\":\"Sublime\",\"description\":\"Specialist Clinic\",\"publisher\":{\"@id\":\"https:\\\/\\\/sublime-clinic.ch\\\/es\\\/#organization\"},\"potentialAction\":[{\"@type\":\"SearchAction\",\"target\":{\"@type\":\"EntryPoint\",\"urlTemplate\":\"https:\\\/\\\/sublime-clinic.ch\\\/es\\\/?s={search_term_string}\"},\"query-input\":{\"@type\":\"PropertyValueSpecification\",\"valueRequired\":true,\"valueName\":\"search_term_string\"}}],\"inLanguage\":\"es\"},{\"@type\":\"Organization\",\"@id\":\"https:\\\/\\\/sublime-clinic.ch\\\/es\\\/#organization\",\"name\":\"Sublime Clinic\",\"url\":\"https:\\\/\\\/sublime-clinic.ch\\\/es\\\/\",\"logo\":{\"@type\":\"ImageObject\",\"inLanguage\":\"es\",\"@id\":\"https:\\\/\\\/sublime-clinic.ch\\\/es\\\/#\\\/schema\\\/logo\\\/image\\\/\",\"url\":\"https:\\\/\\\/sublime-clinic.ch\\\/wp-content\\\/uploads\\\/2022\\\/06\\\/logo-sublime-clinic.png\",\"contentUrl\":\"https:\\\/\\\/sublime-clinic.ch\\\/wp-content\\\/uploads\\\/2022\\\/06\\\/logo-sublime-clinic.png\",\"width\":900,\"height\":794,\"caption\":\"Sublime Clinic\"},\"image\":{\"@id\":\"https:\\\/\\\/sublime-clinic.ch\\\/es\\\/#\\\/schema\\\/logo\\\/image\\\/\"}}]}<\/script>\n<!-- \/ Yoast SEO plugin. -->","yoast_head_json":{"title":"Cirug\u00eda est\u00e9tica en Estambul, Turqu\u00eda, Suiza, Qatar, Francia","description":"Realice su cirug\u00eda est\u00e9tica en Estambul, Turqu\u00eda, Suiza, Qatar, Francia, Alemania, Espa\u00f1a por la Cl\u00ednica Especializada Sublime m\u00e1s asequible. Cont\u00e1ctenos para informaci\u00f3n.","robots":{"index":"index","follow":"follow","max-snippet":"max-snippet:-1","max-image-preview":"max-image-preview:large","max-video-preview":"max-video-preview:-1"},"canonical":"https:\/\/sublime-clinic.ch\/es\/cirugia-estetica\/","og_locale":"es_ES","og_type":"article","og_title":"Cirug\u00eda est\u00e9tica en Estambul, Turqu\u00eda, Suiza, Qatar, Francia","og_description":"Realice su cirug\u00eda est\u00e9tica en Estambul, Turqu\u00eda, Suiza, Qatar, Francia, Alemania, Espa\u00f1a por la Cl\u00ednica Especializada Sublime m\u00e1s asequible. Cont\u00e1ctenos para informaci\u00f3n.","og_url":"https:\/\/sublime-clinic.ch\/es\/cirugia-estetica\/","og_site_name":"Sublime","article_modified_time":"2026-02-05T10:12:30+00:00","og_image":[{"width":1000,"height":667,"url":"https:\/\/sublime-clinic.ch\/wp-content\/uploads\/2023\/07\/Aesthetic-Surgery.3.jpg","type":"image\/jpeg"}],"twitter_card":"summary_large_image","twitter_misc":{"Tiempo de lectura":"5 minutos"},"schema":{"@context":"https:\/\/schema.org","@graph":[{"@type":"WebPage","@id":"https:\/\/sublime-clinic.ch\/es\/cirugia-estetica\/","url":"https:\/\/sublime-clinic.ch\/es\/cirugia-estetica\/","name":"Cirug\u00eda est\u00e9tica en Estambul, Turqu\u00eda, Suiza, Qatar, Francia","isPartOf":{"@id":"https:\/\/sublime-clinic.ch\/es\/#website"},"primaryImageOfPage":{"@id":"https:\/\/sublime-clinic.ch\/es\/cirugia-estetica\/#primaryimage"},"image":{"@id":"https:\/\/sublime-clinic.ch\/es\/cirugia-estetica\/#primaryimage"},"thumbnailUrl":"https:\/\/sublime-clinic.ch\/wp-content\/uploads\/2023\/07\/Aesthetic-Surgery.3.jpg","datePublished":"2023-07-07T10:31:25+00:00","dateModified":"2026-02-05T10:12:30+00:00","description":"Realice su cirug\u00eda est\u00e9tica en Estambul, Turqu\u00eda, Suiza, Qatar, Francia, Alemania, Espa\u00f1a por la Cl\u00ednica Especializada Sublime m\u00e1s asequible. Cont\u00e1ctenos para informaci\u00f3n.","breadcrumb":{"@id":"https:\/\/sublime-clinic.ch\/es\/cirugia-estetica\/#breadcrumb"},"inLanguage":"es","potentialAction":[{"@type":"ReadAction","target":["https:\/\/sublime-clinic.ch\/es\/cirugia-estetica\/"]}]},{"@type":"ImageObject","inLanguage":"es","@id":"https:\/\/sublime-clinic.ch\/es\/cirugia-estetica\/#primaryimage","url":"https:\/\/sublime-clinic.ch\/wp-content\/uploads\/2023\/07\/Aesthetic-Surgery.3.jpg","contentUrl":"https:\/\/sublime-clinic.ch\/wp-content\/uploads\/2023\/07\/Aesthetic-Surgery.3.jpg"},{"@type":"BreadcrumbList","@id":"https:\/\/sublime-clinic.ch\/es\/cirugia-estetica\/#breadcrumb","itemListElement":[{"@type":"ListItem","position":1,"name":"Home","item":"https:\/\/sublime-clinic.ch\/es\/"},{"@type":"ListItem","position":2,"name":"Cirug\u00eda Est\u00e9tica"}]},{"@type":"WebSite","@id":"https:\/\/sublime-clinic.ch\/es\/#website","url":"https:\/\/sublime-clinic.ch\/es\/","name":"Sublime","description":"Specialist Clinic","publisher":{"@id":"https:\/\/sublime-clinic.ch\/es\/#organization"},"potentialAction":[{"@type":"SearchAction","target":{"@type":"EntryPoint","urlTemplate":"https:\/\/sublime-clinic.ch\/es\/?s={search_term_string}"},"query-input":{"@type":"PropertyValueSpecification","valueRequired":true,"valueName":"search_term_string"}}],"inLanguage":"es"},{"@type":"Organization","@id":"https:\/\/sublime-clinic.ch\/es\/#organization","name":"Sublime Clinic","url":"https:\/\/sublime-clinic.ch\/es\/","logo":{"@type":"ImageObject","inLanguage":"es","@id":"https:\/\/sublime-clinic.ch\/es\/#\/schema\/logo\/image\/","url":"https:\/\/sublime-clinic.ch\/wp-content\/uploads\/2022\/06\/logo-sublime-clinic.png","contentUrl":"https:\/\/sublime-clinic.ch\/wp-content\/uploads\/2022\/06\/logo-sublime-clinic.png","width":900,"height":794,"caption":"Sublime Clinic"},"image":{"@id":"https:\/\/sublime-clinic.ch\/es\/#\/schema\/logo\/image\/"}}]}},"_links":{"self":[{"href":"https:\/\/sublime-clinic.ch\/es\/wp-json\/wp\/v2\/pages\/40885","targetHints":{"allow":["GET"]}}],"collection":[{"href":"https:\/\/sublime-clinic.ch\/es\/wp-json\/wp\/v2\/pages"}],"about":[{"href":"https:\/\/sublime-clinic.ch\/es\/wp-json\/wp\/v2\/types\/page"}],"author":[{"embeddable":true,"href":"https:\/\/sublime-clinic.ch\/es\/wp-json\/wp\/v2\/users\/2"}],"replies":[{"embeddable":true,"href":"https:\/\/sublime-clinic.ch\/es\/wp-json\/wp\/v2\/comments?post=40885"}],"version-history":[{"count":5,"href":"https:\/\/sublime-clinic.ch\/es\/wp-json\/wp\/v2\/pages\/40885\/revisions"}],"predecessor-version":[{"id":44441,"href":"https:\/\/sublime-clinic.ch\/es\/wp-json\/wp\/v2\/pages\/40885\/revisions\/44441"}],"wp:attachment":[{"href":"https:\/\/sublime-clinic.ch\/es\/wp-json\/wp\/v2\/media?parent=40885"}],"curies":[{"name":"wp","href":"https:\/\/api.w.org\/{rel}","templated":true}]}}