{"id":41345,"date":"2023-08-07T14:55:35","date_gmt":"2023-08-07T12:55:35","guid":{"rendered":"https:\/\/sublime-clinic.ch\/?page_id=41345"},"modified":"2023-08-08T14:22:39","modified_gmt":"2023-08-08T12:22:39","slug":"trasplante-de-cabello-para-mujeres","status":"publish","type":"page","link":"https:\/\/sublime-clinic.ch\/es\/trasplante-de-cabello-para-mujeres\/","title":{"rendered":"Trasplante de cabello para mujeres"},"content":{"rendered":"\t\t<div data-elementor-type=\"wp-page\" data-elementor-id=\"41345\" class=\"elementor elementor-41345 elementor-41341\" data-elementor-post-type=\"page\">\n\t\t\t\t\t\t<section class=\"elementor-section elementor-top-section elementor-element elementor-element-4827bb20 elementor-section-height-min-height elementor-section-boxed elementor-section-height-default elementor-section-items-middle\" data-id=\"4827bb20\" data-element_type=\"section\" data-e-type=\"section\" data-settings=\"{&quot;background_background&quot;:&quot;slideshow&quot;,&quot;background_slideshow_gallery&quot;:[{&quot;id&quot;:41348,&quot;url&quot;:&quot;https:\\\/\\\/sublime-clinic.ch\\\/wp-content\\\/uploads\\\/2023\\\/08\\\/high-angle-patient-getting-prp-injection-alopecia-1-scaled.jpg&quot;},{&quot;id&quot;:41354,&quot;url&quot;:&quot;https:\\\/\\\/sublime-clinic.ch\\\/wp-content\\\/uploads\\\/2023\\\/08\\\/high-angle-patient-getting-prp-injection-alopecia-1-1-scaled.jpg&quot;}],&quot;background_slideshow_lazyload&quot;:&quot;yes&quot;,&quot;background_slideshow_ken_burns&quot;:&quot;yes&quot;,&quot;background_slideshow_loop&quot;:&quot;yes&quot;,&quot;background_slideshow_slide_duration&quot;:5000,&quot;background_slideshow_slide_transition&quot;:&quot;fade&quot;,&quot;background_slideshow_transition_duration&quot;:500,&quot;background_slideshow_ken_burns_zoom_direction&quot;:&quot;in&quot;}\">\n\t\t\t\t\t\t\t<div class=\"elementor-background-overlay\"><\/div>\n\t\t\t\t\t\t\t<div class=\"elementor-container elementor-column-gap-default\">\n\t\t\t\t\t<div class=\"elementor-column elementor-col-100 elementor-top-column elementor-element elementor-element-262e482c\" data-id=\"262e482c\" data-element_type=\"column\" data-e-type=\"column\">\n\t\t\t<div class=\"elementor-widget-wrap elementor-element-populated\">\n\t\t\t\t\t\t<div class=\"elementor-element elementor-element-3c7a80d8 elementor-widget elementor-widget-heading\" data-id=\"3c7a80d8\" data-element_type=\"widget\" data-e-type=\"widget\" data-widget_type=\"heading.default\">\n\t\t\t\t<div class=\"elementor-widget-container\">\n\t\t\t\t\t<h2 class=\"elementor-heading-title elementor-size-default\">Trasplante de cabello para mujeres<\/h2>\t\t\t\t<\/div>\n\t\t\t\t<\/div>\n\t\t\t\t<div class=\"elementor-element elementor-element-13074c1b elementor-widget elementor-widget-text-editor\" data-id=\"13074c1b\" data-element_type=\"widget\" data-e-type=\"widget\" data-widget_type=\"text-editor.default\">\n\t\t\t\t<div class=\"elementor-widget-container\">\n\t\t\t\t\t\t\t\t\t<p>Sublime Specialist Clinic, en colaboraci\u00f3n con las mejores cl\u00ednicas de Estambul, Turqu\u00eda, ofrece procedimientos avanzados de trasplante capilar para mujeres. Nuestros procedimientos garantizan resultados naturales sin cicatrices visibles. Recupere la confianza con nuestro procedimiento de trasplante capilar para mujeres.<\/p>\t\t\t\t\t\t\t\t<\/div>\n\t\t\t\t<\/div>\n\t\t\t\t<div class=\"elementor-element elementor-element-48340207 animated-slow elementor-align-center elementor-invisible elementor-widget elementor-widget-lottie\" data-id=\"48340207\" data-element_type=\"widget\" data-e-type=\"widget\" data-settings=\"{&quot;source&quot;:&quot;external_url&quot;,&quot;source_external_url&quot;:{&quot;url&quot;:&quot;https:\\\/\\\/assets9.lottiefiles.com\\\/private_files\\\/lf30_ul7SjW.json&quot;,&quot;is_external&quot;:&quot;&quot;,&quot;nofollow&quot;:&quot;&quot;,&quot;custom_attributes&quot;:&quot;&quot;},&quot;link_to&quot;:&quot;custom&quot;,&quot;loop&quot;:&quot;yes&quot;,&quot;play_speed&quot;:{&quot;unit&quot;:&quot;px&quot;,&quot;size&quot;:0.8,&quot;sizes&quot;:[]},&quot;_animation&quot;:&quot;fadeInDown&quot;,&quot;_animation_delay&quot;:500,&quot;custom_link&quot;:{&quot;url&quot;:&quot;#jump&quot;,&quot;is_external&quot;:&quot;&quot;,&quot;nofollow&quot;:&quot;&quot;,&quot;custom_attributes&quot;:&quot;&quot;},&quot;trigger&quot;:&quot;arriving_to_viewport&quot;,&quot;viewport&quot;:{&quot;unit&quot;:&quot;%&quot;,&quot;size&quot;:&quot;&quot;,&quot;sizes&quot;:{&quot;start&quot;:0,&quot;end&quot;:100}},&quot;start_point&quot;:{&quot;unit&quot;:&quot;%&quot;,&quot;size&quot;:0,&quot;sizes&quot;:[]},&quot;end_point&quot;:{&quot;unit&quot;:&quot;%&quot;,&quot;size&quot;:100,&quot;sizes&quot;:[]},&quot;renderer&quot;:&quot;svg&quot;}\" data-widget_type=\"lottie.default\">\n\t\t\t\t<div class=\"elementor-widget-container\">\n\t\t\t\t\t<a class=\"e-lottie__container__link\" href=\"#jump\"><div class=\"e-lottie__container\"><div class=\"e-lottie__animation\"><\/div><\/div><\/a>\t\t\t\t<\/div>\n\t\t\t\t<\/div>\n\t\t\t\t\t<\/div>\n\t\t<\/div>\n\t\t\t\t\t<\/div>\n\t\t<\/section>\n\t\t\t\t<section class=\"elementor-section elementor-top-section elementor-element elementor-element-72890b20 elementor-reverse-tablet elementor-reverse-mobile elementor-section-boxed elementor-section-height-default elementor-section-height-default\" data-id=\"72890b20\" data-element_type=\"section\" data-e-type=\"section\" id=\"jump\">\n\t\t\t\t\t\t<div class=\"elementor-container elementor-column-gap-default\">\n\t\t\t\t\t<div class=\"elementor-column elementor-col-50 elementor-top-column elementor-element elementor-element-5e96f15e\" data-id=\"5e96f15e\" data-element_type=\"column\" data-e-type=\"column\">\n\t\t\t<div class=\"elementor-widget-wrap elementor-element-populated\">\n\t\t\t\t\t\t<div class=\"elementor-element elementor-element-1e263f55 elementor-widget elementor-widget-image\" data-id=\"1e263f55\" data-element_type=\"widget\" data-e-type=\"widget\" data-widget_type=\"image.default\">\n\t\t\t\t<div class=\"elementor-widget-container\">\n\t\t\t\t\t\t\t\t\t\t\t\t\t\t\t<img fetchpriority=\"high\" decoding=\"async\" width=\"2560\" height=\"1707\" src=\"https:\/\/sublime-clinic.ch\/wp-content\/uploads\/2023\/08\/woman-getting-hair-loss-treatment-clinic-1-scaled.jpg\" class=\"elementor-animation-float attachment-full size-full wp-image-41365\" alt=\"\" srcset=\"https:\/\/sublime-clinic.ch\/wp-content\/uploads\/2023\/08\/woman-getting-hair-loss-treatment-clinic-1-scaled.jpg 2560w, https:\/\/sublime-clinic.ch\/wp-content\/uploads\/2023\/08\/woman-getting-hair-loss-treatment-clinic-1-300x200.jpg 300w, https:\/\/sublime-clinic.ch\/wp-content\/uploads\/2023\/08\/woman-getting-hair-loss-treatment-clinic-1-1024x683.jpg 1024w, https:\/\/sublime-clinic.ch\/wp-content\/uploads\/2023\/08\/woman-getting-hair-loss-treatment-clinic-1-768x512.jpg 768w, https:\/\/sublime-clinic.ch\/wp-content\/uploads\/2023\/08\/woman-getting-hair-loss-treatment-clinic-1-1536x1024.jpg 1536w, https:\/\/sublime-clinic.ch\/wp-content\/uploads\/2023\/08\/woman-getting-hair-loss-treatment-clinic-1-2048x1365.jpg 2048w\" sizes=\"(max-width: 2560px) 100vw, 2560px\" \/>\t\t\t\t\t\t\t\t\t\t\t\t\t\t\t<\/div>\n\t\t\t\t<\/div>\n\t\t\t\t\t<\/div>\n\t\t<\/div>\n\t\t\t\t<div class=\"elementor-column elementor-col-50 elementor-top-column elementor-element elementor-element-521bc3b5\" data-id=\"521bc3b5\" data-element_type=\"column\" data-e-type=\"column\">\n\t\t\t<div class=\"elementor-widget-wrap elementor-element-populated\">\n\t\t\t\t\t\t<div class=\"elementor-element elementor-element-23534b91 elementor-widget__width-auto elementor-widget elementor-widget-heading\" data-id=\"23534b91\" data-element_type=\"widget\" data-e-type=\"widget\" data-widget_type=\"heading.default\">\n\t\t\t\t<div class=\"elementor-widget-container\">\n\t\t\t\t\t<h2 class=\"elementor-heading-title elementor-size-default\">\u00bfPor qu\u00e9 elegir Sublime Cl\u00ednica Especialista en Trasplante Capilar para Mujeres?<\/h2>\t\t\t\t<\/div>\n\t\t\t\t<\/div>\n\t\t\t\t<div class=\"elementor-element elementor-element-11abd777 elementor-widget elementor-widget-text-editor\" data-id=\"11abd777\" data-element_type=\"widget\" data-e-type=\"widget\" data-widget_type=\"text-editor.default\">\n\t\t\t\t<div class=\"elementor-widget-container\">\n\t\t\t\t\t\t\t\t\t<p>La Cl\u00ednica Especialista Sublime se dedica a ayudar a las mujeres a recuperar su belleza natural a trav\u00e9s de t\u00e9cnicas avanzadas de trasplante de cabello. Entendemos que la p\u00e9rdida de cabello puede ser angustiosa y, por lo tanto, ofrecemos soluciones especializadas para abordar este problema.<br \/>Turqu\u00eda es uno de los destinos preferidos para los trasplantes de cabello para mujeres. Sublime Specialist Clinic tiene una s\u00f3lida reputaci\u00f3n por brindar servicios de la m\u00e1s alta calidad con un historial comprobado.<br \/>Nuestro equipo dedicado ayuda a los pacientes internacionales durante todo el tratamiento, desde la consulta inicial hasta la atenci\u00f3n posoperatoria. Nos esforzamos por brindarle una experiencia fluida durante su trasplante de cabello en Estambul, Turqu\u00eda.<br \/>Nuestros expertos entienden la importancia de un cabello de apariencia natural que complemente su estructura facial. Es por eso que ofrecemos un enfoque personalizado para el trasplante que garantiza una apariencia natural y equilibrada.<\/p>\t\t\t\t\t\t\t\t<\/div>\n\t\t\t\t<\/div>\n\t\t\t\t<div class=\"elementor-element elementor-element-793337bf elementor-widget elementor-widget-button\" data-id=\"793337bf\" data-element_type=\"widget\" data-e-type=\"widget\" data-widget_type=\"button.default\">\n\t\t\t\t<div class=\"elementor-widget-container\">\n\t\t\t\t\t\t\t\t\t<div class=\"elementor-button-wrapper\">\n\t\t\t\t\t<a class=\"elementor-button elementor-button-link elementor-size-sm\" href=\"tel:0041791518681\">\n\t\t\t\t\t\t<span class=\"elementor-button-content-wrapper\">\n\t\t\t\t\t\t\t\t\t<span class=\"elementor-button-text\">Cont\u00e1ctenos para reservar<\/span>\n\t\t\t\t\t<\/span>\n\t\t\t\t\t<\/a>\n\t\t\t\t<\/div>\n\t\t\t\t\t\t\t\t<\/div>\n\t\t\t\t<\/div>\n\t\t\t\t\t<\/div>\n\t\t<\/div>\n\t\t\t\t\t<\/div>\n\t\t<\/section>\n\t\t\t\t<section class=\"elementor-section elementor-top-section elementor-element elementor-element-42d67a37 elementor-section-boxed elementor-section-height-default elementor-section-height-default\" data-id=\"42d67a37\" data-element_type=\"section\" data-e-type=\"section\" data-settings=\"{&quot;background_background&quot;:&quot;classic&quot;}\">\n\t\t\t\t\t\t<div class=\"elementor-container elementor-column-gap-default\">\n\t\t\t\t\t<div class=\"elementor-column elementor-col-100 elementor-top-column elementor-element elementor-element-317a401f\" data-id=\"317a401f\" data-element_type=\"column\" data-e-type=\"column\">\n\t\t\t<div class=\"elementor-widget-wrap elementor-element-populated\">\n\t\t\t\t\t\t<div class=\"elementor-element elementor-element-5cbd9197 elementor-widget__width-auto elementor-widget elementor-widget-heading\" data-id=\"5cbd9197\" data-element_type=\"widget\" data-e-type=\"widget\" data-widget_type=\"heading.default\">\n\t\t\t\t<div class=\"elementor-widget-container\">\n\t\t\t\t\t<h2 class=\"elementor-heading-title elementor-size-default\">\u00bfC\u00f3mo funciona el trasplante de cabello para mujeres con Sublime Specialty Clinic?<\/h2>\t\t\t\t<\/div>\n\t\t\t\t<\/div>\n\t\t\t\t<div class=\"elementor-element elementor-element-18b773dc elementor-widget elementor-widget-text-editor\" data-id=\"18b773dc\" data-element_type=\"widget\" data-e-type=\"widget\" data-widget_type=\"text-editor.default\">\n\t\t\t\t<div class=\"elementor-widget-container\">\n\t\t\t\t\t\t\t\t\t<p>La ca\u00edda del cabello puede afectar a cualquiera; Aproximadamente el 50% de las mujeres la padecen durante su vida en muchas formas, como descamaci\u00f3n, adelgazamiento y calvicie. El estr\u00e9s, la alopecia areata y el s\u00edndrome de ovario poliqu\u00edstico son las causas m\u00e1s comunes de p\u00e9rdida de cabello en las mujeres. Aparte de esto, el envejecimiento, los peinados y la dieta pueden contribuir a la ca\u00edda del cabello.<\/p><p>Nuestros expertos evaluar\u00e1n su p\u00e9rdida de cabello y su historial m\u00e9dico durante la consulta para recomendar el procedimiento m\u00e1s adecuado. FUE y DHI son los procedimientos m\u00e1s comunes en los que se trasplantan fol\u00edculos pilosos de las \u00e1reas donantes a las \u00e1reas afectadas. Ambos procedimientos son m\u00ednimamente invasivos y no dejan cicatrices para brindar resultados de apariencia natural.<\/p><p>Con la colocaci\u00f3n precisa de los fol\u00edculos, aseguramos una mayor densidad de cabello y una apariencia m\u00e1s llena. La naturaleza m\u00ednimamente invasiva de nuestro procedimiento significa molestias m\u00ednimas y un per\u00edodo de recuperaci\u00f3n m\u00e1s corto.<\/p><p>Para garantizar un proceso de recuperaci\u00f3n sin problemas, brindamos atenci\u00f3n postoperatoria integral. Nuestros especialistas estar\u00e1n encantados de atender sus inquietudes y monitorear su progreso despu\u00e9s del procedimiento.<\/p>\t\t\t\t\t\t\t\t<\/div>\n\t\t\t\t<\/div>\n\t\t\t\t<div class=\"elementor-element elementor-element-2a6a6f5 elementor-widget__width-auto elementor-widget elementor-widget-heading\" data-id=\"2a6a6f5\" data-element_type=\"widget\" data-e-type=\"widget\" data-widget_type=\"heading.default\">\n\t\t\t\t<div class=\"elementor-widget-container\">\n\t\t\t\t\t<h2 class=\"elementor-heading-title elementor-size-default\">Emb\u00e1rcate en el viaje para recuperar tu confianza<\/h2>\t\t\t\t<\/div>\n\t\t\t\t<\/div>\n\t\t\t\t<div class=\"elementor-element elementor-element-0c23267 elementor-widget elementor-widget-text-editor\" data-id=\"0c23267\" data-element_type=\"widget\" data-e-type=\"widget\" data-widget_type=\"text-editor.default\">\n\t\t\t\t<div class=\"elementor-widget-container\">\n\t\t\t\t\t\t\t\t\t<p>Los patrones y las causas de la ca\u00edda del cabello difieren entre hombres y mujeres. Nuestro experimentado equipo reconoce esta diferencia para brindar las soluciones de trasplante de cabello m\u00e1s efectivas.<\/p><p>Nuestros procedimientos de trasplante de cabello para mujeres abordan sus necesidades e inquietudes \u00fanicas para brindar resultados naturales y duraderos. Con una atenci\u00f3n meticulosa al \u00e1ngulo, la direcci\u00f3n y la densidad del fol\u00edculo, nuestro equipo ayuda a lograr resultados consistentes.<\/p><p>Descubra la diferencia de los procedimientos de trasplante capilar de alta calidad para mujeres en Estambul, Turqu\u00eda, con Sublime Specialist Clinic y emprenda el viaje para recuperar su confianza.<\/p><p>Tambi\u00e9n damos la bienvenida a clientes de Qatar, Francia, Alemania y Espa\u00f1a para la cirug\u00eda de trasplante de cabello, brind\u00e1ndoles un centro de tratamiento VIP en nuestra cl\u00ednica con sede en Estambul, con apoyo completo para el alojamiento y el viaje.<\/p>\t\t\t\t\t\t\t\t<\/div>\n\t\t\t\t<\/div>\n\t\t\t\t<div class=\"elementor-element elementor-element-7926381 elementor-align-center elementor-widget elementor-widget-button\" data-id=\"7926381\" data-element_type=\"widget\" data-e-type=\"widget\" data-widget_type=\"button.default\">\n\t\t\t\t<div class=\"elementor-widget-container\">\n\t\t\t\t\t\t\t\t\t<div class=\"elementor-button-wrapper\">\n\t\t\t\t\t<a class=\"elementor-button elementor-button-link elementor-size-sm\" href=\"tel:0041791518681\">\n\t\t\t\t\t\t<span class=\"elementor-button-content-wrapper\">\n\t\t\t\t\t\t\t\t\t<span class=\"elementor-button-text\">Reserve una consulta hoy!<\/span>\n\t\t\t\t\t<\/span>\n\t\t\t\t\t<\/a>\n\t\t\t\t<\/div>\n\t\t\t\t\t\t\t\t<\/div>\n\t\t\t\t<\/div>\n\t\t\t\t\t<\/div>\n\t\t<\/div>\n\t\t\t\t\t<\/div>\n\t\t<\/section>\n\t\t\t\t<\/div>\n\t\t","protected":false},"excerpt":{"rendered":"<p>Trasplante de cabello para mujeres Sublime Specialist Clinic, en colaboraci\u00f3n con las mejores cl\u00ednicas de Estambul, Turqu\u00eda, ofrece procedimientos avanzados de trasplante capilar para mujeres. Nuestros procedimientos garantizan resultados naturales sin cicatrices visibles. Recupere la confianza con nuestro procedimiento de trasplante capilar para mujeres. \u00bfPor qu\u00e9 elegir Sublime Cl\u00ednica Especialista en Trasplante Capilar para Mujeres? [&hellip;]<\/p>\n","protected":false},"author":2,"featured_media":0,"parent":0,"menu_order":0,"comment_status":"closed","ping_status":"closed","template":"","meta":{"footnotes":""},"class_list":["post-41345","page","type-page","status-publish","hentry"],"yoast_head":"<!-- This site is optimized with the Yoast SEO plugin v27.5 - https:\/\/yoast.com\/product\/yoast-seo-wordpress\/ -->\n<title>Trasplante de cabello para mujeres<\/title>\n<meta name=\"description\" content=\"Obtenez votre chirurgie Six Pack \u00e0 Istanbul, en Turquie, en Suisse, au Qatar, en France, en Allemagne, en Espagne par la clinique sp\u00e9cialis\u00e9e Sublime la plus abordable. Contactez-nous pour plus d\u2019informations.\" \/>\n<meta name=\"robots\" content=\"index, follow, max-snippet:-1, max-image-preview:large, max-video-preview:-1\" \/>\n<link rel=\"canonical\" href=\"https:\/\/sublime-clinic.ch\/es\/trasplante-de-cabello-para-mujeres\/\" \/>\n<meta property=\"og:locale\" content=\"es_ES\" \/>\n<meta property=\"og:type\" content=\"article\" \/>\n<meta property=\"og:title\" content=\"Trasplante de cabello para mujeres\" \/>\n<meta property=\"og:description\" content=\"Obtenez votre chirurgie Six Pack \u00e0 Istanbul, en Turquie, en Suisse, au Qatar, en France, en Allemagne, en Espagne par la clinique sp\u00e9cialis\u00e9e Sublime la plus abordable. Contactez-nous pour plus d\u2019informations.\" \/>\n<meta property=\"og:url\" content=\"https:\/\/sublime-clinic.ch\/es\/trasplante-de-cabello-para-mujeres\/\" \/>\n<meta property=\"og:site_name\" content=\"Sublime\" \/>\n<meta property=\"article:modified_time\" content=\"2023-08-08T12:22:39+00:00\" \/>\n<meta property=\"og:image\" content=\"https:\/\/sublime-clinic.ch\/wp-content\/uploads\/2023\/08\/woman-getting-hair-loss-treatment-clinic-1-scaled.jpg\" \/>\n<meta name=\"twitter:card\" content=\"summary_large_image\" \/>\n<meta name=\"twitter:label1\" content=\"Tiempo de lectura\" \/>\n\t<meta name=\"twitter:data1\" content=\"5 minutos\" \/>\n<script type=\"application\/ld+json\" class=\"yoast-schema-graph\">{\"@context\":\"https:\\\/\\\/schema.org\",\"@graph\":[{\"@type\":\"WebPage\",\"@id\":\"https:\\\/\\\/sublime-clinic.ch\\\/es\\\/trasplante-de-cabello-para-mujeres\\\/\",\"url\":\"https:\\\/\\\/sublime-clinic.ch\\\/es\\\/trasplante-de-cabello-para-mujeres\\\/\",\"name\":\"Trasplante de cabello para mujeres\",\"isPartOf\":{\"@id\":\"https:\\\/\\\/sublime-clinic.ch\\\/es\\\/#website\"},\"primaryImageOfPage\":{\"@id\":\"https:\\\/\\\/sublime-clinic.ch\\\/es\\\/trasplante-de-cabello-para-mujeres\\\/#primaryimage\"},\"image\":{\"@id\":\"https:\\\/\\\/sublime-clinic.ch\\\/es\\\/trasplante-de-cabello-para-mujeres\\\/#primaryimage\"},\"thumbnailUrl\":\"https:\\\/\\\/sublime-clinic.ch\\\/wp-content\\\/uploads\\\/2023\\\/08\\\/woman-getting-hair-loss-treatment-clinic-1-scaled.jpg\",\"datePublished\":\"2023-08-07T12:55:35+00:00\",\"dateModified\":\"2023-08-08T12:22:39+00:00\",\"description\":\"Obtenez votre chirurgie Six Pack \u00e0 Istanbul, en Turquie, en Suisse, au Qatar, en France, en Allemagne, en Espagne par la clinique sp\u00e9cialis\u00e9e Sublime la plus abordable. Contactez-nous pour plus d\u2019informations.\",\"breadcrumb\":{\"@id\":\"https:\\\/\\\/sublime-clinic.ch\\\/es\\\/trasplante-de-cabello-para-mujeres\\\/#breadcrumb\"},\"inLanguage\":\"es\",\"potentialAction\":[{\"@type\":\"ReadAction\",\"target\":[\"https:\\\/\\\/sublime-clinic.ch\\\/es\\\/trasplante-de-cabello-para-mujeres\\\/\"]}]},{\"@type\":\"ImageObject\",\"inLanguage\":\"es\",\"@id\":\"https:\\\/\\\/sublime-clinic.ch\\\/es\\\/trasplante-de-cabello-para-mujeres\\\/#primaryimage\",\"url\":\"https:\\\/\\\/sublime-clinic.ch\\\/wp-content\\\/uploads\\\/2023\\\/08\\\/woman-getting-hair-loss-treatment-clinic-1-scaled.jpg\",\"contentUrl\":\"https:\\\/\\\/sublime-clinic.ch\\\/wp-content\\\/uploads\\\/2023\\\/08\\\/woman-getting-hair-loss-treatment-clinic-1-scaled.jpg\"},{\"@type\":\"BreadcrumbList\",\"@id\":\"https:\\\/\\\/sublime-clinic.ch\\\/es\\\/trasplante-de-cabello-para-mujeres\\\/#breadcrumb\",\"itemListElement\":[{\"@type\":\"ListItem\",\"position\":1,\"name\":\"Home\",\"item\":\"https:\\\/\\\/sublime-clinic.ch\\\/es\\\/bienvenida\\\/\"},{\"@type\":\"ListItem\",\"position\":2,\"name\":\"Trasplante de cabello para mujeres\"}]},{\"@type\":\"WebSite\",\"@id\":\"https:\\\/\\\/sublime-clinic.ch\\\/es\\\/#website\",\"url\":\"https:\\\/\\\/sublime-clinic.ch\\\/es\\\/\",\"name\":\"Sublime\",\"description\":\"Specialist Clinic\",\"publisher\":{\"@id\":\"https:\\\/\\\/sublime-clinic.ch\\\/es\\\/#organization\"},\"potentialAction\":[{\"@type\":\"SearchAction\",\"target\":{\"@type\":\"EntryPoint\",\"urlTemplate\":\"https:\\\/\\\/sublime-clinic.ch\\\/es\\\/?s={search_term_string}\"},\"query-input\":{\"@type\":\"PropertyValueSpecification\",\"valueRequired\":true,\"valueName\":\"search_term_string\"}}],\"inLanguage\":\"es\"},{\"@type\":\"Organization\",\"@id\":\"https:\\\/\\\/sublime-clinic.ch\\\/es\\\/#organization\",\"name\":\"Sublime Clinic\",\"url\":\"https:\\\/\\\/sublime-clinic.ch\\\/es\\\/\",\"logo\":{\"@type\":\"ImageObject\",\"inLanguage\":\"es\",\"@id\":\"https:\\\/\\\/sublime-clinic.ch\\\/es\\\/#\\\/schema\\\/logo\\\/image\\\/\",\"url\":\"https:\\\/\\\/sublime-clinic.ch\\\/wp-content\\\/uploads\\\/2022\\\/06\\\/logo-sublime-clinic.png\",\"contentUrl\":\"https:\\\/\\\/sublime-clinic.ch\\\/wp-content\\\/uploads\\\/2022\\\/06\\\/logo-sublime-clinic.png\",\"width\":900,\"height\":794,\"caption\":\"Sublime Clinic\"},\"image\":{\"@id\":\"https:\\\/\\\/sublime-clinic.ch\\\/es\\\/#\\\/schema\\\/logo\\\/image\\\/\"}}]}<\/script>\n<!-- \/ Yoast SEO plugin. -->","yoast_head_json":{"title":"Trasplante de cabello para mujeres","description":"Obtenez votre chirurgie Six Pack \u00e0 Istanbul, en Turquie, en Suisse, au Qatar, en France, en Allemagne, en Espagne par la clinique sp\u00e9cialis\u00e9e Sublime la plus abordable. Contactez-nous pour plus d\u2019informations.","robots":{"index":"index","follow":"follow","max-snippet":"max-snippet:-1","max-image-preview":"max-image-preview:large","max-video-preview":"max-video-preview:-1"},"canonical":"https:\/\/sublime-clinic.ch\/es\/trasplante-de-cabello-para-mujeres\/","og_locale":"es_ES","og_type":"article","og_title":"Trasplante de cabello para mujeres","og_description":"Obtenez votre chirurgie Six Pack \u00e0 Istanbul, en Turquie, en Suisse, au Qatar, en France, en Allemagne, en Espagne par la clinique sp\u00e9cialis\u00e9e Sublime la plus abordable. Contactez-nous pour plus d\u2019informations.","og_url":"https:\/\/sublime-clinic.ch\/es\/trasplante-de-cabello-para-mujeres\/","og_site_name":"Sublime","article_modified_time":"2023-08-08T12:22:39+00:00","og_image":[{"url":"https:\/\/sublime-clinic.ch\/wp-content\/uploads\/2023\/08\/woman-getting-hair-loss-treatment-clinic-1-scaled.jpg","type":"","width":"","height":""}],"twitter_card":"summary_large_image","twitter_misc":{"Tiempo de lectura":"5 minutos"},"schema":{"@context":"https:\/\/schema.org","@graph":[{"@type":"WebPage","@id":"https:\/\/sublime-clinic.ch\/es\/trasplante-de-cabello-para-mujeres\/","url":"https:\/\/sublime-clinic.ch\/es\/trasplante-de-cabello-para-mujeres\/","name":"Trasplante de cabello para mujeres","isPartOf":{"@id":"https:\/\/sublime-clinic.ch\/es\/#website"},"primaryImageOfPage":{"@id":"https:\/\/sublime-clinic.ch\/es\/trasplante-de-cabello-para-mujeres\/#primaryimage"},"image":{"@id":"https:\/\/sublime-clinic.ch\/es\/trasplante-de-cabello-para-mujeres\/#primaryimage"},"thumbnailUrl":"https:\/\/sublime-clinic.ch\/wp-content\/uploads\/2023\/08\/woman-getting-hair-loss-treatment-clinic-1-scaled.jpg","datePublished":"2023-08-07T12:55:35+00:00","dateModified":"2023-08-08T12:22:39+00:00","description":"Obtenez votre chirurgie Six Pack \u00e0 Istanbul, en Turquie, en Suisse, au Qatar, en France, en Allemagne, en Espagne par la clinique sp\u00e9cialis\u00e9e Sublime la plus abordable. Contactez-nous pour plus d\u2019informations.","breadcrumb":{"@id":"https:\/\/sublime-clinic.ch\/es\/trasplante-de-cabello-para-mujeres\/#breadcrumb"},"inLanguage":"es","potentialAction":[{"@type":"ReadAction","target":["https:\/\/sublime-clinic.ch\/es\/trasplante-de-cabello-para-mujeres\/"]}]},{"@type":"ImageObject","inLanguage":"es","@id":"https:\/\/sublime-clinic.ch\/es\/trasplante-de-cabello-para-mujeres\/#primaryimage","url":"https:\/\/sublime-clinic.ch\/wp-content\/uploads\/2023\/08\/woman-getting-hair-loss-treatment-clinic-1-scaled.jpg","contentUrl":"https:\/\/sublime-clinic.ch\/wp-content\/uploads\/2023\/08\/woman-getting-hair-loss-treatment-clinic-1-scaled.jpg"},{"@type":"BreadcrumbList","@id":"https:\/\/sublime-clinic.ch\/es\/trasplante-de-cabello-para-mujeres\/#breadcrumb","itemListElement":[{"@type":"ListItem","position":1,"name":"Home","item":"https:\/\/sublime-clinic.ch\/es\/bienvenida\/"},{"@type":"ListItem","position":2,"name":"Trasplante de cabello para mujeres"}]},{"@type":"WebSite","@id":"https:\/\/sublime-clinic.ch\/es\/#website","url":"https:\/\/sublime-clinic.ch\/es\/","name":"Sublime","description":"Specialist Clinic","publisher":{"@id":"https:\/\/sublime-clinic.ch\/es\/#organization"},"potentialAction":[{"@type":"SearchAction","target":{"@type":"EntryPoint","urlTemplate":"https:\/\/sublime-clinic.ch\/es\/?s={search_term_string}"},"query-input":{"@type":"PropertyValueSpecification","valueRequired":true,"valueName":"search_term_string"}}],"inLanguage":"es"},{"@type":"Organization","@id":"https:\/\/sublime-clinic.ch\/es\/#organization","name":"Sublime Clinic","url":"https:\/\/sublime-clinic.ch\/es\/","logo":{"@type":"ImageObject","inLanguage":"es","@id":"https:\/\/sublime-clinic.ch\/es\/#\/schema\/logo\/image\/","url":"https:\/\/sublime-clinic.ch\/wp-content\/uploads\/2022\/06\/logo-sublime-clinic.png","contentUrl":"https:\/\/sublime-clinic.ch\/wp-content\/uploads\/2022\/06\/logo-sublime-clinic.png","width":900,"height":794,"caption":"Sublime Clinic"},"image":{"@id":"https:\/\/sublime-clinic.ch\/es\/#\/schema\/logo\/image\/"}}]}},"_links":{"self":[{"href":"https:\/\/sublime-clinic.ch\/es\/wp-json\/wp\/v2\/pages\/41345","targetHints":{"allow":["GET"]}}],"collection":[{"href":"https:\/\/sublime-clinic.ch\/es\/wp-json\/wp\/v2\/pages"}],"about":[{"href":"https:\/\/sublime-clinic.ch\/es\/wp-json\/wp\/v2\/types\/page"}],"author":[{"embeddable":true,"href":"https:\/\/sublime-clinic.ch\/es\/wp-json\/wp\/v2\/users\/2"}],"replies":[{"embeddable":true,"href":"https:\/\/sublime-clinic.ch\/es\/wp-json\/wp\/v2\/comments?post=41345"}],"version-history":[{"count":5,"href":"https:\/\/sublime-clinic.ch\/es\/wp-json\/wp\/v2\/pages\/41345\/revisions"}],"predecessor-version":[{"id":41437,"href":"https:\/\/sublime-clinic.ch\/es\/wp-json\/wp\/v2\/pages\/41345\/revisions\/41437"}],"wp:attachment":[{"href":"https:\/\/sublime-clinic.ch\/es\/wp-json\/wp\/v2\/media?parent=41345"}],"curies":[{"name":"wp","href":"https:\/\/api.w.org\/{rel}","templated":true}]}}