{"id":40329,"date":"2023-06-02T12:19:52","date_gmt":"2023-06-02T10:19:52","guid":{"rendered":"https:\/\/sublime-clinic.ch\/?page_id=40329"},"modified":"2026-02-05T11:07:48","modified_gmt":"2026-02-05T10:07:48","slug":"chirurgia-da-sei-pacchetti","status":"publish","type":"page","link":"https:\/\/sublime-clinic.ch\/it\/chirurgia-da-sei-pacchetti\/","title":{"rendered":"Chirurgia Da Sei Pacchetti"},"content":{"rendered":"\t\t<div data-elementor-type=\"wp-page\" data-elementor-id=\"40329\" class=\"elementor elementor-40329 elementor-40324\" data-elementor-post-type=\"page\">\n\t\t\t\t\t\t<section class=\"elementor-section elementor-top-section elementor-element elementor-element-4827bb20 elementor-section-height-min-height elementor-section-boxed elementor-section-height-default elementor-section-items-middle\" data-id=\"4827bb20\" data-element_type=\"section\" data-e-type=\"section\" data-settings=\"{&quot;background_background&quot;:&quot;slideshow&quot;,&quot;background_slideshow_gallery&quot;:[{&quot;id&quot;:40336,&quot;url&quot;:&quot;https:\\\/\\\/sublime-clinic.ch\\\/wp-content\\\/uploads\\\/2023\\\/06\\\/Six-Pack.jpg&quot;},{&quot;id&quot;:40342,&quot;url&quot;:&quot;https:\\\/\\\/sublime-clinic.ch\\\/wp-content\\\/uploads\\\/2023\\\/06\\\/man-1024x682.jpeg.webp&quot;}],&quot;background_slideshow_lazyload&quot;:&quot;yes&quot;,&quot;background_slideshow_ken_burns&quot;:&quot;yes&quot;,&quot;background_slideshow_loop&quot;:&quot;yes&quot;,&quot;background_slideshow_slide_duration&quot;:5000,&quot;background_slideshow_slide_transition&quot;:&quot;fade&quot;,&quot;background_slideshow_transition_duration&quot;:500,&quot;background_slideshow_ken_burns_zoom_direction&quot;:&quot;in&quot;}\">\n\t\t\t\t\t\t\t<div class=\"elementor-background-overlay\"><\/div>\n\t\t\t\t\t\t\t<div class=\"elementor-container elementor-column-gap-default\">\n\t\t\t\t\t<div class=\"elementor-column elementor-col-100 elementor-top-column elementor-element elementor-element-262e482c\" data-id=\"262e482c\" data-element_type=\"column\" data-e-type=\"column\">\n\t\t\t<div class=\"elementor-widget-wrap elementor-element-populated\">\n\t\t\t\t\t\t<div class=\"elementor-element elementor-element-3c7a80d8 elementor-widget elementor-widget-heading\" data-id=\"3c7a80d8\" data-element_type=\"widget\" data-e-type=\"widget\" data-widget_type=\"heading.default\">\n\t\t\t\t<div class=\"elementor-widget-container\">\n\t\t\t\t\t<h2 class=\"elementor-heading-title elementor-size-default\">Chirurgia Da Sei Pacchetti<\/h2>\t\t\t\t<\/div>\n\t\t\t\t<\/div>\n\t\t\t\t<div class=\"elementor-element elementor-element-13074c1b elementor-widget elementor-widget-text-editor\" data-id=\"13074c1b\" data-element_type=\"widget\" data-e-type=\"widget\" data-widget_type=\"text-editor.default\">\n\t\t\t\t<div class=\"elementor-widget-container\">\n\t\t\t\t\t\t\t\t\t<p>Six Pack Surgery in Italia per un aspetto addominale tonico e definito<\/p><p>Per uomini e donne che desiderano un aspetto pi\u00f9 atletico e aggiungere definizione alla loro zona di pancia, un trattamento di incisione addominale da sei confezioni \u00e8 l&#8217;ideale. Alla Sublime Clinic, crediamo che tutti meritino di sentirsi sicuri e belli riguardo alla loro forma fisica.\u00a0<\/p><p><strong>Siamo specializzati in chirurgia six-pack in Italia<\/strong> \u2013 una procedura cosmetica per eliminare il grasso indesiderato dello stomaco e ottenere un aspetto addominale ben definito. Un trattamento di liposcultura pu\u00f2 scolpire i tuoi addominali da sei rimuovendo efficacemente il grasso in eccesso per muscoli migliorati e definiti.<\/p>\t\t\t\t\t\t\t\t<\/div>\n\t\t\t\t<\/div>\n\t\t\t\t<div class=\"elementor-element elementor-element-48340207 animated-slow elementor-align-center elementor-invisible elementor-widget elementor-widget-lottie\" data-id=\"48340207\" data-element_type=\"widget\" data-e-type=\"widget\" data-settings=\"{&quot;source&quot;:&quot;external_url&quot;,&quot;source_external_url&quot;:{&quot;url&quot;:&quot;https:\\\/\\\/assets9.lottiefiles.com\\\/private_files\\\/lf30_ul7SjW.json&quot;,&quot;is_external&quot;:&quot;&quot;,&quot;nofollow&quot;:&quot;&quot;,&quot;custom_attributes&quot;:&quot;&quot;},&quot;link_to&quot;:&quot;custom&quot;,&quot;loop&quot;:&quot;yes&quot;,&quot;play_speed&quot;:{&quot;unit&quot;:&quot;px&quot;,&quot;size&quot;:0.8,&quot;sizes&quot;:[]},&quot;_animation&quot;:&quot;fadeInDown&quot;,&quot;_animation_delay&quot;:500,&quot;custom_link&quot;:{&quot;url&quot;:&quot;#jump&quot;,&quot;is_external&quot;:&quot;&quot;,&quot;nofollow&quot;:&quot;&quot;,&quot;custom_attributes&quot;:&quot;&quot;},&quot;trigger&quot;:&quot;arriving_to_viewport&quot;,&quot;viewport&quot;:{&quot;unit&quot;:&quot;%&quot;,&quot;size&quot;:&quot;&quot;,&quot;sizes&quot;:{&quot;start&quot;:0,&quot;end&quot;:100}},&quot;start_point&quot;:{&quot;unit&quot;:&quot;%&quot;,&quot;size&quot;:0,&quot;sizes&quot;:[]},&quot;end_point&quot;:{&quot;unit&quot;:&quot;%&quot;,&quot;size&quot;:100,&quot;sizes&quot;:[]},&quot;renderer&quot;:&quot;svg&quot;}\" data-widget_type=\"lottie.default\">\n\t\t\t\t<div class=\"elementor-widget-container\">\n\t\t\t\t\t<a class=\"e-lottie__container__link\" href=\"#jump\"><div class=\"e-lottie__container\"><div class=\"e-lottie__animation\"><\/div><\/div><\/a>\t\t\t\t<\/div>\n\t\t\t\t<\/div>\n\t\t\t\t\t<\/div>\n\t\t<\/div>\n\t\t\t\t\t<\/div>\n\t\t<\/section>\n\t\t\t\t<section class=\"elementor-section elementor-top-section elementor-element elementor-element-72890b20 elementor-reverse-tablet elementor-reverse-mobile elementor-section-boxed elementor-section-height-default elementor-section-height-default\" data-id=\"72890b20\" data-element_type=\"section\" data-e-type=\"section\" id=\"jump\">\n\t\t\t\t\t\t<div class=\"elementor-container elementor-column-gap-default\">\n\t\t\t\t\t<div class=\"elementor-column elementor-col-50 elementor-top-column elementor-element elementor-element-5e96f15e\" data-id=\"5e96f15e\" data-element_type=\"column\" data-e-type=\"column\">\n\t\t\t<div class=\"elementor-widget-wrap elementor-element-populated\">\n\t\t\t\t\t\t<div class=\"elementor-element elementor-element-1e263f55 elementor-widget elementor-widget-image\" data-id=\"1e263f55\" data-element_type=\"widget\" data-e-type=\"widget\" data-widget_type=\"image.default\">\n\t\t\t\t<div class=\"elementor-widget-container\">\n\t\t\t\t\t\t\t\t\t\t\t\t\t\t\t<img fetchpriority=\"high\" decoding=\"async\" width=\"500\" height=\"334\" src=\"https:\/\/sublime-clinic.ch\/wp-content\/uploads\/2023\/06\/Six-Pack-1.jpg\" class=\"elementor-animation-float attachment-full size-full wp-image-40348\" alt=\"Six Pack Surgery\" srcset=\"https:\/\/sublime-clinic.ch\/wp-content\/uploads\/2023\/06\/Six-Pack-1.jpg 500w, https:\/\/sublime-clinic.ch\/wp-content\/uploads\/2023\/06\/Six-Pack-1-300x200.jpg 300w\" sizes=\"(max-width: 500px) 100vw, 500px\" \/>\t\t\t\t\t\t\t\t\t\t\t\t\t\t\t<\/div>\n\t\t\t\t<\/div>\n\t\t\t\t\t<\/div>\n\t\t<\/div>\n\t\t\t\t<div class=\"elementor-column elementor-col-50 elementor-top-column elementor-element elementor-element-521bc3b5\" data-id=\"521bc3b5\" data-element_type=\"column\" data-e-type=\"column\">\n\t\t\t<div class=\"elementor-widget-wrap elementor-element-populated\">\n\t\t\t\t\t\t<div class=\"elementor-element elementor-element-1c4ee138 elementor-widget elementor-widget-heading\" data-id=\"1c4ee138\" data-element_type=\"widget\" data-e-type=\"widget\" data-widget_type=\"heading.default\">\n\t\t\t\t<div class=\"elementor-widget-container\">\n\t\t\t\t\t<span class=\"elementor-heading-title elementor-size-default\">what's this<\/span>\t\t\t\t<\/div>\n\t\t\t\t<\/div>\n\t\t\t\t<div class=\"elementor-element elementor-element-23534b91 elementor-widget__width-auto elementor-widget elementor-widget-heading\" data-id=\"23534b91\" data-element_type=\"widget\" data-e-type=\"widget\" data-widget_type=\"heading.default\">\n\t\t\t\t<div class=\"elementor-widget-container\">\n\t\t\t\t\t<h2 class=\"elementor-heading-title elementor-size-default\">Chi \u00e8 un buon candidato per il trattamento chirurgico Six Pack?<\/h2>\t\t\t\t<\/div>\n\t\t\t\t<\/div>\n\t\t\t\t<div class=\"elementor-element elementor-element-11abd777 elementor-widget elementor-widget-text-editor\" data-id=\"11abd777\" data-element_type=\"widget\" data-e-type=\"widget\" data-widget_type=\"text-editor.default\">\n\t\t\t\t<div class=\"elementor-widget-container\">\n\t\t\t\t\t\t\t\t\t<p>Puoi essere un candidato ideale per la chirurgia degli addominali six-pack se sei sano, fisicamente in forma e hai una buona costruzione muscolare. Di solito non consigliamo questo intervento chirurgico per le persone in sovrappeso o obese.\u00a0<\/p><p>Se hai meno del 20% di grasso e sei abbastanza sano, potresti optare per una procedura di incisione addominale. Puoi contattare gli specialisti della Sublime Specialist Clinicper discutere il tuo piano di trattamento e le tue aspettative.<\/p>\t\t\t\t\t\t\t\t<\/div>\n\t\t\t\t<\/div>\n\t\t\t\t<div class=\"elementor-element elementor-element-793337bf elementor-widget elementor-widget-button\" data-id=\"793337bf\" data-element_type=\"widget\" data-e-type=\"widget\" data-widget_type=\"button.default\">\n\t\t\t\t<div class=\"elementor-widget-container\">\n\t\t\t\t\t\t\t\t\t<div class=\"elementor-button-wrapper\">\n\t\t\t\t\t<a class=\"elementor-button elementor-button-link elementor-size-sm\" href=\"tel:+41%2076%20774%2096%2087\">\n\t\t\t\t\t\t<span class=\"elementor-button-content-wrapper\">\n\t\t\t\t\t\t\t\t\t<span class=\"elementor-button-text\">Contact Us to book<\/span>\n\t\t\t\t\t<\/span>\n\t\t\t\t\t<\/a>\n\t\t\t\t<\/div>\n\t\t\t\t\t\t\t\t<\/div>\n\t\t\t\t<\/div>\n\t\t\t\t\t<\/div>\n\t\t<\/div>\n\t\t\t\t\t<\/div>\n\t\t<\/section>\n\t\t\t\t<section class=\"elementor-section elementor-top-section elementor-element elementor-element-42d67a37 elementor-section-boxed elementor-section-height-default elementor-section-height-default\" data-id=\"42d67a37\" data-element_type=\"section\" data-e-type=\"section\" data-settings=\"{&quot;background_background&quot;:&quot;classic&quot;}\">\n\t\t\t\t\t\t<div class=\"elementor-container elementor-column-gap-default\">\n\t\t\t\t\t<div class=\"elementor-column elementor-col-100 elementor-top-column elementor-element elementor-element-317a401f\" data-id=\"317a401f\" data-element_type=\"column\" data-e-type=\"column\">\n\t\t\t<div class=\"elementor-widget-wrap elementor-element-populated\">\n\t\t\t\t\t\t<div class=\"elementor-element elementor-element-73a038ca elementor-widget elementor-widget-heading\" data-id=\"73a038ca\" data-element_type=\"widget\" data-e-type=\"widget\" data-widget_type=\"heading.default\">\n\t\t\t\t<div class=\"elementor-widget-container\">\n\t\t\t\t\t<span class=\"elementor-heading-title elementor-size-default\">Services<\/span>\t\t\t\t<\/div>\n\t\t\t\t<\/div>\n\t\t\t\t<div class=\"elementor-element elementor-element-5cbd9197 elementor-widget__width-auto elementor-widget elementor-widget-heading\" data-id=\"5cbd9197\" data-element_type=\"widget\" data-e-type=\"widget\" data-widget_type=\"heading.default\">\n\t\t\t\t<div class=\"elementor-widget-container\">\n\t\t\t\t\t<h2 class=\"elementor-heading-title elementor-size-default\">Come funziona la chirurgia six-pack?<\/h2>\t\t\t\t<\/div>\n\t\t\t\t<\/div>\n\t\t\t\t<div class=\"elementor-element elementor-element-18b773dc elementor-widget elementor-widget-text-editor\" data-id=\"18b773dc\" data-element_type=\"widget\" data-e-type=\"widget\" data-widget_type=\"text-editor.default\">\n\t\t\t\t<div class=\"elementor-widget-container\">\n\t\t\t\t\t\t\t\t\t<p>La chirurgia a sei confezioni comporta un trattamento di liposcultura che pu\u00f2 aiutare sia gli uomini che le donne a ottenere un&#8217;area addominale definita e dall&#8217;aspetto in forma. \u00c8 una procedura per creare six-pack naturali eliminando accuratamente il tessuto adiposo che copre il retto addominale.<\/p><p>Ecco come \u00e8 stata eseguita la chirurgia da sei confezioni presso Sublime Specialist Clinicis:<\/p><ul><li><strong>Anestesia<\/strong> \u2013 La procedura chirurgica viene eseguita in anestesia generale.<br \/><br \/><\/li><li><strong>Formazione di incisioni<\/strong> \u2013 Pu\u00f2 variare a seconda delle aree da trattare, del grado di recupero e delle esigenze individuali del paziente.<br \/><br \/><\/li><li><strong>Rimuovere i grassi in eccesso<\/strong> &#8211; I movimenti vengono eseguiti avanti e indietro con la cannula per separare il grasso sotto la pelle. Con iniezione o una pompa per vuoto attaccata alla cannula, estrae il grasso.<br \/><br \/><\/li><li><strong>Chiusura delle incisioni<\/strong> &#8211; Le incisioni saranno chiuse dopo un esame approfondito. Possiamo scegliere di non chiudere le incisioni per ridurre lividi e gonfiore.<\/li><\/ul><p>\u00a0<\/p>\t\t\t\t\t\t\t\t<\/div>\n\t\t\t\t<\/div>\n\t\t\t\t<div class=\"elementor-element elementor-element-2a6a6f5 elementor-widget__width-auto elementor-widget elementor-widget-heading\" data-id=\"2a6a6f5\" data-element_type=\"widget\" data-e-type=\"widget\" data-widget_type=\"heading.default\">\n\t\t\t\t<div class=\"elementor-widget-container\">\n\t\t\t\t\t<h2 class=\"elementor-heading-title elementor-size-default\">Fase di recupero post-operatorio<\/h2>\t\t\t\t<\/div>\n\t\t\t\t<\/div>\n\t\t\t\t<div class=\"elementor-element elementor-element-0c23267 elementor-widget elementor-widget-text-editor\" data-id=\"0c23267\" data-element_type=\"widget\" data-e-type=\"widget\" data-widget_type=\"text-editor.default\">\n\t\t\t\t<div class=\"elementor-widget-container\">\n\t\t\t\t\t\t\t\t\t<p>Dopo l&#8217;intervento chirurgico six-pack in Italia. Prescriviamo antibiotici e supporto post-trattamento. Cuscinetti e indumenti compressivi vengono posizionati dopo l&#8217;intervento chirurgico. Generalmente, i siti portuali non vengono suturati e vengono lasciati aperti in modo che ulteriore fluido possa drenare. Ci\u00f2 riduce la probabilit\u00e0 di raccolta di liquidi o sangue.<\/p><p>La procedura richiede solitamente da 2 a 3 ore. Tuttavia, la quantit\u00e0 di tempo necessaria dipende dalla quantit\u00e0 di grasso che deve essere rimosso. Anche se il processo sembra intimidatorio, non preoccuparti di essere nelle mani pi\u00f9 sicure con gli esperti della Sublime Specialist Clinic.\u00a0<\/p>\t\t\t\t\t\t\t\t<\/div>\n\t\t\t\t<\/div>\n\t\t\t\t<div class=\"elementor-element elementor-element-c09e301 elementor-widget__width-auto elementor-widget elementor-widget-heading\" data-id=\"c09e301\" data-element_type=\"widget\" data-e-type=\"widget\" data-widget_type=\"heading.default\">\n\t\t\t\t<div class=\"elementor-widget-container\">\n\t\t\t\t\t<h2 class=\"elementor-heading-title elementor-size-default\">Risultati finali<\/h2>\t\t\t\t<\/div>\n\t\t\t\t<\/div>\n\t\t\t\t<div class=\"elementor-element elementor-element-bd424f0 elementor-widget elementor-widget-text-editor\" data-id=\"bd424f0\" data-element_type=\"widget\" data-e-type=\"widget\" data-widget_type=\"text-editor.default\">\n\t\t\t\t<div class=\"elementor-widget-container\">\n\t\t\t\t\t\t\t\t\t<p>Dovrai indossare la medicazione per almeno 2 giorni dopo l&#8217;intervento chirurgico e utilizzare un indumento compressivo per alcune settimane fino a quando il gonfiore non si riduce in modo significativo. Poich\u00e9 il tuo corpo ha bisogno di tempo per guarire e adattarsi, otterrai risultati completi di un intervento chirurgico da sei a 6 mesi. Alla fine di questo processo, otterrai un corpo pi\u00f9 modellato e un aspetto pi\u00f9 giovane.<\/p><p>Ricorda, l&#8217;operazione six pack non \u00e8 una soluzione permanente. Si consiglia di prestare attenzione alla propria alimentazione e alla routine di esercizio fisico per preservare i risultati.<\/p>\t\t\t\t\t\t\t\t<\/div>\n\t\t\t\t<\/div>\n\t\t\t\t<div class=\"elementor-element elementor-element-7926381 elementor-align-center elementor-widget elementor-widget-button\" data-id=\"7926381\" data-element_type=\"widget\" data-e-type=\"widget\" data-widget_type=\"button.default\">\n\t\t\t\t<div class=\"elementor-widget-container\">\n\t\t\t\t\t\t\t\t\t<div class=\"elementor-button-wrapper\">\n\t\t\t\t\t<a class=\"elementor-button elementor-button-link elementor-size-sm\" href=\"tel:+41%2076%20774%2096%2087\">\n\t\t\t\t\t\t<span class=\"elementor-button-content-wrapper\">\n\t\t\t\t\t\t\t\t\t<span class=\"elementor-button-text\">Schedule a consultation today!<\/span>\n\t\t\t\t\t<\/span>\n\t\t\t\t\t<\/a>\n\t\t\t\t<\/div>\n\t\t\t\t\t\t\t\t<\/div>\n\t\t\t\t<\/div>\n\t\t\t\t\t<\/div>\n\t\t<\/div>\n\t\t\t\t\t<\/div>\n\t\t<\/section>\n\t\t\t\t<\/div>\n\t\t","protected":false},"excerpt":{"rendered":"<p>Chirurgia Da Sei Pacchetti Six Pack Surgery in Italia per un aspetto addominale tonico e definito Per uomini e donne che desiderano un aspetto pi\u00f9 atletico e aggiungere definizione alla loro zona di pancia, un trattamento di incisione addominale da sei confezioni \u00e8 l&#8217;ideale. Alla Sublime Clinic, crediamo che tutti meritino di sentirsi sicuri e [&hellip;]<\/p>\n","protected":false},"author":2,"featured_media":0,"parent":0,"menu_order":0,"comment_status":"closed","ping_status":"closed","template":"","meta":{"footnotes":""},"class_list":["post-40329","page","type-page","status-publish","hentry"],"yoast_head":"<!-- This site is optimized with the Yoast SEO plugin v27.4 - https:\/\/yoast.com\/product\/yoast-seo-wordpress\/ -->\n<title>Six Pack Surgery a Istanbul, Turchia, Svizzera, Qatar, Francia<\/title>\n<meta name=\"description\" content=\"Ottieni il tuo Six Pack Surgery fatto a Istanbul, Turchia, Svizzera, Qatar, Francia, Germania, Spagna dalla pi\u00f9 conveniente Sublime Specialist Clinic. Contattaci per info.\" \/>\n<meta name=\"robots\" content=\"index, follow, max-snippet:-1, max-image-preview:large, max-video-preview:-1\" \/>\n<link rel=\"canonical\" href=\"https:\/\/sublime-clinic.ch\/it\/chirurgia-da-sei-pacchetti\/\" \/>\n<meta property=\"og:locale\" content=\"it_IT\" \/>\n<meta property=\"og:type\" content=\"article\" \/>\n<meta property=\"og:title\" content=\"Six Pack Surgery a Istanbul, Turchia, Svizzera, Qatar, Francia\" \/>\n<meta property=\"og:description\" content=\"Ottieni il tuo Six Pack Surgery fatto a Istanbul, Turchia, Svizzera, Qatar, Francia, Germania, Spagna dalla pi\u00f9 conveniente Sublime Specialist Clinic. Contattaci per info.\" \/>\n<meta property=\"og:url\" content=\"https:\/\/sublime-clinic.ch\/it\/chirurgia-da-sei-pacchetti\/\" \/>\n<meta property=\"og:site_name\" content=\"Sublime\" \/>\n<meta property=\"article:modified_time\" content=\"2026-02-05T10:07:48+00:00\" \/>\n<meta property=\"og:image\" content=\"https:\/\/sublime-clinic.ch\/wp-content\/uploads\/2023\/06\/Six-Pack-1.jpg\" \/>\n\t<meta property=\"og:image:width\" content=\"500\" \/>\n\t<meta property=\"og:image:height\" content=\"334\" \/>\n\t<meta property=\"og:image:type\" content=\"image\/jpeg\" \/>\n<meta name=\"twitter:card\" content=\"summary_large_image\" \/>\n<meta name=\"twitter:label1\" content=\"Tempo di lettura stimato\" \/>\n\t<meta name=\"twitter:data1\" content=\"3 minuti\" \/>\n<script type=\"application\/ld+json\" class=\"yoast-schema-graph\">{\"@context\":\"https:\\\/\\\/schema.org\",\"@graph\":[{\"@type\":\"WebPage\",\"@id\":\"https:\\\/\\\/sublime-clinic.ch\\\/it\\\/chirurgia-da-sei-pacchetti\\\/\",\"url\":\"https:\\\/\\\/sublime-clinic.ch\\\/it\\\/chirurgia-da-sei-pacchetti\\\/\",\"name\":\"Six Pack Surgery a Istanbul, Turchia, Svizzera, Qatar, Francia\",\"isPartOf\":{\"@id\":\"https:\\\/\\\/sublime-clinic.ch\\\/it\\\/#website\"},\"primaryImageOfPage\":{\"@id\":\"https:\\\/\\\/sublime-clinic.ch\\\/it\\\/chirurgia-da-sei-pacchetti\\\/#primaryimage\"},\"image\":{\"@id\":\"https:\\\/\\\/sublime-clinic.ch\\\/it\\\/chirurgia-da-sei-pacchetti\\\/#primaryimage\"},\"thumbnailUrl\":\"https:\\\/\\\/sublime-clinic.ch\\\/wp-content\\\/uploads\\\/2023\\\/06\\\/Six-Pack-1.jpg\",\"datePublished\":\"2023-06-02T10:19:52+00:00\",\"dateModified\":\"2026-02-05T10:07:48+00:00\",\"description\":\"Ottieni il tuo Six Pack Surgery fatto a Istanbul, Turchia, Svizzera, Qatar, Francia, Germania, Spagna dalla pi\u00f9 conveniente Sublime Specialist Clinic. Contattaci per info.\",\"breadcrumb\":{\"@id\":\"https:\\\/\\\/sublime-clinic.ch\\\/it\\\/chirurgia-da-sei-pacchetti\\\/#breadcrumb\"},\"inLanguage\":\"it-IT\",\"potentialAction\":[{\"@type\":\"ReadAction\",\"target\":[\"https:\\\/\\\/sublime-clinic.ch\\\/it\\\/chirurgia-da-sei-pacchetti\\\/\"]}]},{\"@type\":\"ImageObject\",\"inLanguage\":\"it-IT\",\"@id\":\"https:\\\/\\\/sublime-clinic.ch\\\/it\\\/chirurgia-da-sei-pacchetti\\\/#primaryimage\",\"url\":\"https:\\\/\\\/sublime-clinic.ch\\\/wp-content\\\/uploads\\\/2023\\\/06\\\/Six-Pack-1.jpg\",\"contentUrl\":\"https:\\\/\\\/sublime-clinic.ch\\\/wp-content\\\/uploads\\\/2023\\\/06\\\/Six-Pack-1.jpg\"},{\"@type\":\"BreadcrumbList\",\"@id\":\"https:\\\/\\\/sublime-clinic.ch\\\/it\\\/chirurgia-da-sei-pacchetti\\\/#breadcrumb\",\"itemListElement\":[{\"@type\":\"ListItem\",\"position\":1,\"name\":\"Home\",\"item\":\"https:\\\/\\\/sublime-clinic.ch\\\/it\\\/\"},{\"@type\":\"ListItem\",\"position\":2,\"name\":\"Chirurgia Da Sei Pacchetti\"}]},{\"@type\":\"WebSite\",\"@id\":\"https:\\\/\\\/sublime-clinic.ch\\\/it\\\/#website\",\"url\":\"https:\\\/\\\/sublime-clinic.ch\\\/it\\\/\",\"name\":\"Sublime\",\"description\":\"Specialist Clinic\",\"publisher\":{\"@id\":\"https:\\\/\\\/sublime-clinic.ch\\\/it\\\/#organization\"},\"potentialAction\":[{\"@type\":\"SearchAction\",\"target\":{\"@type\":\"EntryPoint\",\"urlTemplate\":\"https:\\\/\\\/sublime-clinic.ch\\\/it\\\/?s={search_term_string}\"},\"query-input\":{\"@type\":\"PropertyValueSpecification\",\"valueRequired\":true,\"valueName\":\"search_term_string\"}}],\"inLanguage\":\"it-IT\"},{\"@type\":\"Organization\",\"@id\":\"https:\\\/\\\/sublime-clinic.ch\\\/it\\\/#organization\",\"name\":\"Sublime Clinic\",\"url\":\"https:\\\/\\\/sublime-clinic.ch\\\/it\\\/\",\"logo\":{\"@type\":\"ImageObject\",\"inLanguage\":\"it-IT\",\"@id\":\"https:\\\/\\\/sublime-clinic.ch\\\/it\\\/#\\\/schema\\\/logo\\\/image\\\/\",\"url\":\"https:\\\/\\\/sublime-clinic.ch\\\/wp-content\\\/uploads\\\/2022\\\/06\\\/logo-sublime-clinic.png\",\"contentUrl\":\"https:\\\/\\\/sublime-clinic.ch\\\/wp-content\\\/uploads\\\/2022\\\/06\\\/logo-sublime-clinic.png\",\"width\":900,\"height\":794,\"caption\":\"Sublime Clinic\"},\"image\":{\"@id\":\"https:\\\/\\\/sublime-clinic.ch\\\/it\\\/#\\\/schema\\\/logo\\\/image\\\/\"}}]}<\/script>\n<!-- \/ Yoast SEO plugin. -->","yoast_head_json":{"title":"Six Pack Surgery a Istanbul, Turchia, Svizzera, Qatar, Francia","description":"Ottieni il tuo Six Pack Surgery fatto a Istanbul, Turchia, Svizzera, Qatar, Francia, Germania, Spagna dalla pi\u00f9 conveniente Sublime Specialist Clinic. Contattaci per info.","robots":{"index":"index","follow":"follow","max-snippet":"max-snippet:-1","max-image-preview":"max-image-preview:large","max-video-preview":"max-video-preview:-1"},"canonical":"https:\/\/sublime-clinic.ch\/it\/chirurgia-da-sei-pacchetti\/","og_locale":"it_IT","og_type":"article","og_title":"Six Pack Surgery a Istanbul, Turchia, Svizzera, Qatar, Francia","og_description":"Ottieni il tuo Six Pack Surgery fatto a Istanbul, Turchia, Svizzera, Qatar, Francia, Germania, Spagna dalla pi\u00f9 conveniente Sublime Specialist Clinic. Contattaci per info.","og_url":"https:\/\/sublime-clinic.ch\/it\/chirurgia-da-sei-pacchetti\/","og_site_name":"Sublime","article_modified_time":"2026-02-05T10:07:48+00:00","og_image":[{"width":500,"height":334,"url":"https:\/\/sublime-clinic.ch\/wp-content\/uploads\/2023\/06\/Six-Pack-1.jpg","type":"image\/jpeg"}],"twitter_card":"summary_large_image","twitter_misc":{"Tempo di lettura stimato":"3 minuti"},"schema":{"@context":"https:\/\/schema.org","@graph":[{"@type":"WebPage","@id":"https:\/\/sublime-clinic.ch\/it\/chirurgia-da-sei-pacchetti\/","url":"https:\/\/sublime-clinic.ch\/it\/chirurgia-da-sei-pacchetti\/","name":"Six Pack Surgery a Istanbul, Turchia, Svizzera, Qatar, Francia","isPartOf":{"@id":"https:\/\/sublime-clinic.ch\/it\/#website"},"primaryImageOfPage":{"@id":"https:\/\/sublime-clinic.ch\/it\/chirurgia-da-sei-pacchetti\/#primaryimage"},"image":{"@id":"https:\/\/sublime-clinic.ch\/it\/chirurgia-da-sei-pacchetti\/#primaryimage"},"thumbnailUrl":"https:\/\/sublime-clinic.ch\/wp-content\/uploads\/2023\/06\/Six-Pack-1.jpg","datePublished":"2023-06-02T10:19:52+00:00","dateModified":"2026-02-05T10:07:48+00:00","description":"Ottieni il tuo Six Pack Surgery fatto a Istanbul, Turchia, Svizzera, Qatar, Francia, Germania, Spagna dalla pi\u00f9 conveniente Sublime Specialist Clinic. Contattaci per info.","breadcrumb":{"@id":"https:\/\/sublime-clinic.ch\/it\/chirurgia-da-sei-pacchetti\/#breadcrumb"},"inLanguage":"it-IT","potentialAction":[{"@type":"ReadAction","target":["https:\/\/sublime-clinic.ch\/it\/chirurgia-da-sei-pacchetti\/"]}]},{"@type":"ImageObject","inLanguage":"it-IT","@id":"https:\/\/sublime-clinic.ch\/it\/chirurgia-da-sei-pacchetti\/#primaryimage","url":"https:\/\/sublime-clinic.ch\/wp-content\/uploads\/2023\/06\/Six-Pack-1.jpg","contentUrl":"https:\/\/sublime-clinic.ch\/wp-content\/uploads\/2023\/06\/Six-Pack-1.jpg"},{"@type":"BreadcrumbList","@id":"https:\/\/sublime-clinic.ch\/it\/chirurgia-da-sei-pacchetti\/#breadcrumb","itemListElement":[{"@type":"ListItem","position":1,"name":"Home","item":"https:\/\/sublime-clinic.ch\/it\/"},{"@type":"ListItem","position":2,"name":"Chirurgia Da Sei Pacchetti"}]},{"@type":"WebSite","@id":"https:\/\/sublime-clinic.ch\/it\/#website","url":"https:\/\/sublime-clinic.ch\/it\/","name":"Sublime","description":"Specialist Clinic","publisher":{"@id":"https:\/\/sublime-clinic.ch\/it\/#organization"},"potentialAction":[{"@type":"SearchAction","target":{"@type":"EntryPoint","urlTemplate":"https:\/\/sublime-clinic.ch\/it\/?s={search_term_string}"},"query-input":{"@type":"PropertyValueSpecification","valueRequired":true,"valueName":"search_term_string"}}],"inLanguage":"it-IT"},{"@type":"Organization","@id":"https:\/\/sublime-clinic.ch\/it\/#organization","name":"Sublime Clinic","url":"https:\/\/sublime-clinic.ch\/it\/","logo":{"@type":"ImageObject","inLanguage":"it-IT","@id":"https:\/\/sublime-clinic.ch\/it\/#\/schema\/logo\/image\/","url":"https:\/\/sublime-clinic.ch\/wp-content\/uploads\/2022\/06\/logo-sublime-clinic.png","contentUrl":"https:\/\/sublime-clinic.ch\/wp-content\/uploads\/2022\/06\/logo-sublime-clinic.png","width":900,"height":794,"caption":"Sublime Clinic"},"image":{"@id":"https:\/\/sublime-clinic.ch\/it\/#\/schema\/logo\/image\/"}}]}},"_links":{"self":[{"href":"https:\/\/sublime-clinic.ch\/it\/wp-json\/wp\/v2\/pages\/40329","targetHints":{"allow":["GET"]}}],"collection":[{"href":"https:\/\/sublime-clinic.ch\/it\/wp-json\/wp\/v2\/pages"}],"about":[{"href":"https:\/\/sublime-clinic.ch\/it\/wp-json\/wp\/v2\/types\/page"}],"author":[{"embeddable":true,"href":"https:\/\/sublime-clinic.ch\/it\/wp-json\/wp\/v2\/users\/2"}],"replies":[{"embeddable":true,"href":"https:\/\/sublime-clinic.ch\/it\/wp-json\/wp\/v2\/comments?post=40329"}],"version-history":[{"count":5,"href":"https:\/\/sublime-clinic.ch\/it\/wp-json\/wp\/v2\/pages\/40329\/revisions"}],"predecessor-version":[{"id":44426,"href":"https:\/\/sublime-clinic.ch\/it\/wp-json\/wp\/v2\/pages\/40329\/revisions\/44426"}],"wp:attachment":[{"href":"https:\/\/sublime-clinic.ch\/it\/wp-json\/wp\/v2\/media?parent=40329"}],"curies":[{"name":"wp","href":"https:\/\/api.w.org\/{rel}","templated":true}]}}