{"id":41346,"date":"2023-08-07T14:55:35","date_gmt":"2023-08-07T12:55:35","guid":{"rendered":"https:\/\/sublime-clinic.ch\/?page_id=41346"},"modified":"2023-08-08T14:26:16","modified_gmt":"2023-08-08T12:26:16","slug":"donne-trapianto-di-capelli","status":"publish","type":"page","link":"https:\/\/sublime-clinic.ch\/it\/donne-trapianto-di-capelli\/","title":{"rendered":"Trapianto di capelli per le donne"},"content":{"rendered":"\t\t<div data-elementor-type=\"wp-page\" data-elementor-id=\"41346\" class=\"elementor elementor-41346 elementor-41341\" data-elementor-post-type=\"page\">\n\t\t\t\t\t\t<section class=\"elementor-section elementor-top-section elementor-element elementor-element-4827bb20 elementor-section-height-min-height elementor-section-boxed elementor-section-height-default elementor-section-items-middle\" data-id=\"4827bb20\" data-element_type=\"section\" data-e-type=\"section\" data-settings=\"{&quot;background_background&quot;:&quot;slideshow&quot;,&quot;background_slideshow_gallery&quot;:[{&quot;id&quot;:41348,&quot;url&quot;:&quot;https:\\\/\\\/sublime-clinic.ch\\\/wp-content\\\/uploads\\\/2023\\\/08\\\/high-angle-patient-getting-prp-injection-alopecia-1-scaled.jpg&quot;},{&quot;id&quot;:41354,&quot;url&quot;:&quot;https:\\\/\\\/sublime-clinic.ch\\\/wp-content\\\/uploads\\\/2023\\\/08\\\/high-angle-patient-getting-prp-injection-alopecia-1-1-scaled.jpg&quot;}],&quot;background_slideshow_lazyload&quot;:&quot;yes&quot;,&quot;background_slideshow_ken_burns&quot;:&quot;yes&quot;,&quot;background_slideshow_loop&quot;:&quot;yes&quot;,&quot;background_slideshow_slide_duration&quot;:5000,&quot;background_slideshow_slide_transition&quot;:&quot;fade&quot;,&quot;background_slideshow_transition_duration&quot;:500,&quot;background_slideshow_ken_burns_zoom_direction&quot;:&quot;in&quot;}\">\n\t\t\t\t\t\t\t<div class=\"elementor-background-overlay\"><\/div>\n\t\t\t\t\t\t\t<div class=\"elementor-container elementor-column-gap-default\">\n\t\t\t\t\t<div class=\"elementor-column elementor-col-100 elementor-top-column elementor-element elementor-element-262e482c\" data-id=\"262e482c\" data-element_type=\"column\" data-e-type=\"column\">\n\t\t\t<div class=\"elementor-widget-wrap elementor-element-populated\">\n\t\t\t\t\t\t<div class=\"elementor-element elementor-element-3c7a80d8 elementor-widget elementor-widget-heading\" data-id=\"3c7a80d8\" data-element_type=\"widget\" data-e-type=\"widget\" data-widget_type=\"heading.default\">\n\t\t\t\t<div class=\"elementor-widget-container\">\n\t\t\t\t\t<h2 class=\"elementor-heading-title elementor-size-default\">Trapianto di capelli per le donne<\/h2>\t\t\t\t<\/div>\n\t\t\t\t<\/div>\n\t\t\t\t<div class=\"elementor-element elementor-element-13074c1b elementor-widget elementor-widget-text-editor\" data-id=\"13074c1b\" data-element_type=\"widget\" data-e-type=\"widget\" data-widget_type=\"text-editor.default\">\n\t\t\t\t<div class=\"elementor-widget-container\">\n\t\t\t\t\t\t\t\t\t<p>Sublime Specialist Clinic, in collaborazione con le migliori cliniche di Istanbul, in Turchia, offre procedure avanzate di trapianto di capelli per le donne. Le nostre procedure garantiscono risultati naturali senza cicatrici visibili. Riacquista fiducia con la nostra procedura di trapianto di capelli per le donne.<\/p>\t\t\t\t\t\t\t\t<\/div>\n\t\t\t\t<\/div>\n\t\t\t\t<div class=\"elementor-element elementor-element-48340207 animated-slow elementor-align-center elementor-invisible elementor-widget elementor-widget-lottie\" data-id=\"48340207\" data-element_type=\"widget\" data-e-type=\"widget\" data-settings=\"{&quot;source&quot;:&quot;external_url&quot;,&quot;source_external_url&quot;:{&quot;url&quot;:&quot;https:\\\/\\\/assets9.lottiefiles.com\\\/private_files\\\/lf30_ul7SjW.json&quot;,&quot;is_external&quot;:&quot;&quot;,&quot;nofollow&quot;:&quot;&quot;,&quot;custom_attributes&quot;:&quot;&quot;},&quot;link_to&quot;:&quot;custom&quot;,&quot;loop&quot;:&quot;yes&quot;,&quot;play_speed&quot;:{&quot;unit&quot;:&quot;px&quot;,&quot;size&quot;:0.8,&quot;sizes&quot;:[]},&quot;_animation&quot;:&quot;fadeInDown&quot;,&quot;_animation_delay&quot;:500,&quot;custom_link&quot;:{&quot;url&quot;:&quot;#jump&quot;,&quot;is_external&quot;:&quot;&quot;,&quot;nofollow&quot;:&quot;&quot;,&quot;custom_attributes&quot;:&quot;&quot;},&quot;trigger&quot;:&quot;arriving_to_viewport&quot;,&quot;viewport&quot;:{&quot;unit&quot;:&quot;%&quot;,&quot;size&quot;:&quot;&quot;,&quot;sizes&quot;:{&quot;start&quot;:0,&quot;end&quot;:100}},&quot;start_point&quot;:{&quot;unit&quot;:&quot;%&quot;,&quot;size&quot;:0,&quot;sizes&quot;:[]},&quot;end_point&quot;:{&quot;unit&quot;:&quot;%&quot;,&quot;size&quot;:100,&quot;sizes&quot;:[]},&quot;renderer&quot;:&quot;svg&quot;}\" data-widget_type=\"lottie.default\">\n\t\t\t\t<div class=\"elementor-widget-container\">\n\t\t\t\t\t<a class=\"e-lottie__container__link\" href=\"#jump\"><div class=\"e-lottie__container\"><div class=\"e-lottie__animation\"><\/div><\/div><\/a>\t\t\t\t<\/div>\n\t\t\t\t<\/div>\n\t\t\t\t\t<\/div>\n\t\t<\/div>\n\t\t\t\t\t<\/div>\n\t\t<\/section>\n\t\t\t\t<section class=\"elementor-section elementor-top-section elementor-element elementor-element-72890b20 elementor-reverse-tablet elementor-reverse-mobile elementor-section-boxed elementor-section-height-default elementor-section-height-default\" data-id=\"72890b20\" data-element_type=\"section\" data-e-type=\"section\" id=\"jump\">\n\t\t\t\t\t\t<div class=\"elementor-container elementor-column-gap-default\">\n\t\t\t\t\t<div class=\"elementor-column elementor-col-50 elementor-top-column elementor-element elementor-element-5e96f15e\" data-id=\"5e96f15e\" data-element_type=\"column\" data-e-type=\"column\">\n\t\t\t<div class=\"elementor-widget-wrap elementor-element-populated\">\n\t\t\t\t\t\t<div class=\"elementor-element elementor-element-1e263f55 elementor-widget elementor-widget-image\" data-id=\"1e263f55\" data-element_type=\"widget\" data-e-type=\"widget\" data-widget_type=\"image.default\">\n\t\t\t\t<div class=\"elementor-widget-container\">\n\t\t\t\t\t\t\t\t\t\t\t\t\t\t\t<img fetchpriority=\"high\" decoding=\"async\" width=\"2560\" height=\"1707\" src=\"https:\/\/sublime-clinic.ch\/wp-content\/uploads\/2023\/08\/woman-getting-hair-loss-treatment-clinic-1-scaled.jpg\" class=\"elementor-animation-float attachment-full size-full wp-image-41364\" alt=\"\" srcset=\"https:\/\/sublime-clinic.ch\/wp-content\/uploads\/2023\/08\/woman-getting-hair-loss-treatment-clinic-1-scaled.jpg 2560w, https:\/\/sublime-clinic.ch\/wp-content\/uploads\/2023\/08\/woman-getting-hair-loss-treatment-clinic-1-300x200.jpg 300w, https:\/\/sublime-clinic.ch\/wp-content\/uploads\/2023\/08\/woman-getting-hair-loss-treatment-clinic-1-1024x683.jpg 1024w, https:\/\/sublime-clinic.ch\/wp-content\/uploads\/2023\/08\/woman-getting-hair-loss-treatment-clinic-1-768x512.jpg 768w, https:\/\/sublime-clinic.ch\/wp-content\/uploads\/2023\/08\/woman-getting-hair-loss-treatment-clinic-1-1536x1024.jpg 1536w, https:\/\/sublime-clinic.ch\/wp-content\/uploads\/2023\/08\/woman-getting-hair-loss-treatment-clinic-1-2048x1365.jpg 2048w\" sizes=\"(max-width: 2560px) 100vw, 2560px\" \/>\t\t\t\t\t\t\t\t\t\t\t\t\t\t\t<\/div>\n\t\t\t\t<\/div>\n\t\t\t\t\t<\/div>\n\t\t<\/div>\n\t\t\t\t<div class=\"elementor-column elementor-col-50 elementor-top-column elementor-element elementor-element-521bc3b5\" data-id=\"521bc3b5\" data-element_type=\"column\" data-e-type=\"column\">\n\t\t\t<div class=\"elementor-widget-wrap elementor-element-populated\">\n\t\t\t\t\t\t<div class=\"elementor-element elementor-element-23534b91 elementor-widget__width-auto elementor-widget elementor-widget-heading\" data-id=\"23534b91\" data-element_type=\"widget\" data-e-type=\"widget\" data-widget_type=\"heading.default\">\n\t\t\t\t<div class=\"elementor-widget-container\">\n\t\t\t\t\t<h2 class=\"elementor-heading-title elementor-size-default\">Perch\u00e9 scegliere la clinica specialistica Sublime per il trapianto di capelli per le donne?<\/h2>\t\t\t\t<\/div>\n\t\t\t\t<\/div>\n\t\t\t\t<div class=\"elementor-element elementor-element-11abd777 elementor-widget elementor-widget-text-editor\" data-id=\"11abd777\" data-element_type=\"widget\" data-e-type=\"widget\" data-widget_type=\"text-editor.default\">\n\t\t\t\t<div class=\"elementor-widget-container\">\n\t\t\t\t\t\t\t\t\t<p>Sublime Specialist Clinic \u00e8 dedicata ad aiutare le donne a ritrovare la loro bellezza naturale attraverso tecniche avanzate di trapianto di capelli. Comprendiamo che la caduta dei capelli pu\u00f2 essere dolorosa e quindi offriamo soluzioni specialistiche per affrontare questo problema.<br \/>La Turchia \u00e8 una delle destinazioni preferite per i trapianti di capelli per le donne. Sublime Specialist Clinic ha una solida reputazione nel fornire servizi di altissima qualit\u00e0 con una comprovata esperienza.<br \/>Il nostro team dedicato assiste i pazienti internazionali durante tutto il trattamento, dalla consultazione iniziale all&#8217;assistenza post-operatoria. Ci sforziamo di offrirti un&#8217;esperienza senza problemi durante il trapianto di capelli a Istanbul, in Turchia.<br \/>I nostri esperti comprendono l&#8217;importanza di capelli dall&#8217;aspetto naturale che completano la struttura del viso. Per questo offriamo un approccio al trapianto su misura garantendo un aspetto naturale ed equilibrato.<\/p>\t\t\t\t\t\t\t\t<\/div>\n\t\t\t\t<\/div>\n\t\t\t\t<div class=\"elementor-element elementor-element-793337bf elementor-widget elementor-widget-button\" data-id=\"793337bf\" data-element_type=\"widget\" data-e-type=\"widget\" data-widget_type=\"button.default\">\n\t\t\t\t<div class=\"elementor-widget-container\">\n\t\t\t\t\t\t\t\t\t<div class=\"elementor-button-wrapper\">\n\t\t\t\t\t<a class=\"elementor-button elementor-button-link elementor-size-sm\" href=\"tel:0041791518681\">\n\t\t\t\t\t\t<span class=\"elementor-button-content-wrapper\">\n\t\t\t\t\t\t\t\t\t<span class=\"elementor-button-text\">Contattaci per prenotare<\/span>\n\t\t\t\t\t<\/span>\n\t\t\t\t\t<\/a>\n\t\t\t\t<\/div>\n\t\t\t\t\t\t\t\t<\/div>\n\t\t\t\t<\/div>\n\t\t\t\t\t<\/div>\n\t\t<\/div>\n\t\t\t\t\t<\/div>\n\t\t<\/section>\n\t\t\t\t<section class=\"elementor-section elementor-top-section elementor-element elementor-element-42d67a37 elementor-section-boxed elementor-section-height-default elementor-section-height-default\" data-id=\"42d67a37\" data-element_type=\"section\" data-e-type=\"section\" data-settings=\"{&quot;background_background&quot;:&quot;classic&quot;}\">\n\t\t\t\t\t\t<div class=\"elementor-container elementor-column-gap-default\">\n\t\t\t\t\t<div class=\"elementor-column elementor-col-100 elementor-top-column elementor-element elementor-element-317a401f\" data-id=\"317a401f\" data-element_type=\"column\" data-e-type=\"column\">\n\t\t\t<div class=\"elementor-widget-wrap elementor-element-populated\">\n\t\t\t\t\t\t<div class=\"elementor-element elementor-element-5cbd9197 elementor-widget__width-auto elementor-widget elementor-widget-heading\" data-id=\"5cbd9197\" data-element_type=\"widget\" data-e-type=\"widget\" data-widget_type=\"heading.default\">\n\t\t\t\t<div class=\"elementor-widget-container\">\n\t\t\t\t\t<h2 class=\"elementor-heading-title elementor-size-default\">Come funziona il trapianto di capelli per le donne con Sublime Specialty Clinic?<\/h2>\t\t\t\t<\/div>\n\t\t\t\t<\/div>\n\t\t\t\t<div class=\"elementor-element elementor-element-18b773dc elementor-widget elementor-widget-text-editor\" data-id=\"18b773dc\" data-element_type=\"widget\" data-e-type=\"widget\" data-widget_type=\"text-editor.default\">\n\t\t\t\t<div class=\"elementor-widget-container\">\n\t\t\t\t\t\t\t\t\t<p>La caduta dei capelli pu\u00f2 colpire chiunque; circa il 50% delle donne ne soffre durante la vita in molte forme come perdita di pelo, diradamento e chiazze calve. Lo stress, l&#8217;alopecia areata e la sindrome dell&#8217;ovaio policistico sono le cause pi\u00f9 comuni di caduta dei capelli nelle donne. Oltre a questo, l&#8217;invecchiamento, le acconciature e la dieta possono contribuire alla caduta dei capelli.<\/p><p>I nostri esperti valuteranno la tua perdita di capelli e la tua storia medica durante la consultazione per consigliarti la procedura pi\u00f9 appropriata. FUE e DHI sono le procedure pi\u00f9 comuni in cui i follicoli piliferi vengono trapiantati dalle aree donatrici alle aree interessate. Entrambe le procedure sono minimamente invasive e non lasciano cicatrici per fornire risultati dall&#8217;aspetto naturale.<\/p><p>Con un posizionamento preciso del follicolo, garantiamo una maggiore densit\u00e0 dei capelli e un aspetto pi\u00f9 pieno. La natura minimamente invasiva della nostra procedura significa disagio minimo e un periodo di recupero pi\u00f9 breve.<\/p><p>Per garantire un processo di recupero regolare, forniamo un&#8217;assistenza post-operatoria completa. I nostri specialisti saranno felici di rispondere alle tue preoccupazioni e monitorare i tuoi progressi dopo la procedura.<\/p>\t\t\t\t\t\t\t\t<\/div>\n\t\t\t\t<\/div>\n\t\t\t\t<div class=\"elementor-element elementor-element-2a6a6f5 elementor-widget__width-auto elementor-widget elementor-widget-heading\" data-id=\"2a6a6f5\" data-element_type=\"widget\" data-e-type=\"widget\" data-widget_type=\"heading.default\">\n\t\t\t\t<div class=\"elementor-widget-container\">\n\t\t\t\t\t<h2 class=\"elementor-heading-title elementor-size-default\">Intraprendi il viaggio per riconquistare la tua fiducia<\/h2>\t\t\t\t<\/div>\n\t\t\t\t<\/div>\n\t\t\t\t<div class=\"elementor-element elementor-element-0c23267 elementor-widget elementor-widget-text-editor\" data-id=\"0c23267\" data-element_type=\"widget\" data-e-type=\"widget\" data-widget_type=\"text-editor.default\">\n\t\t\t\t<div class=\"elementor-widget-container\">\n\t\t\t\t\t\t\t\t\t<p>I modelli e le cause della caduta dei capelli differiscono tra uomini e donne. Il nostro team di esperti riconosce questa differenza per fornire le soluzioni di trapianto di capelli pi\u00f9 efficaci.<\/p><p>Le nostre procedure di trapianto di capelli per le donne rispondono alle loro esigenze e preoccupazioni uniche per fornire risultati naturali e duraturi. Con una meticolosa attenzione all&#8217;angolo, alla direzione e alla densit\u00e0 del follicolo, il nostro team aiuta a ottenere risultati coerenti.<\/p><p>Scopri la differenza delle procedure di trapianto di capelli di alta qualit\u00e0 per le donne a Istanbul, in Turchia, con Sublime Specialist Clinic e intraprendi il viaggio per riconquistare la tua fiducia.<\/p><p>Accogliamo anche clienti provenienti da Qatar, Francia, Germania e Spagna per la chirurgia del trapianto di capelli, fornendo loro un centro di trattamento VIP nella nostra clinica con sede a Istanbul, con pieno supporto per l&#8217;alloggio e il viaggio.<\/p>\t\t\t\t\t\t\t\t<\/div>\n\t\t\t\t<\/div>\n\t\t\t\t<div class=\"elementor-element elementor-element-7926381 elementor-align-center elementor-widget elementor-widget-button\" data-id=\"7926381\" data-element_type=\"widget\" data-e-type=\"widget\" data-widget_type=\"button.default\">\n\t\t\t\t<div class=\"elementor-widget-container\">\n\t\t\t\t\t\t\t\t\t<div class=\"elementor-button-wrapper\">\n\t\t\t\t\t<a class=\"elementor-button elementor-button-link elementor-size-sm\" href=\"tel:0041791518681\">\n\t\t\t\t\t\t<span class=\"elementor-button-content-wrapper\">\n\t\t\t\t\t\t\t\t\t<span class=\"elementor-button-text\">Prenota una consulenza oggi!<\/span>\n\t\t\t\t\t<\/span>\n\t\t\t\t\t<\/a>\n\t\t\t\t<\/div>\n\t\t\t\t\t\t\t\t<\/div>\n\t\t\t\t<\/div>\n\t\t\t\t\t<\/div>\n\t\t<\/div>\n\t\t\t\t\t<\/div>\n\t\t<\/section>\n\t\t\t\t<\/div>\n\t\t","protected":false},"excerpt":{"rendered":"<p>Trapianto di capelli per le donne Sublime Specialist Clinic, in collaborazione con le migliori cliniche di Istanbul, in Turchia, offre procedure avanzate di trapianto di capelli per le donne. Le nostre procedure garantiscono risultati naturali senza cicatrici visibili. Riacquista fiducia con la nostra procedura di trapianto di capelli per le donne. Perch\u00e9 scegliere la clinica [&hellip;]<\/p>\n","protected":false},"author":2,"featured_media":0,"parent":0,"menu_order":0,"comment_status":"closed","ping_status":"closed","template":"","meta":{"footnotes":""},"class_list":["post-41346","page","type-page","status-publish","hentry"],"yoast_head":"<!-- This site is optimized with the Yoast SEO plugin v27.5 - https:\/\/yoast.com\/product\/yoast-seo-wordpress\/ -->\n<title>Six Pack Surgery \u00e0 Istanbul, Turquie, Suisse, Qatar, France<\/title>\n<meta name=\"description\" content=\"Obtenez votre chirurgie Six Pack \u00e0 Istanbul, en Turquie, en Suisse, au Qatar, en France, en Allemagne, en Espagne par la clinique sp\u00e9cialis\u00e9e Sublime la plus abordable. Contactez-nous pour plus d\u2019informations.\" \/>\n<meta name=\"robots\" content=\"index, follow, max-snippet:-1, max-image-preview:large, max-video-preview:-1\" \/>\n<link rel=\"canonical\" href=\"https:\/\/sublime-clinic.ch\/it\/donne-trapianto-di-capelli\/\" \/>\n<meta property=\"og:locale\" content=\"it_IT\" \/>\n<meta property=\"og:type\" content=\"article\" \/>\n<meta property=\"og:title\" content=\"Six Pack Surgery \u00e0 Istanbul, Turquie, Suisse, Qatar, France\" \/>\n<meta property=\"og:description\" content=\"Obtenez votre chirurgie Six Pack \u00e0 Istanbul, en Turquie, en Suisse, au Qatar, en France, en Allemagne, en Espagne par la clinique sp\u00e9cialis\u00e9e Sublime la plus abordable. Contactez-nous pour plus d\u2019informations.\" \/>\n<meta property=\"og:url\" content=\"https:\/\/sublime-clinic.ch\/it\/donne-trapianto-di-capelli\/\" \/>\n<meta property=\"og:site_name\" content=\"Sublime\" \/>\n<meta property=\"article:modified_time\" content=\"2023-08-08T12:26:16+00:00\" \/>\n<meta property=\"og:image\" content=\"https:\/\/sublime-clinic.ch\/wp-content\/uploads\/2023\/08\/woman-getting-hair-loss-treatment-clinic-1-scaled.jpg\" \/>\n<meta name=\"twitter:card\" content=\"summary_large_image\" \/>\n<meta name=\"twitter:label1\" content=\"Tempo di lettura stimato\" \/>\n\t<meta name=\"twitter:data1\" content=\"3 minuti\" \/>\n<script type=\"application\/ld+json\" class=\"yoast-schema-graph\">{\"@context\":\"https:\\\/\\\/schema.org\",\"@graph\":[{\"@type\":\"WebPage\",\"@id\":\"https:\\\/\\\/sublime-clinic.ch\\\/it\\\/donne-trapianto-di-capelli\\\/\",\"url\":\"https:\\\/\\\/sublime-clinic.ch\\\/it\\\/donne-trapianto-di-capelli\\\/\",\"name\":\"Six Pack Surgery \u00e0 Istanbul, Turquie, Suisse, Qatar, France\",\"isPartOf\":{\"@id\":\"https:\\\/\\\/sublime-clinic.ch\\\/it\\\/#website\"},\"primaryImageOfPage\":{\"@id\":\"https:\\\/\\\/sublime-clinic.ch\\\/it\\\/donne-trapianto-di-capelli\\\/#primaryimage\"},\"image\":{\"@id\":\"https:\\\/\\\/sublime-clinic.ch\\\/it\\\/donne-trapianto-di-capelli\\\/#primaryimage\"},\"thumbnailUrl\":\"https:\\\/\\\/sublime-clinic.ch\\\/wp-content\\\/uploads\\\/2023\\\/08\\\/woman-getting-hair-loss-treatment-clinic-1-scaled.jpg\",\"datePublished\":\"2023-08-07T12:55:35+00:00\",\"dateModified\":\"2023-08-08T12:26:16+00:00\",\"description\":\"Obtenez votre chirurgie Six Pack \u00e0 Istanbul, en Turquie, en Suisse, au Qatar, en France, en Allemagne, en Espagne par la clinique sp\u00e9cialis\u00e9e Sublime la plus abordable. Contactez-nous pour plus d\u2019informations.\",\"breadcrumb\":{\"@id\":\"https:\\\/\\\/sublime-clinic.ch\\\/it\\\/donne-trapianto-di-capelli\\\/#breadcrumb\"},\"inLanguage\":\"it-IT\",\"potentialAction\":[{\"@type\":\"ReadAction\",\"target\":[\"https:\\\/\\\/sublime-clinic.ch\\\/it\\\/donne-trapianto-di-capelli\\\/\"]}]},{\"@type\":\"ImageObject\",\"inLanguage\":\"it-IT\",\"@id\":\"https:\\\/\\\/sublime-clinic.ch\\\/it\\\/donne-trapianto-di-capelli\\\/#primaryimage\",\"url\":\"https:\\\/\\\/sublime-clinic.ch\\\/wp-content\\\/uploads\\\/2023\\\/08\\\/woman-getting-hair-loss-treatment-clinic-1-scaled.jpg\",\"contentUrl\":\"https:\\\/\\\/sublime-clinic.ch\\\/wp-content\\\/uploads\\\/2023\\\/08\\\/woman-getting-hair-loss-treatment-clinic-1-scaled.jpg\"},{\"@type\":\"BreadcrumbList\",\"@id\":\"https:\\\/\\\/sublime-clinic.ch\\\/it\\\/donne-trapianto-di-capelli\\\/#breadcrumb\",\"itemListElement\":[{\"@type\":\"ListItem\",\"position\":1,\"name\":\"Home\",\"item\":\"https:\\\/\\\/sublime-clinic.ch\\\/it\\\/accoglienza\\\/\"},{\"@type\":\"ListItem\",\"position\":2,\"name\":\"Trapianto di capelli per le donne\"}]},{\"@type\":\"WebSite\",\"@id\":\"https:\\\/\\\/sublime-clinic.ch\\\/it\\\/#website\",\"url\":\"https:\\\/\\\/sublime-clinic.ch\\\/it\\\/\",\"name\":\"Sublime\",\"description\":\"Specialist Clinic\",\"publisher\":{\"@id\":\"https:\\\/\\\/sublime-clinic.ch\\\/it\\\/#organization\"},\"potentialAction\":[{\"@type\":\"SearchAction\",\"target\":{\"@type\":\"EntryPoint\",\"urlTemplate\":\"https:\\\/\\\/sublime-clinic.ch\\\/it\\\/?s={search_term_string}\"},\"query-input\":{\"@type\":\"PropertyValueSpecification\",\"valueRequired\":true,\"valueName\":\"search_term_string\"}}],\"inLanguage\":\"it-IT\"},{\"@type\":\"Organization\",\"@id\":\"https:\\\/\\\/sublime-clinic.ch\\\/it\\\/#organization\",\"name\":\"Sublime Clinic\",\"url\":\"https:\\\/\\\/sublime-clinic.ch\\\/it\\\/\",\"logo\":{\"@type\":\"ImageObject\",\"inLanguage\":\"it-IT\",\"@id\":\"https:\\\/\\\/sublime-clinic.ch\\\/it\\\/#\\\/schema\\\/logo\\\/image\\\/\",\"url\":\"https:\\\/\\\/sublime-clinic.ch\\\/wp-content\\\/uploads\\\/2022\\\/06\\\/logo-sublime-clinic.png\",\"contentUrl\":\"https:\\\/\\\/sublime-clinic.ch\\\/wp-content\\\/uploads\\\/2022\\\/06\\\/logo-sublime-clinic.png\",\"width\":900,\"height\":794,\"caption\":\"Sublime Clinic\"},\"image\":{\"@id\":\"https:\\\/\\\/sublime-clinic.ch\\\/it\\\/#\\\/schema\\\/logo\\\/image\\\/\"}}]}<\/script>\n<!-- \/ Yoast SEO plugin. -->","yoast_head_json":{"title":"Six Pack Surgery \u00e0 Istanbul, Turquie, Suisse, Qatar, France","description":"Obtenez votre chirurgie Six Pack \u00e0 Istanbul, en Turquie, en Suisse, au Qatar, en France, en Allemagne, en Espagne par la clinique sp\u00e9cialis\u00e9e Sublime la plus abordable. Contactez-nous pour plus d\u2019informations.","robots":{"index":"index","follow":"follow","max-snippet":"max-snippet:-1","max-image-preview":"max-image-preview:large","max-video-preview":"max-video-preview:-1"},"canonical":"https:\/\/sublime-clinic.ch\/it\/donne-trapianto-di-capelli\/","og_locale":"it_IT","og_type":"article","og_title":"Six Pack Surgery \u00e0 Istanbul, Turquie, Suisse, Qatar, France","og_description":"Obtenez votre chirurgie Six Pack \u00e0 Istanbul, en Turquie, en Suisse, au Qatar, en France, en Allemagne, en Espagne par la clinique sp\u00e9cialis\u00e9e Sublime la plus abordable. Contactez-nous pour plus d\u2019informations.","og_url":"https:\/\/sublime-clinic.ch\/it\/donne-trapianto-di-capelli\/","og_site_name":"Sublime","article_modified_time":"2023-08-08T12:26:16+00:00","og_image":[{"url":"https:\/\/sublime-clinic.ch\/wp-content\/uploads\/2023\/08\/woman-getting-hair-loss-treatment-clinic-1-scaled.jpg","type":"","width":"","height":""}],"twitter_card":"summary_large_image","twitter_misc":{"Tempo di lettura stimato":"3 minuti"},"schema":{"@context":"https:\/\/schema.org","@graph":[{"@type":"WebPage","@id":"https:\/\/sublime-clinic.ch\/it\/donne-trapianto-di-capelli\/","url":"https:\/\/sublime-clinic.ch\/it\/donne-trapianto-di-capelli\/","name":"Six Pack Surgery \u00e0 Istanbul, Turquie, Suisse, Qatar, France","isPartOf":{"@id":"https:\/\/sublime-clinic.ch\/it\/#website"},"primaryImageOfPage":{"@id":"https:\/\/sublime-clinic.ch\/it\/donne-trapianto-di-capelli\/#primaryimage"},"image":{"@id":"https:\/\/sublime-clinic.ch\/it\/donne-trapianto-di-capelli\/#primaryimage"},"thumbnailUrl":"https:\/\/sublime-clinic.ch\/wp-content\/uploads\/2023\/08\/woman-getting-hair-loss-treatment-clinic-1-scaled.jpg","datePublished":"2023-08-07T12:55:35+00:00","dateModified":"2023-08-08T12:26:16+00:00","description":"Obtenez votre chirurgie Six Pack \u00e0 Istanbul, en Turquie, en Suisse, au Qatar, en France, en Allemagne, en Espagne par la clinique sp\u00e9cialis\u00e9e Sublime la plus abordable. Contactez-nous pour plus d\u2019informations.","breadcrumb":{"@id":"https:\/\/sublime-clinic.ch\/it\/donne-trapianto-di-capelli\/#breadcrumb"},"inLanguage":"it-IT","potentialAction":[{"@type":"ReadAction","target":["https:\/\/sublime-clinic.ch\/it\/donne-trapianto-di-capelli\/"]}]},{"@type":"ImageObject","inLanguage":"it-IT","@id":"https:\/\/sublime-clinic.ch\/it\/donne-trapianto-di-capelli\/#primaryimage","url":"https:\/\/sublime-clinic.ch\/wp-content\/uploads\/2023\/08\/woman-getting-hair-loss-treatment-clinic-1-scaled.jpg","contentUrl":"https:\/\/sublime-clinic.ch\/wp-content\/uploads\/2023\/08\/woman-getting-hair-loss-treatment-clinic-1-scaled.jpg"},{"@type":"BreadcrumbList","@id":"https:\/\/sublime-clinic.ch\/it\/donne-trapianto-di-capelli\/#breadcrumb","itemListElement":[{"@type":"ListItem","position":1,"name":"Home","item":"https:\/\/sublime-clinic.ch\/it\/accoglienza\/"},{"@type":"ListItem","position":2,"name":"Trapianto di capelli per le donne"}]},{"@type":"WebSite","@id":"https:\/\/sublime-clinic.ch\/it\/#website","url":"https:\/\/sublime-clinic.ch\/it\/","name":"Sublime","description":"Specialist Clinic","publisher":{"@id":"https:\/\/sublime-clinic.ch\/it\/#organization"},"potentialAction":[{"@type":"SearchAction","target":{"@type":"EntryPoint","urlTemplate":"https:\/\/sublime-clinic.ch\/it\/?s={search_term_string}"},"query-input":{"@type":"PropertyValueSpecification","valueRequired":true,"valueName":"search_term_string"}}],"inLanguage":"it-IT"},{"@type":"Organization","@id":"https:\/\/sublime-clinic.ch\/it\/#organization","name":"Sublime Clinic","url":"https:\/\/sublime-clinic.ch\/it\/","logo":{"@type":"ImageObject","inLanguage":"it-IT","@id":"https:\/\/sublime-clinic.ch\/it\/#\/schema\/logo\/image\/","url":"https:\/\/sublime-clinic.ch\/wp-content\/uploads\/2022\/06\/logo-sublime-clinic.png","contentUrl":"https:\/\/sublime-clinic.ch\/wp-content\/uploads\/2022\/06\/logo-sublime-clinic.png","width":900,"height":794,"caption":"Sublime Clinic"},"image":{"@id":"https:\/\/sublime-clinic.ch\/it\/#\/schema\/logo\/image\/"}}]}},"_links":{"self":[{"href":"https:\/\/sublime-clinic.ch\/it\/wp-json\/wp\/v2\/pages\/41346","targetHints":{"allow":["GET"]}}],"collection":[{"href":"https:\/\/sublime-clinic.ch\/it\/wp-json\/wp\/v2\/pages"}],"about":[{"href":"https:\/\/sublime-clinic.ch\/it\/wp-json\/wp\/v2\/types\/page"}],"author":[{"embeddable":true,"href":"https:\/\/sublime-clinic.ch\/it\/wp-json\/wp\/v2\/users\/2"}],"replies":[{"embeddable":true,"href":"https:\/\/sublime-clinic.ch\/it\/wp-json\/wp\/v2\/comments?post=41346"}],"version-history":[{"count":5,"href":"https:\/\/sublime-clinic.ch\/it\/wp-json\/wp\/v2\/pages\/41346\/revisions"}],"predecessor-version":[{"id":41443,"href":"https:\/\/sublime-clinic.ch\/it\/wp-json\/wp\/v2\/pages\/41346\/revisions\/41443"}],"wp:attachment":[{"href":"https:\/\/sublime-clinic.ch\/it\/wp-json\/wp\/v2\/media?parent=41346"}],"curies":[{"name":"wp","href":"https:\/\/api.w.org\/{rel}","templated":true}]}}